{"id":11,"date":"2023-04-04T18:25:07","date_gmt":"2023-04-04T18:25:07","guid":{"rendered":"https:\/\/www.vintage-cycle-shop.com\/?page_id=11"},"modified":"2025-03-24T09:56:31","modified_gmt":"2025-03-24T09:56:31","slug":"expeditionen-ruckerstattungen","status":"publish","type":"page","link":"https:\/\/www.vintage-cycle-shop.com\/de\/expeditions-remboursements\/","title":{"rendered":"Versand und R\u00fcckerstattungen"},"content":{"rendered":"<p>RETOURS<br><br>\u2014-<br><br>Unsere Politik dauert 14 Tage. <strong>Wenn seit Ihrem Kauf 14 Tage vergangen sind, k\u00f6nnen wir Ihnen leider keine R\u00fcckerstattung oder einen Umtausch anbieten.<\/strong><br><br>Um eine R\u00fcckgabe in Anspruch nehmen zu k\u00f6nnen, muss Ihr <strong>Artikel muss unbenutzt sein <\/strong>und<strong> in demselben Zustand, in dem Sie es erhalten haben.<\/strong> Er muss auch in<strong> die Originalverpackung.<\/strong> <br><br>F\u00fcr eine R\u00fccksendung m\u00fcssen Sie uns eine Quittung oder einen Kaufnachweis vorlegen, <strong>die R\u00fccksendung der Artikel geht auf Ihre Kosten<\/strong> \u00e0 l\u2019adresse : <br><br><br><br>R\u00fcckerstattungen (falls zutreffend)<br><strong>Sobald wir den zur\u00fcckgesandten Artikel erhalten und gepr\u00fcft haben,<\/strong> schicken wir Ihnen eine E-Mail, um zu best\u00e4tigen, dass wir es erhalten haben. <strong>Wir werden Sie auch \u00fcber unsere Entscheidung informieren, ob Ihr Antrag auf Erstattung genehmigt oder abgelehnt wird.<\/strong><br>Wenn Ihr Antrag genehmigt wird, dann wird Ihre R\u00fcckerstattung bearbeitet und innerhalb einer bestimmten Anzahl von Tagen (ca. 5 Tage) wird automatisch eine Gutschrift auf Ihre Kreditkarte oder Ihre urspr\u00fcngliche Zahlungsmethode vorgenommen.<br><br>Versp\u00e4tete oder fehlende Erstattungen (falls zutreffend)<br>Wenn Sie Ihre R\u00fcckerstattung noch nicht erhalten haben, \u00fcberpr\u00fcfen Sie bitte zun\u00e4chst noch einmal Ihr Bankkonto.<br>Wenden Sie sich anschlie\u00dfend an den Aussteller Ihrer Kreditkarte, da es eine Verz\u00f6gerung geben kann, bevor Ihre R\u00fcckerstattung offiziell angezeigt wird.<br>Wenden Sie sich anschlie\u00dfend an Ihre Bank. Oft ist eine gewisse Bearbeitungszeit erforderlich, bevor eine R\u00fcckerstattung angezeigt wird.<br>Si apr\u00e8s avoir effectu\u00e9 toutes ces \u00e9tapes, vous n\u2019avez toujours pas re\u00e7u votre remboursement, veuillez s\u2019il vous plait nous contacter \u00e0\u00a0contact@vintage-cycle-shop.com<\/p>\n\n\n\n<p><a href=\"https:\/\/www.vintage-cycle-shop.com.\"><br><\/a><strong>Angebotene Artikel (falls zutreffend)<\/strong><br>Nur Artikel mit einem aktuellen Preis k\u00f6nnen erstattet werden. Geschenkte Artikel k\u00f6nnen leider nicht erstattet werden.<br><br><strong>\u00c9changes (le cas \u00e9ch\u00e9ant) sur une dur\u00e9e d\u2019un an<br><\/strong>Nous rempla\u00e7ons un article seulement s\u2019il est d\u00e9fectueux ou endommag\u00e9. Si dans ce cas vous souhaitez l\u2019\u00e9changer contre le m\u00eame article, envoyez-nous un e-mail \u00e0\u00a0contact@vintage-cycle-shop.com\u00a0et envoyez-nous votre article. Hors article Offert <br><br><strong>Versand<\/strong><br>Um ein Produkt zur\u00fcckzusenden, m\u00fcssen Sie es per Post schicken.<br><br><strong>Sie sind daf\u00fcr verantwortlich, die Versandkosten f\u00fcr die R\u00fccksendung Ihres Artikels selbst zu tragen. Die Versandkosten k\u00f6nnen nicht erstattet werden. Wenn Sie eine R\u00fcckerstattung erhalten, werden die Kosten f\u00fcr die R\u00fccksendung von der R\u00fcckerstattung abgezogen.<br><\/strong><br>Je nachdem, wo Sie leben, kann es unterschiedlich lange dauern, bis Sie Ihr umgetauschtes Produkt erhalten.<br><br>Wenn Sie einen Artikel mit einem Wert von \u00fcber \u20ac 50 versenden, sollten Sie in Erw\u00e4gung ziehen, einen Lieferdienst zu nutzen, bei dem Sie die Sendung verfolgen k\u00f6nnen, oder eine Lieferversicherung abzuschlie\u00dfen. Wir garantieren nicht, dass wir den Artikel, den Sie an uns zur\u00fccksenden, erhalten.<\/p>\n\n\n\n<p><\/p>\n\n\n\n<h3 class=\"wp-block-heading\">R\u00fcckerstattungsrichtlinie<\/h3>\n\n\n\n<h4 class=\"wp-block-heading\">Nicht-Ersetzung bei Verlust eines Pakets im Gr\u00fcnen Brief<\/h4>\n\n\n\n<p>Vintage Cycle Shop ne peut pas garantir le remplacement ou le remboursement des colis envoy\u00e9s par Lettre Verte en cas de perte. En raison des limitations inh\u00e9rentes \u00e0 ce service d\u2019exp\u00e9dition, qui ne propose ni suivi ni assurance, <strong>wir haften nicht f\u00fcr verirrte oder nicht zugestellte Pakete<\/strong>.<\/p>\n\n\n\n<p>Wir empfehlen unseren Kunden dringend, Folgendes zu w\u00e4hlen <strong>une option d\u2019exp\u00e9dition avec suivi  pour garantir une livraison s\u00e9curis\u00e9e de leurs commandes.<\/strong><\/p>","protected":false},"excerpt":{"rendered":"<p>RETOURS \u2014- Notre politique dure 14 jours. Si 14 jours se sont \u00e9coul\u00e9s depuis votre achat, nous ne pouvons malheureusement pas vous offrir un remboursement ou un \u00e9change. Pour pouvoir b\u00e9n\u00e9ficier d\u2019un retour, votre article doit \u00eatre inutilis\u00e9 et dans le m\u00eame \u00e9tat o\u00f9 vous l\u2019avez re\u00e7u. Il doit \u00eatre \u00e9galement dans l\u2019emballage d\u2019origine. Pour [&hellip;]<\/p>\n","protected":false},"author":1,"featured_media":0,"parent":0,"menu_order":0,"comment_status":"closed","ping_status":"closed","template":"","meta":{"footnotes":""},"class_list":["post-11","page","type-page","status-publish","hentry"],"jetpack_sharing_enabled":true,"_links":{"self":[{"href":"https:\/\/www.vintage-cycle-shop.com\/de\/wp-json\/wp\/v2\/pages\/11","targetHints":{"allow":["GET"]}}],"collection":[{"href":"https:\/\/www.vintage-cycle-shop.com\/de\/wp-json\/wp\/v2\/pages"}],"about":[{"href":"https:\/\/www.vintage-cycle-shop.com\/de\/wp-json\/wp\/v2\/types\/page"}],"author":[{"embeddable":true,"href":"https:\/\/www.vintage-cycle-shop.com\/de\/wp-json\/wp\/v2\/users\/1"}],"replies":[{"embeddable":true,"href":"https:\/\/www.vintage-cycle-shop.com\/de\/wp-json\/wp\/v2\/comments?post=11"}],"version-history":[{"count":10,"href":"https:\/\/www.vintage-cycle-shop.com\/de\/wp-json\/wp\/v2\/pages\/11\/revisions"}],"predecessor-version":[{"id":16091,"href":"https:\/\/www.vintage-cycle-shop.com\/de\/wp-json\/wp\/v2\/pages\/11\/revisions\/16091"}],"wp:attachment":[{"href":"https:\/\/www.vintage-cycle-shop.com\/de\/wp-json\/wp\/v2\/media?parent=11"}],"curies":[{"name":"wp","href":"https:\/\/api.w.org\/{rel}","templated":true}]}}