{"id":3,"date":"2023-03-28T14:27:16","date_gmt":"2023-03-28T14:27:16","guid":{"rendered":"https:\/\/www.vintage-cycle-shop.com\/?page_id=3"},"modified":"2025-03-03T15:13:45","modified_gmt":"2025-03-03T15:13:45","slug":"vertraulichkeit","status":"publish","type":"page","link":"https:\/\/www.vintage-cycle-shop.com\/de\/confidentialite\/","title":{"rendered":"Datenschutzrichtlinie"},"content":{"rendered":"<p>DATENSCHUTZERKL\u00c4RUNG<\/p>\n\n\n\n<p>\u2014-<\/p>\n\n\n\n<p>ARTIKEL 1 - GESAMMELTE PERS\u00d6NLICHE INFORMATIONEN<\/p>\n\n\n\n<p>Wenn Sie in unserem Shop einen Kauf t\u00e4tigen, erfassen wir im Rahmen unseres Kauf- und Verkaufsprozesses die pers\u00f6nlichen Daten, die Sie uns zur Verf\u00fcgung stellen, wie z. B. Ihren Namen, Ihre Adresse und Ihre E-Mail-Adresse.<\/p>\n\n\n\n<p>Wenn Sie in unserem Shop surfen, erhalten wir automatisch auch die Internetprotokoll-Adresse (IP-Adresse) Ihres Computers, die es uns erm\u00f6glicht, mehr Details \u00fcber den von Ihnen verwendeten Browser und das Betriebssystem zu erfahren.<\/p>\n\n\n\n<p>Marketing per E-Mail (falls zutreffend): Mit Ihrer Erlaubnis k\u00f6nnen wir Ihnen E-Mails \u00fcber unseren Shop, neue Produkte und andere Aktualisierungen senden.<\/p>\n\n\n\n<p>ARTICLE 2 \u2013 CONSENTEMENT<\/p>\n\n\n\n<p>Wie erhalten Sie meine Zustimmung?<\/p>\n\n\n\n<p>Wenn Sie uns Ihre pers\u00f6nlichen Daten zur Verf\u00fcgung stellen, um ein Gesch\u00e4ft abzuschlie\u00dfen, Ihre Kreditkarte zu \u00fcberpr\u00fcfen, eine Bestellung aufzugeben, eine Lieferung zu planen oder einen Kauf zur\u00fcckzugeben, gehen wir davon aus, dass Sie damit einverstanden sind, dass wir Ihre Daten sammeln und ausschlie\u00dflich zu diesem Zweck verwenden.<\/p>\n\n\n\n<p>Wenn wir Sie bitten, uns Ihre pers\u00f6nlichen Daten aus einem anderen Grund, z. B. zu Marketingzwecken, zur Verf\u00fcgung zu stellen, werden wir Sie direkt um Ihre ausdr\u00fcckliche Zustimmung bitten oder Ihnen die M\u00f6glichkeit geben, diese abzulehnen.<\/p>\n\n\n\n<p>Wie kann ich meine Zustimmung widerrufen?<\/p>\n\n\n\n<p>Si apr\u00e8s nous avoir donn\u00e9 votre consentement, vous changez d\u2019avis et ne consentez plus \u00e0 ce que nous puissions vous contacter, recueillir vos renseignements ou les divulguer, vous pouvez nous en aviser en nous contactant \u00e0 contact@vintage-cycle-shop.com<\/p>\n\n\n\n<p>ARTIKEL 3 - OFFENLEGUNG<\/p>\n\n\n\n<p>Wir k\u00f6nnen Ihre pers\u00f6nlichen Daten offenlegen, wenn wir gesetzlich dazu verpflichtet sind oder wenn Sie gegen unsere Allgemeinen Gesch\u00e4ftsbedingungen versto\u00dfen.<\/p>\n\n\n\n<p>ARTIKEL 4 - SHOPIFY<\/p>\n\n\n\n<p>Unser Shop wird bei Shopify Inc. gehostet. Sie stellen uns die Online-E-Commerce-Plattform zur Verf\u00fcgung, \u00fcber die wir Ihnen unsere Dienstleistungen und Produkte verkaufen k\u00f6nnen.<\/p>\n\n\n\n<p>Ihre Daten werden in dem Datenspeichersystem und den Datenbanken von Shopify sowie in der allgemeinen Anwendung von Shopify gespeichert. Ihre Daten werden auf einem sicheren Server gespeichert, der durch eine Firewall gesch\u00fctzt ist.<\/p>\n\n\n\n<p>Zahlung:<\/p>\n\n\n\n<p>Wenn Sie Ihren Kauf \u00fcber einen Direktzahlungs-Gateway t\u00e4tigen, speichert Shopify in diesem Fall Ihre Kreditkarteninformationen. Diese Informationen werden gem\u00e4\u00df dem Datensicherheitsstandard der Zahlungskartenindustrie (PCI-DSS) verschl\u00fcsselt. Die Informationen \u00fcber Ihre Kauftransaktion werden so lange gespeichert, wie es f\u00fcr den Abschluss Ihrer Bestellung erforderlich ist. Sobald Ihre Bestellung abgeschlossen ist, werden die Informationen \u00fcber den Kaufvorgang gel\u00f6scht.<\/p>\n\n\n\n<p>Alle Gateways f\u00fcr direkte Zahlungen erf\u00fcllen den PCI-DSS-Standard, der vom PCI Security Standards Council verwaltet wird und aus den gemeinsamen Bem\u00fchungen von Unternehmen wie Visa, MasterCard, American Express und Discover hervorgegangen ist.<\/p>\n\n\n\n<p>Die Anforderungen des PCI-DSS-Standards gew\u00e4hrleisten die sichere Verarbeitung von Kreditkartendaten durch unseren Shop und seine Dienstleister.<\/p>\n\n\n\n<p>Weitere Informationen finden Sie in den Nutzungsbedingungen von Shopify hier oder in der Datenschutzrichtlinie hier.<\/p>\n\n\n\n<p>ARTIKEL 5 - DIENSTLEISTUNGEN VON DRITTEN<\/p>\n\n\n\n<p>Im Allgemeinen werden die von uns eingesetzten Drittanbieter Ihre Informationen nur in dem Ma\u00dfe sammeln, verwenden und offenlegen, wie es notwendig ist, um die Dienstleistungen, die sie f\u00fcr uns erbringen, zu erbringen.<\/p>\n\n\n\n<p>Einige Drittanbieter wie Zahlungsgateways und andere Zahlungsabwickler haben jedoch ihre eigenen Datenschutzrichtlinien in Bezug auf die Informationen, die wir ihnen f\u00fcr Ihre Kauftransaktionen zur Verf\u00fcgung stellen m\u00fcssen.<\/p>\n\n\n\n<p>Bei diesen Anbietern empfehlen wir Ihnen, deren Datenschutzrichtlinien sorgf\u00e4ltig zu lesen, damit Sie verstehen, wie sie Ihre pers\u00f6nlichen Informationen verarbeiten.<\/p>\n\n\n\n<p>Es ist zu bedenken, dass einige Anbieter ihren Sitz oder ihre Einrichtungen in einer anderen Gerichtsbarkeit als der Ihren oder unserer haben k\u00f6nnen. Wenn Sie sich also dazu entschlie\u00dfen, eine Transaktion durchzuf\u00fchren, die die Dienste eines Drittanbieters erfordert, k\u00f6nnten Ihre Informationen den Gesetzen der Gerichtsbarkeit unterliegen, in der dieser Anbieter ans\u00e4ssig ist oder in der sich seine Einrichtungen befinden.<\/p>\n\n\n\n<p>Wenn Sie beispielsweise in Kanada ans\u00e4ssig sind und Ihre Transaktion \u00fcber ein Zahlungsgateway in den USA abgewickelt wird, k\u00f6nnten Ihre Informationen, die zum Abschluss der Transaktion verwendet wurden, nach US-Recht, einschlie\u00dflich des Patriot Act, offengelegt werden.<\/p>\n\n\n\n<p>Sobald Sie die Website unseres Shops verlassen oder auf die Website oder Anwendung eines Dritten weitergeleitet werden, unterliegen Sie nicht mehr dieser Datenschutzrichtlinie oder den Allgemeinen Gesch\u00e4ftsbedingungen f\u00fcr unsere Website.<\/p>\n\n\n\n<p>Links<\/p>\n\n\n\n<p>Es kann sein, dass Sie unsere Website verlassen, wenn Sie auf bestimmte Links auf unserer Website klicken. Wir \u00fcbernehmen keine Verantwortung f\u00fcr die Datenschutzpraktiken, die von diesen anderen Websites ausge\u00fcbt werden, und empfehlen Ihnen, deren Datenschutzrichtlinien sorgf\u00e4ltig zu lesen.<\/p>\n\n\n\n<p>ARTIKEL 6 - SICHERHEIT<\/p>\n\n\n\n<p>Um Ihre pers\u00f6nlichen Daten zu sch\u00fctzen, treffen wir angemessene Vorsichtsma\u00dfnahmen und halten uns an die besten Praktiken der Branche, um sicherzustellen, dass sie nicht auf unangemessene Weise verloren gehen, missbraucht, eingesehen, offengelegt, ver\u00e4ndert oder vernichtet werden.<\/p>\n\n\n\n<p>Wenn Sie uns Ihre Kreditkarteninformationen zur Verf\u00fcgung stellen, werden diese durch die Verwendung des SSL-Sicherheitsprotokolls verschl\u00fcsselt und mit einer AES-256-Verschl\u00fcsselung aufbewahrt. Obwohl keine Methode der Internet\u00fcbertragung oder elektronischen Speicherung zu 100 % sicher ist, befolgen wir alle Anforderungen des PCI-DSS-Standards und implementieren zus\u00e4tzliche, allgemein anerkannte Branchenstandards.<br>COOKIES<\/p>\n\n\n\n<p>Hier ist eine Liste der Cookies, die wir verwenden. Wir haben sie hier aufgelistet, damit Sie die M\u00f6glichkeit haben, zu entscheiden, ob Sie sie zulassen m\u00f6chten oder nicht.<\/p>\n\n\n\n<p>_session_id, eine eindeutige Sitzungskennung, die es Shopify erm\u00f6glicht, Informationen \u00fcber Ihre Sitzung zu speichern (Referrer, Landing Page etc.).<\/p>\n\n\n\n<p>_shopify_visit, keine Daten gespeichert, besteht f\u00fcr 30 Minuten seit dem letzten Besuch. Wird vom internen statistischen Trackingsystem des Anbieters unserer Website verwendet, um die Anzahl der Besuche zu erfassen.<\/p>\n\n\n\n<p>_shopify_uniq, keine Daten gespeichert, l\u00e4uft um Mitternacht (abh\u00e4ngig vom Standort des Besuchers) am n\u00e4chsten Tag ab. Berechnet die Anzahl der Besuche eines Shops pro einzelnen Kunden.<\/p>\n\n\n\n<p>cart, eindeutige Kennung, besteht 2 Wochen lang, speichert Informationen \u00fcber Ihren Einkaufswagen.<\/p>\n\n\n\n<p>_secure_session_id, eindeutige Sitzungskennung<\/p>\n\n\n\n<p>storefront_digest, eindeutige Kennung, undefiniert wenn der Shop ein Passwort hat, wird es verwendet, um festzustellen, ob der aktuelle Besucher Zugang hat.<\/p>\n\n\n\n<p>ARTIKEL 7 - ZUSTIMMUNGSALTER<\/p>\n\n\n\n<p>Durch die Nutzung dieser Website erkl\u00e4ren Sie, dass Sie in dem Staat oder der Provinz, in dem\/der Sie Ihren Wohnsitz haben, mindestens vollj\u00e4hrig sind und dass Sie uns Ihre Zustimmung dazu gegeben haben, dass jede Person minderj\u00e4hrigen Alters, f\u00fcr die Sie unterhaltspflichtig sind, diese Website nutzen darf.<\/p>\n\n\n\n<p>ARTIKEL 8 - \u00c4NDERUNGEN AN DIESER DATENSCHUTZRICHTLINIE<\/p>\n\n\n\n<p>Wir behalten uns das Recht vor, diese Datenschutzrichtlinie jederzeit zu \u00e4ndern, daher bitten wir Sie, sie h\u00e4ufig zu \u00fcberpr\u00fcfen. \u00c4nderungen und Klarstellungen treten unmittelbar nach ihrer Ver\u00f6ffentlichung auf der Website in Kraft. Wenn wir \u00c4nderungen am Inhalt dieser Richtlinie vornehmen, werden wir Sie hier auf die Aktualisierung hinweisen, damit Sie wissen, welche Informationen wir sammeln, wie wir sie verwenden und unter welchen Umst\u00e4nden wir sie gegebenenfalls offenlegen.<\/p>\n\n\n\n<p>Wenn unser Shop von einem anderen Unternehmen \u00fcbernommen wird oder mit diesem fusioniert, k\u00f6nnen Ihre Informationen an die neuen Eigent\u00fcmer \u00fcbertragen werden, damit wir Ihnen weiterhin Produkte verkaufen k\u00f6nnen.<\/p>\n\n\n\n<p>FRAGEN UND KONTAKTDATEN<\/p>\n\n\n\n<p>Si vous souhaitez: acc\u00e9der \u00e0, corriger, modifier ou supprimer toute information personnelle que nous avons \u00e0 votre sujet, d\u00e9poser une plainte, ou si vous souhaitez simplement avoir plus d\u2019informations, contactez notre agent responsable des normes de confidentialit\u00e9 \u00e0\u00a0contact@vintage-cycle-shop.com<\/p>","protected":false},"excerpt":{"rendered":"<p>D\u00c9CLARATION DE CONFIDENTIALIT\u00c9 \u2014- ARTICLE 1 \u2013 RENSEIGNEMENTS PERSONNELS RECUEILLIS Lorsque vous effectuez un achat sur notre boutique, dans le cadre de notre processus d\u2019achat et de vente, nous recueillons les renseignements personnels que vous nous fournissez, tels que votre nom, votre adresse et votre adresse e-mail. Lorsque vous naviguez sur notre boutique, nous recevons [&hellip;]<\/p>\n","protected":false},"author":1,"featured_media":0,"parent":0,"menu_order":0,"comment_status":"closed","ping_status":"open","template":"","meta":{"footnotes":""},"class_list":["post-3","page","type-page","status-publish","hentry"],"jetpack_sharing_enabled":true,"_links":{"self":[{"href":"https:\/\/www.vintage-cycle-shop.com\/de\/wp-json\/wp\/v2\/pages\/3","targetHints":{"allow":["GET"]}}],"collection":[{"href":"https:\/\/www.vintage-cycle-shop.com\/de\/wp-json\/wp\/v2\/pages"}],"about":[{"href":"https:\/\/www.vintage-cycle-shop.com\/de\/wp-json\/wp\/v2\/types\/page"}],"author":[{"embeddable":true,"href":"https:\/\/www.vintage-cycle-shop.com\/de\/wp-json\/wp\/v2\/users\/1"}],"replies":[{"embeddable":true,"href":"https:\/\/www.vintage-cycle-shop.com\/de\/wp-json\/wp\/v2\/comments?post=3"}],"version-history":[{"count":2,"href":"https:\/\/www.vintage-cycle-shop.com\/de\/wp-json\/wp\/v2\/pages\/3\/revisions"}],"predecessor-version":[{"id":14953,"href":"https:\/\/www.vintage-cycle-shop.com\/de\/wp-json\/wp\/v2\/pages\/3\/revisions\/14953"}],"wp:attachment":[{"href":"https:\/\/www.vintage-cycle-shop.com\/de\/wp-json\/wp\/v2\/media?parent=3"}],"curies":[{"name":"wp","href":"https:\/\/api.w.org\/{rel}","templated":true}]}}