{"id":17308,"date":"2025-06-11T14:20:52","date_gmt":"2025-06-11T14:20:52","guid":{"rendered":"https:\/\/www.vintage-cycle-shop.com\/?post_type=product&#038;p=17308"},"modified":"2025-12-23T12:57:39","modified_gmt":"2025-12-23T12:57:39","slug":"vintage-peugeot-esso-trikot","status":"publish","type":"product","link":"https:\/\/www.vintage-cycle-shop.com\/de\/product\/maillot-vintage-peugeot-esso\/","title":{"rendered":"Vintage Trikot PEUGEOT ESSO"},"content":{"rendered":"<div class=\"fiche-produit\">\n<h2>Vintage Trikot PEUGEOT ESSO \u2013 Die Eleganz des Radsports vergangener Tage, die Leistung von heute<\/h2>\n<p>Erleben Sie das goldene Zeitalter des Radsports mit dem Trikot <strong>Vintage PEUGEOT ESSO<\/strong>, inspiriert vom mythischen Team der 70er Jahre. Eine lebendige Hommage an die Leistungen von Bernard Th\u00e9venet, der vor allem daf\u00fcr bekannt ist, die Hegemonie von Eddy Merckx beendet zu haben, vereint dieses Trikot <strong>historischer Stil<\/strong> und <strong>moderne Technologie<\/strong>. Perfekt f\u00fcr Radsportbegeisterte und Liebhaber von Retro-Designs, die auf der Suche nach Leistung sind.<\/p>\n<h3>Ein ikonisches Design... ohne Kompromisse beim Komfort<\/h3>\n<p>Mit seinem unverwechselbaren schwarz-wei\u00dfen Streifenmuster ist dieses Trikot eine stolze Hommage an die glorreichen Tage des franz\u00f6sischen Radsports. Aber lassen Sie sich von seinem Vintage-Look nicht t\u00e4uschen: Sein Design ist voll und ganz auf Komfort und Effizienz ausgerichtet.<\/p>\n<ul>\n<li><strong>Moderne technische Materialien<\/strong> Lycra und Polyester f\u00fcr schnelles Trocknen und optimiertes Feuchtigkeitsmanagement.<\/li>\n<li><strong>Schmale Passform und ergonomisch<\/strong> ideal zur Verbesserung der Aerodynamik bei Ihren Ausfl\u00fcgen auf der Stra\u00dfe.<\/li>\n<li><strong>3 praktische Ges\u00e4\u00dftaschen<\/strong> zum Mitnehmen von Verpflegung, Werkzeug oder Smartphone w\u00e4hrend der Anstrengung.<\/li>\n<\/ul>\n<h3>Ein Trikot f\u00fcr anspruchsvolle Radfahrer<\/h3>\n<p>Atmungsaktiv, schrumpfsicher und schwei\u00dfresistent ist dieses Trikot Ihr Begleiter von M\u00e4rz bis Oktober. Ob Sie allein auf mythischen P\u00e4ssen fahren oder im Peloton bei einer Sonntagsausfahrt, es bietet Ihnen Kilometer f\u00fcr Kilometer un\u00fcbertroffenen Komfort.<\/p>\n<p><strong>\u00dcbernehmen Sie den Geist der Legenden und fahren Sie mit dem Selbstvertrauen einer Kleidung, die Stil, Geschichte und Leistung vereint.<\/strong><\/p>\n<h3>W\u00e4hlen Sie die richtige Gr\u00f6\u00dfe f\u00fcr eine perfekte Passform<\/h3>\n<p>Bevor Sie eine Bestellung aufgeben, nehmen Sie sich einen Moment Zeit, um die unten stehende Gr\u00f6\u00dfentabelle zu konsultieren. Dieses Trikot f\u00e4llt gr\u00f6\u00dfengerecht aus, um eine k\u00f6rpernahe Passform zu gew\u00e4hrleisten. Eine gute Passform ist der Schl\u00fcssel zu Komfort und Leistung.<\/p>\n<p><em>Voraussichtliche Lieferung zwischen 15 und 21 Werktagen nach Bearbeitung Ihrer Bestellung.<\/em><\/p>\n<p>Entdecken Sie jetzt unsere komplette Kollektion von Vintage-Radbekleidung und verfeinern Sie Ihren Stil bis ins kleinste Detail.<\/p>\n<\/div>\n\n\n<p>Huldige einer mythischen Mannschaft mit dem <a href=\"https:\/\/www.vintage-cycle-shop.com\/de\/product\/maillot-vintage-faema-guerra\/\">Vintage Trikot Faema Guerra<\/a>, ber\u00fchmt daf\u00fcr, die Erfolge von Eddy Merckx begleitet zu haben. Sein ikonisches Design und seine Authentizit\u00e4t machen ihn zu einem Muss f\u00fcr Liebhaber des historischen Radsports. Um weitere legend\u00e4re Modelle zu entdecken, erkunden Sie unsere <a href=\"https:\/\/www.vintage-cycle-shop.com\/de\/category\/kurzarm-radtrikots\/seite\/12\/\">Kurzarm-Trikot-Kollektion<\/a>.<\/p>","protected":false},"excerpt":{"rendered":"<p>\ud83d\udeb4\u200d\u2642\ufe0f <strong>Ikone des Designs<\/strong> Inspiriert von den PEUGEOT ESSO Trikots der 70er Jahre, f\u00fcr einen unnachahmlichen Retro-Stil. <br \/>\ud83e\uddf5 <strong>Premium-Qualit\u00e4t<\/strong> Hergestellt aus atmungsaktivem und strapazierf\u00e4higem Stoff f\u00fcr optimalen Komfort. <br \/>\u26a1 <strong>Expresslieferung<\/strong> Schneller Versand in ganz Frankreich, einfache R\u00fcckgabe garantiert. <br \/>\ud83d\udcaf <strong>Zufriedenheit garantiert<\/strong> Unsere Kunden lieben den Vintage-Look und die tadellose Verarbeitung!<\/p>","protected":false},"featured_media":17332,"comment_status":"closed","ping_status":"closed","template":"","meta":[],"product_brand":[],"product_cat":[193,1098],"product_tag":[977,999,974],"class_list":{"0":"post-17308","1":"product","2":"type-product","3":"status-publish","4":"has-post-thumbnail","6":"product_cat-maillots-cyclisme-manches-courtes","7":"product_cat-tenue-velo-france","8":"product_tag-maillots-cyclistes-au-design-moderne","9":"product_tag-maillots-ete-vintage-manches-courtes","10":"product_tag-tenues-ete-cyclisme-vintage","11":"pa_couleur-maillot-velo-blanc","12":"pa_couleur-maillot-velo-bleu","13":"pa_couleur-maillot-velo-noir","14":"pa_couleur-maillot-velo-rouge","16":"first","17":"instock","18":"sale","19":"taxable","20":"shipping-taxable","21":"purchasable","22":"product-type-variable"},"jetpack_sharing_enabled":true,"_links":{"self":[{"href":"https:\/\/www.vintage-cycle-shop.com\/de\/wp-json\/wp\/v2\/product\/17308","targetHints":{"allow":["GET"]}}],"collection":[{"href":"https:\/\/www.vintage-cycle-shop.com\/de\/wp-json\/wp\/v2\/product"}],"about":[{"href":"https:\/\/www.vintage-cycle-shop.com\/de\/wp-json\/wp\/v2\/types\/product"}],"replies":[{"embeddable":true,"href":"https:\/\/www.vintage-cycle-shop.com\/de\/wp-json\/wp\/v2\/comments?post=17308"}],"version-history":[{"count":7,"href":"https:\/\/www.vintage-cycle-shop.com\/de\/wp-json\/wp\/v2\/product\/17308\/revisions"}],"predecessor-version":[{"id":29498,"href":"https:\/\/www.vintage-cycle-shop.com\/de\/wp-json\/wp\/v2\/product\/17308\/revisions\/29498"}],"wp:featuredmedia":[{"embeddable":true,"href":"https:\/\/www.vintage-cycle-shop.com\/de\/wp-json\/wp\/v2\/media\/17332"}],"wp:attachment":[{"href":"https:\/\/www.vintage-cycle-shop.com\/de\/wp-json\/wp\/v2\/media?parent=17308"}],"wp:term":[{"taxonomy":"product_brand","embeddable":true,"href":"https:\/\/www.vintage-cycle-shop.com\/de\/wp-json\/wp\/v2\/product_brand?post=17308"},{"taxonomy":"product_cat","embeddable":true,"href":"https:\/\/www.vintage-cycle-shop.com\/de\/wp-json\/wp\/v2\/product_cat?post=17308"},{"taxonomy":"product_tag","embeddable":true,"href":"https:\/\/www.vintage-cycle-shop.com\/de\/wp-json\/wp\/v2\/product_tag?post=17308"}],"curies":[{"name":"wp","href":"https:\/\/api.w.org\/{rel}","templated":true}]}}