{"id":18779,"date":"2025-06-11T14:26:06","date_gmt":"2025-06-11T14:26:06","guid":{"rendered":"https:\/\/www.vintage-cycle-shop.com\/?post_type=product&#038;p=18779"},"modified":"2025-10-24T07:36:44","modified_gmt":"2025-10-24T07:36:44","slug":"carrera-vintage-radsporthandschuhe","status":"publish","type":"product","link":"https:\/\/www.vintage-cycle-shop.com\/de\/product\/gants-cycliste-vintage-carrera\/","title":{"rendered":"Vintage Radfahrerhandschuhe CARRERA"},"content":{"rendered":"<p><meta charset=\"utf-8\"><\/p>\n<h2>Ein legend\u00e4rer Retro-Stil, moderne Leistung<\/h2>\n<p>Die <strong>Vintage Radfahrerhandschuhe CARRERA<\/strong> verk\u00f6rpert die zeitlose Eleganz der glorreichen Tage des Radsports und vereint gleichzeitig den Komfort und die Technik von heute. Inspiriert von der Ausr\u00fcstung mythischer Fahrer der 80er Jahre, sind diese Handschuhe <strong>Halbfinger-Sommer<\/strong> sind perfekt f\u00fcr Liebhaber von Vintage-Fahrr\u00e4dern, die sowohl nach <em>Aussehen, Schutz und Leistung<\/em>.<\/p>\n<h3>Komfort und Kontrolle auf jedem Kilometer<\/h3>\n<p>Entwickelt, um auf langen Sommertouren Halt und Komfort zu bieten, verbinden diese Handschuhe <strong>Ergonomie und Bel\u00fcftung<\/strong> maximale<\/p>\n<ul>\n<li><strong>Gepolsterte Handfl\u00e4che<\/strong> Kunstleder zur Vibrationsabsorption und Reduzierung von Taubheitsgef\u00fchlen in den H\u00e4nden<\/li>\n<li><strong>Zwei in dehnbarem Mesh<\/strong> Leichtes und luftiges Gewebe f\u00fcr kompromisslose Atmungsaktivit\u00e4t auch bei gro\u00dfer Hitze<\/li>\n<li><strong>Rutschfeste Beschichtung<\/strong> : erh\u00f6hte Haftung f\u00fcr eine kontrollierte Steuerung auf Stra\u00dfe oder Kopfsteinpflaster<\/li>\n<\/ul>\n<h3>Das Vintage-Detail, das den Unterschied macht<\/h3>\n<p>Mit ihren sorgf\u00e4ltigen Oberfl\u00e4chen und den passenden Farben zu den <strong>Retro Radtrikots<\/strong>, die CARRERA Handschuhe runden Ihr Outfit im Stil der goldenen \u00c4ra des Pelotons stilvoll ab. Ideal f\u00fcr Fixed-Gear-Enthusiasten, sportliche Touren oder Liebhaber sonnt\u00e4giger Ausfl\u00fcge mit dem Oldtimer-Fahrrad.<\/p>\n<p><em>Erh\u00e4ltlich in mehreren Gr\u00f6\u00dfen f\u00fcr eine perfekte Passform. Konsultieren Sie unbedingt unsere Gr\u00f6\u00dfentabelle, um das Modell zu finden, das wie angegossen passt!<\/em><\/p>\n<h3>Eine durchdachte Wahl f\u00fcr Liebhaber des klassischen Fahrrads<\/h3>\n<p>Egal, ob Sie auf einem klassischen Rennrad oder einem urbanen Fixie unterwegs sind, diese Handschuhe sind weit mehr als nur ein Accessoire. Sie spiegeln Ihre Leidenschaft f\u00fcr authentisches Radfahren wider, mit einem bis ins Detail durchdachten Komfort.<\/p>\n<p><strong>Kostenloser Versand ab 70 \u20ac und schnelle Bearbeitung Ihrer Bestellung \u2013 Schl\u00fcpfen Sie in Ihren Retro-Stil, es ist Zeit, anders zu fahren\u2026<\/strong><\/p>\n\n\n<p>Tauchen Sie ein in die Atmosph\u00e4re des klassischen Radsports mit den Flandria Vintage Radhandschuhen, einem ikonischen Modell, das die glorreichen Zeiten der fl\u00e4mischen Rennen hervorruft. Diese <a href=\"https:\/\/www.vintage-cycle-shop.com\/de\/product\/gants-cycliste-vintage-flandria\/\">Vintage Radsporthandschuhe Flandria<\/a> sind darauf ausgelegt, optimalen Tragekomfort zu bieten und gleichzeitig einen authentischen Retro-Stil der damaligen Zeit zu verk\u00f6rpern. Um Ihre Ausr\u00fcstung mit weiteren legend\u00e4ren Teilen zu bereichern, st\u00f6bern Sie in unserem <a href=\"https:\/\/www.vintage-cycle-shop.com\/de\/category\/gants-cyclistes\/seite\/2\/\">Sammlung von Vintage-Fahrradhandschuhen \u2013 Seite 2<\/a>.<\/p>","protected":false},"excerpt":{"rendered":"<p>\ud83e\udde4 <strong>Hochwertige Materialien<\/strong> Echtes Leder und atmungsaktives Gewebe f\u00fcr optimalen Komfort. <br \/>\ud83c\udfaf <strong>Vintage-Ikone<\/strong> Inspiriert vom legend\u00e4ren CARRERA-Team f\u00fcr einen mutigen Retro-Look.<br \/>\ud83d\ude9a <strong>Expresslieferung<\/strong> Schneller Versand &amp; Sendungsverfolgung inklusive. <br \/>\ud83d\udc4d <strong>Zufriedenheit garantiert<\/strong> : Einfacher Umtausch oder R\u00fcckerstattung, reaktionsschneller Kundenservice!<\/p>","protected":false},"featured_media":18813,"comment_status":"closed","ping_status":"closed","template":"","meta":[],"product_brand":[],"product_cat":[192,1094],"product_tag":[998,996,974],"class_list":{"0":"post-18779","1":"product","2":"type-product","3":"status-publish","4":"has-post-thumbnail","6":"product_cat-gants-cyclistes","7":"product_cat-tenue-velo-italie","8":"product_tag-gants-de-cyclisme-vintage","9":"product_tag-pack-ete-maillot-gants-assortis","10":"product_tag-tenues-ete-cyclisme-vintage","11":"pa_couleur-gant-velo-blanc","12":"pa_couleur-gant-velo-bleu","13":"pa_couleur-gant-velo-noir","14":"pa_couleur-gant-velo-rouge","16":"first","17":"instock","18":"taxable","19":"shipping-taxable","20":"purchasable","21":"product-type-variable"},"jetpack_sharing_enabled":true,"_links":{"self":[{"href":"https:\/\/www.vintage-cycle-shop.com\/de\/wp-json\/wp\/v2\/product\/18779","targetHints":{"allow":["GET"]}}],"collection":[{"href":"https:\/\/www.vintage-cycle-shop.com\/de\/wp-json\/wp\/v2\/product"}],"about":[{"href":"https:\/\/www.vintage-cycle-shop.com\/de\/wp-json\/wp\/v2\/types\/product"}],"replies":[{"embeddable":true,"href":"https:\/\/www.vintage-cycle-shop.com\/de\/wp-json\/wp\/v2\/comments?post=18779"}],"version-history":[{"count":7,"href":"https:\/\/www.vintage-cycle-shop.com\/de\/wp-json\/wp\/v2\/product\/18779\/revisions"}],"predecessor-version":[{"id":29074,"href":"https:\/\/www.vintage-cycle-shop.com\/de\/wp-json\/wp\/v2\/product\/18779\/revisions\/29074"}],"wp:featuredmedia":[{"embeddable":true,"href":"https:\/\/www.vintage-cycle-shop.com\/de\/wp-json\/wp\/v2\/media\/18813"}],"wp:attachment":[{"href":"https:\/\/www.vintage-cycle-shop.com\/de\/wp-json\/wp\/v2\/media?parent=18779"}],"wp:term":[{"taxonomy":"product_brand","embeddable":true,"href":"https:\/\/www.vintage-cycle-shop.com\/de\/wp-json\/wp\/v2\/product_brand?post=18779"},{"taxonomy":"product_cat","embeddable":true,"href":"https:\/\/www.vintage-cycle-shop.com\/de\/wp-json\/wp\/v2\/product_cat?post=18779"},{"taxonomy":"product_tag","embeddable":true,"href":"https:\/\/www.vintage-cycle-shop.com\/de\/wp-json\/wp\/v2\/product_tag?post=18779"}],"curies":[{"name":"wp","href":"https:\/\/api.w.org\/{rel}","templated":true}]}}