{"id":18785,"date":"2025-06-11T14:26:07","date_gmt":"2025-06-11T14:26:07","guid":{"rendered":"https:\/\/www.vintage-cycle-shop.com\/?post_type=product&#038;p=18785"},"modified":"2025-10-24T07:34:27","modified_gmt":"2025-10-24T07:34:27","slug":"vintage-radsporthandschuhe-z","status":"publish","type":"product","link":"https:\/\/www.vintage-cycle-shop.com\/de\/product\/gants-cyclistes-vintage-z\/","title":{"rendered":"Vintage Radsporthandschuhe Z"},"content":{"rendered":"<h2>Fahrradhandschuhe Vintage Z \u2013 Das unverzichtbare Accessoire f\u00fcr einen Retro-Look und optimalen Komfort<\/h2>\n<p>Inspiriert vom Goldenen Zeitalter des Radsports, die <strong>Vintage Radsporthandschuhe Z<\/strong> verbinden authentischen Retro-Stil mit aktuellen Technologien, um ein sowohl elegantes als auch leistungsstarkes Fahrerlebnis zu bieten. Dieser Handschuh wurde f\u00fcr Enthusiasten sch\u00f6ner Mechanik und Vintage-\u00c4sthetik entwickelt und ist die perfekte Wahl, um Ihren Stil zu unterstreichen und gleichzeitig un\u00fcbertroffenen Komfort bei Ihren Ausfl\u00fcgen im Sommer zu genie\u00dfen.<\/p>\n<h3>Vintage-Design &amp; moderne Leistung<\/h3>\n<p>Mit einem Schnitt <strong>Fingerlinge<\/strong> Gedacht f\u00fcr die warme Jahreszeit, lassen diese Handschuhe Ihre Haut atmen und sch\u00fctzen das Wesentliche. Ihr Old-School-Design passt perfekt zu <strong>Retro Radtrikots<\/strong> F\u00fcr einen Vintage-Look, von den Bergp\u00e4ssen bis zu den Sonntagsausfl\u00fcgen.<\/p>\n<ul>\n<li><strong>Luftiges Netz auf der Oberfl\u00e4che<\/strong> Leichtes, dehnbares Mesh-Gewebe f\u00fcr optimale Bel\u00fcftung<\/li>\n<li><strong>Handfl\u00e4che aus synthetischem Wildleder<\/strong> erh\u00f6hter Widerstand und guter Halt am Lenker<\/li>\n<li><strong>Ergonomische Polsterung<\/strong> : d\u00e4mpft Vibrationen und entlastet die Hand<\/li>\n<\/ul>\n<h3>Komfort und Kontrolle bei jedem Pedalschlag<\/h3>\n<p>Dank strategisch platzierter Polsterung an der Handfl\u00e4che, die Z Vintage Fahrradhandschuhe <strong>Taubheit reduzieren<\/strong> und <strong>f\u00f6rdern die Durchblutung<\/strong> auf langen Strecken. Der rutschfeste Griff sorgt f\u00fcr eine bessere Kontrolle des Fahrrads, selbst bei Schwei\u00dfbildung oder starker Hitze.<\/p>\n<p>Jedes dieser Details wurde durchdacht, um Ihren Komfort zu verbessern, ohne den Stil zu beeintr\u00e4chtigen \u2013 denn die Leidenschaft f\u00fcr das Radfahren beinhaltet auch Eleganz auf der Stra\u00dfe.<\/p>\n<h3>Warum Vintage Z-Handschuhe adoptieren?<\/h3>\n<p>Zus\u00e4tzlich zur Aufwertung Ihres Looks sind diese Handschuhe ein starker Verb\u00fcndeter, um langen Sommerwanderungen mit Zuversicht zu begegnen:<\/p>\n<ul>\n<li><strong>Selbstbewusstes Retro-Design<\/strong> perfekt, um ein Vintage-Radoutfit zu vervollst\u00e4ndigen<\/li>\n<li><strong>Maximale Atmungsaktivit\u00e4t<\/strong> ideal f\u00fcr Ausfl\u00fcge bei Sonnenschein<\/li>\n<li><strong>Schnelle und verfolgbare Lieferung<\/strong> Versand unter 10 bis 15 Werktagen nach Bearbeitung<\/li>\n<\/ul>\n<p>Dr\u00fccken Sie Ihre Leidenschaft f\u00fcrs Radfahren durch funktionelles und stilvolles Zubeh\u00f6r aus \u2013 entdecken Sie die passende Gr\u00f6\u00dfe und treten Sie elegant in die Pedale.<\/p>\n\n\n<p>Die <a class=\"\" href=\"https:\/\/www.vintage-cycle-shop.com\/de\/product\/gants-cycliste-vintage-kas\/\">Vintage Radfahrerhandschuhe KAS<\/a> sind eine lebendige Hommage an die ikonische spanische Mannschaft der 70er und 80er Jahre. Mit ihrem unverwechselbaren gelb-blauen Design verk\u00f6rpern sie perfekt den Geist des klassischen Radsports. Ideal f\u00fcr Sammler oder Liebhaber von Retro-Ausfahrten, diese Handschuhe vervollst\u00e4ndigen perfekt Ihr Outfit. Um weitere ebenso ikonische Modelle zu entdecken, besuchen Sie unser <a class=\"\" href=\"https:\/\/www.vintage-cycle-shop.com\/de\/category\/gants-cyclistes\/\">Sammlung von Vintage-Fahrradhandschuhen<\/a>.<\/p>\n\n\n\n<p><\/p>","protected":false},"excerpt":{"rendered":"<p>\ud83e\udde4 <strong>Hochwertige Materialien<\/strong> Atmungsaktives Leder und Baumwollhaken f\u00fcr optimalen Tragekomfort. <br \/>\ud83c\udfa9 <strong>Authentisches Vintage-Design<\/strong> Inspiriert von klassischen Radsportmodellen f\u00fcr einen unwiderstehlichen Retro-Look. <br \/>\ud83d\ude9a <strong>Blitzlieferung<\/strong> Versand innerhalb von 24 Stunden, \u00fcberall in Frankreich! <br \/>\ud83d\udc4d <strong>Zufriedenheit garantiert<\/strong> : Reaktionsschneller Kundenservice &amp; einfache R\u00fccksendungen.<\/p>","protected":false},"featured_media":18819,"comment_status":"closed","ping_status":"closed","template":"","meta":[],"product_brand":[],"product_cat":[192,1098],"product_tag":[998,996,974],"class_list":{"0":"post-18785","1":"product","2":"type-product","3":"status-publish","4":"has-post-thumbnail","6":"product_cat-gants-cyclistes","7":"product_cat-tenue-velo-france","8":"product_tag-gants-de-cyclisme-vintage","9":"product_tag-pack-ete-maillot-gants-assortis","10":"product_tag-tenues-ete-cyclisme-vintage","11":"pa_couleur-gant-velo-bleu","12":"pa_couleur-gant-velo-jaune","13":"pa_couleur-gant-velo-noir","14":"pa_couleur-gant-velo-rose","16":"first","17":"instock","18":"taxable","19":"shipping-taxable","20":"purchasable","21":"product-type-variable"},"jetpack_sharing_enabled":true,"_links":{"self":[{"href":"https:\/\/www.vintage-cycle-shop.com\/de\/wp-json\/wp\/v2\/product\/18785","targetHints":{"allow":["GET"]}}],"collection":[{"href":"https:\/\/www.vintage-cycle-shop.com\/de\/wp-json\/wp\/v2\/product"}],"about":[{"href":"https:\/\/www.vintage-cycle-shop.com\/de\/wp-json\/wp\/v2\/types\/product"}],"replies":[{"embeddable":true,"href":"https:\/\/www.vintage-cycle-shop.com\/de\/wp-json\/wp\/v2\/comments?post=18785"}],"version-history":[{"count":7,"href":"https:\/\/www.vintage-cycle-shop.com\/de\/wp-json\/wp\/v2\/product\/18785\/revisions"}],"predecessor-version":[{"id":29072,"href":"https:\/\/www.vintage-cycle-shop.com\/de\/wp-json\/wp\/v2\/product\/18785\/revisions\/29072"}],"wp:featuredmedia":[{"embeddable":true,"href":"https:\/\/www.vintage-cycle-shop.com\/de\/wp-json\/wp\/v2\/media\/18819"}],"wp:attachment":[{"href":"https:\/\/www.vintage-cycle-shop.com\/de\/wp-json\/wp\/v2\/media?parent=18785"}],"wp:term":[{"taxonomy":"product_brand","embeddable":true,"href":"https:\/\/www.vintage-cycle-shop.com\/de\/wp-json\/wp\/v2\/product_brand?post=18785"},{"taxonomy":"product_cat","embeddable":true,"href":"https:\/\/www.vintage-cycle-shop.com\/de\/wp-json\/wp\/v2\/product_cat?post=18785"},{"taxonomy":"product_tag","embeddable":true,"href":"https:\/\/www.vintage-cycle-shop.com\/de\/wp-json\/wp\/v2\/product_tag?post=18785"}],"curies":[{"name":"wp","href":"https:\/\/api.w.org\/{rel}","templated":true}]}}