{"id":18791,"date":"2025-06-11T14:26:07","date_gmt":"2025-06-11T14:26:07","guid":{"rendered":"https:\/\/www.vintage-cycle-shop.com\/?post_type=product&#038;p=18791"},"modified":"2025-10-24T07:20:46","modified_gmt":"2025-10-24T07:20:46","slug":"vintage-radsport-handschuhe-banesto-2","status":"publish","type":"product","link":"https:\/\/www.vintage-cycle-shop.com\/de\/product\/gants-cycliste-vintage-banesto-2\/","title":{"rendered":"Vintage Radhandschuhe BANESTO"},"content":{"rendered":"<p><meta charset=\"utf-8\"><\/p>\n<h2 style=\"text-align: center;\"><strong>Fahrradhandschuhe Vintage BANESTO \u2013 Legend\u00e4rer Stil und moderne Leistung<\/strong><\/h2>\n<p>Entdecke den Geist des Radsports der 90er Jahre mit den <strong>Halbfingerhandschuhe BANESTO<\/strong>, inspiriert von einer der ikonischsten Mannschaften des Pelotons. Zwischen Hommage und Effizienz sind diese Sommerhandschuhe weit mehr als nur ein Accessoire: Sie verk\u00f6rpern eine alte Fahrweise mit dem Komfort heutiger Materialien.<\/p>\n<h3>Optimaler Komfort f\u00fcr lange Ausfl\u00fcge<\/h3>\n<p>Wer Vintage sagt, meint keinen Verzicht auf Komfort. Diese Handschuhe wurden entwickelt, um den Anspr\u00fcchen passionierter Radfahrer gerecht zu werden:<\/p>\n<ul>\n<li><strong>Gezielte Polsterung<\/strong> reduziert Taubheitsgef\u00fchle und absorbiert Vibrationen am Lenker.<\/li>\n<li><strong>Handfl\u00e4che aus synthetischem Wildleder<\/strong> robust und weich, sie garantiert einen festen Griff am Lenker.<\/li>\n<li><strong>Mesh-Bel\u00fcftung<\/strong> : dehnbares und atmungsaktives Material oben, um Ihre H\u00e4nde auch bei Sommerhitze k\u00fchl zu halten.<\/li>\n<\/ul>\n<h3>Ein perfekt gelebter Retro-Look<\/h3>\n<p>Verbinden Sie Stil und Leistung mit diesen Handschuhen, die perfekt zu Vintage-Trikots passen. Mit ihrem Design, das von den legend\u00e4ren Farben des BANESTO-Teams inspiriert ist, verleihen sie Ihrem Retro-Radoutfit einen authentischen Vintage-Touch. Ideal f\u00fcr Ausfahrten unter Enthusiasten oder f\u00fcr Vintage-Veranstaltungen.<\/p>\n<h4>St\u00e4rken:<\/h4>\n<ul>\n<li>Klassisches Design, inspiriert vom BANESTO Profi-Team<\/li>\n<li>Leichte Sommerkonzeption f\u00fcr die warme Jahreszeit<\/li>\n<li>Perfekte Wartung und nat\u00fcrliches Fahrgef\u00fchl am Lenker<\/li>\n<\/ul>\n<p><strong>Ziehen Sie diese Handschuhe an und sp\u00fcren Sie den Anstieg des Tourmalet, als w\u00e4re es 1991.<\/strong><\/p>\n<p style=\"text-align: center;\"><em>Standardlieferung in 10 bis 15 Werktagen nach Bearbeitung der Bestellung<\/em><\/p>\n<p>Entdecken Sie auch unsere Auswahl an <strong>Vintage Radtrikots<\/strong> um ein harmonisches Ganzes zu schaffen und die glorreichen Zeiten des Radsports bei jeder Ausfahrt wieder aufleben zu lassen.<\/p>\n\n\n<p>Verleihen Sie Ihrem Outfit mit den Z Vintage Radsporthandschuhen, die direkt von einem der pr\u00e4gendsten Teams der 90er-Jahre inspiriert sind, einen farbenfrohen Look. Diese <a href=\"https:\/\/www.vintage-cycle-shop.com\/de\/product\/vintage-radsporthandschuhe-z\/\">Vintage Radsporthandschuhe Z<\/a> bieten ein k\u00fchnes Design und eine sorgf\u00e4ltige Verarbeitung, perfekt f\u00fcr Radsportbegeisterte, die Authentizit\u00e4t suchen. Entdecken Sie weitere ikonische Modelle, indem Sie unseren <a href=\"https:\/\/www.vintage-cycle-shop.com\/de\/category\/gants-cyclistes\/seite\/2\/\">Sammlung von Vintage-Fahrradhandschuhen \u2013 Seite 2<\/a>.<\/p>","protected":false},"excerpt":{"rendered":"<p>\ud83e\udde4 <strong>Hochwertige Materialien<\/strong> Atmungsaktives Kunstleder mit verst\u00e4rkter Handfl\u00e4che f\u00fcr optimalen Tragekomfort. <br \/>\ud83c\udfaf <strong>Ikonisches Design<\/strong> Tauchen Sie erneut in die Retro-Welt des mythischen Teams Banesto ein.<br \/>\ud83d\ude9a <strong>Expresslieferung<\/strong> Versendet innerhalb von 24 Stunden mit kostenlosem Tracking. <br \/>\ud83d\udc4d <strong>Zufriedenheit garantiert<\/strong> Unsere Kunden lieben ihren Vintage-Look und die unvergleichliche Qualit\u00e4t!<\/p>","protected":false},"featured_media":18825,"comment_status":"closed","ping_status":"closed","template":"","meta":[],"product_brand":[],"product_cat":[192,1093],"product_tag":[998,996,974],"class_list":{"0":"post-18791","1":"product","2":"type-product","3":"status-publish","4":"has-post-thumbnail","6":"product_cat-gants-cyclistes","7":"product_cat-tenue-velo-espagne","8":"product_tag-gants-de-cyclisme-vintage","9":"product_tag-pack-ete-maillot-gants-assortis","10":"product_tag-tenues-ete-cyclisme-vintage","11":"pa_couleur-gant-velo-blanc","12":"pa_couleur-gant-velo-noir","14":"first","15":"instock","16":"taxable","17":"shipping-taxable","18":"purchasable","19":"product-type-variable"},"jetpack_sharing_enabled":true,"_links":{"self":[{"href":"https:\/\/www.vintage-cycle-shop.com\/de\/wp-json\/wp\/v2\/product\/18791","targetHints":{"allow":["GET"]}}],"collection":[{"href":"https:\/\/www.vintage-cycle-shop.com\/de\/wp-json\/wp\/v2\/product"}],"about":[{"href":"https:\/\/www.vintage-cycle-shop.com\/de\/wp-json\/wp\/v2\/types\/product"}],"replies":[{"embeddable":true,"href":"https:\/\/www.vintage-cycle-shop.com\/de\/wp-json\/wp\/v2\/comments?post=18791"}],"version-history":[{"count":8,"href":"https:\/\/www.vintage-cycle-shop.com\/de\/wp-json\/wp\/v2\/product\/18791\/revisions"}],"predecessor-version":[{"id":29035,"href":"https:\/\/www.vintage-cycle-shop.com\/de\/wp-json\/wp\/v2\/product\/18791\/revisions\/29035"}],"wp:featuredmedia":[{"embeddable":true,"href":"https:\/\/www.vintage-cycle-shop.com\/de\/wp-json\/wp\/v2\/media\/18825"}],"wp:attachment":[{"href":"https:\/\/www.vintage-cycle-shop.com\/de\/wp-json\/wp\/v2\/media?parent=18791"}],"wp:term":[{"taxonomy":"product_brand","embeddable":true,"href":"https:\/\/www.vintage-cycle-shop.com\/de\/wp-json\/wp\/v2\/product_brand?post=18791"},{"taxonomy":"product_cat","embeddable":true,"href":"https:\/\/www.vintage-cycle-shop.com\/de\/wp-json\/wp\/v2\/product_cat?post=18791"},{"taxonomy":"product_tag","embeddable":true,"href":"https:\/\/www.vintage-cycle-shop.com\/de\/wp-json\/wp\/v2\/product_tag?post=18791"}],"curies":[{"name":"wp","href":"https:\/\/api.w.org\/{rel}","templated":true}]}}