{"id":19107,"date":"2025-06-11T14:27:26","date_gmt":"2025-06-11T14:27:26","guid":{"rendered":"https:\/\/www.vintage-cycle-shop.com\/?post_type=product&#038;p=19107"},"modified":"2025-10-24T07:33:16","modified_gmt":"2025-10-24T07:33:16","slug":"retro-radsporthandschuhe-ca","status":"publish","type":"product","link":"https:\/\/www.vintage-cycle-shop.com\/de\/product\/gants-cycliste-vintage-ca\/","title":{"rendered":"Fahrradhandschuhe Vintage C&amp;A"},"content":{"rendered":"<h2>Fahrrad-Handschuhe im Vintage-Stil mit starkem Charakter<\/h2>\n<p>Inspiriert vom Retro-Radsport, die <strong>Vintage Radsporthandschuhe C&amp;A<\/strong> verbinden \u00c4sthetik und Leistung f\u00fcr Liebhaber klassischer Fahrr\u00e4der. Mit ihrem halbfingerigen Schnitt und der sorgf\u00e4ltigen Verarbeitung erg\u00e4nzen diese Handschuhe perfekt ein Vintage-Radsportoutfit und bieten gleichzeitig modernen Komfort.<\/p>\n<h3>Ein Design f\u00fcr die Stra\u00dfe gedacht<\/h3>\n<p>Entwickelt f\u00fcr sommerliche Ausfl\u00fcge, setzen diese Handschuhe auf eine ideale Kombination aus Atmungsaktivit\u00e4t und Halt. Das Obermaterial aus atmungsaktivem, dehnbarem Mesh f\u00f6rdert eine <strong>optimale Bel\u00fcftung<\/strong>, w\u00e4hrend die Handfl\u00e4che aus synthetischem Wildleder verst\u00e4rkt <strong>Haltbarkeit und Haftung<\/strong> am Lenker. Perfekt f\u00fcr lange Fahrten auf dem Fixie, dem Vintage-Rennrad oder f\u00fcr die Sonntagstour, sie passen sich jedem Gel\u00e4nde an.<\/p>\n<ul>\n<li><strong>Dehnbares Meshgewebe <\/strong>Leichtigkeit und Frische sind auch bei gro\u00dfer Hitze garantiert.<\/li>\n<li><strong>Ergonomische Polsterung <\/strong>Sto\u00dfabsorption und Reduzierung von Taubheitsgef\u00fchlen auf langen Fahrten.<\/li>\n<li><strong>Anti-Rutsch-System <\/strong>Beste Beherrschung deines Fahrrads bei allen Bedingungen.<\/li>\n<\/ul>\n<h3>Ein Accessoire, das Ihren Vintage-Look unterstreicht<\/h3>\n<p>Mehr als nur eine Ausr\u00fcstung, diese Handschuhe sind ein starkes St\u00fcck im Neo-Retro-Stil. Ihr Design passt leicht zu <strong>Vintage Radtrikots<\/strong>, egal ob Sie dem 70er-Jahre-Look oder dem heroisch-Retro-Stil treu sind. Jedes Detail erf\u00fcllt einen Anspruch: den Anspruch, anders zu radeln und dabei die Freude an der Cyclisten-Geste von einst zu bewahren.<\/p>\n<h3>F\u00fcr Abenteuer gemacht, sorgf\u00e4ltig geliefert<\/h3>\n<p>Erh\u00e4ltlich in verschiedenen Gr\u00f6\u00dfen, passen sich diese Handschuhe perfekt an Ihre Hand an und bieten Ihnen mehr Pr\u00e4zision und Komfort auf der Stra\u00dfe. Jedes Paar wird mit gr\u00f6\u00dfter Sorgfalt versandt, unter <strong>10 bis 15 Werktage<\/strong> nach Bearbeitung Ihrer Bestellung.<\/p>\n<p>Entdecken Sie auch passende Trikots und Accessoires, um Ihr Vintage-Outfit zu vervollst\u00e4ndigen\u2026<\/p>\n\n\n<p>Tauchen Sie ein in das goldene Zeitalter des Radsports mit den <a class=\"\" href=\"https:\/\/www.vintage-cycle-shop.com\/de\/product\/gants-cycliste-vintage-faema\/\">Vintage Radsporthandschuhe Faema<\/a>, die sich treu an der legend\u00e4ren Equipe von Eddy Merckx orientieren. Ihre Retro-\u00c4sthetik und ihr Komfort machen sie zur idealen Wahl f\u00fcr Enthusiasten, die stilvoll und authentisch fahren m\u00f6chten. Um Ihre Vintage-Rennradgarderobe zu vervollst\u00e4ndigen, st\u00f6bern Sie in unserem <a class=\"\" href=\"https:\/\/www.vintage-cycle-shop.com\/de\/category\/gants-cyclistes\/\">Sammlung von Vintage-Fahrradhandschuhen<\/a> und finden Sie das Modell, das Ihre sch\u00f6nsten Radsportlegenden hervorrufen wird.<\/p>","protected":false},"excerpt":{"rendered":"<p>\ud83e\udde4 <strong>Authentische Materialien<\/strong> Weiches Leder und atmungsaktives Gewebe f\u00fcr un\u00fcbertroffenen Retro-Komfort. <br \/>\ud83c\udfaf <strong>Entwerfen einzigartig<\/strong> : Vintage-Look, signiert C&amp;A, perfekt f\u00fcr Liebhaber des Radfahrerstils vergangener Zeiten. <br \/>\ud83d\ude80 <strong>Schnelle Lieferung<\/strong> Versand innerhalb von 24 Stunden, f\u00fcr ein Erlebnis ohne Wartezeit. <br \/>\ud83d\udc4d <strong>Zufriedenheit garantiert<\/strong> Unsere Kunden lieben die Qualit\u00e4t, und Sie auch!<\/p>","protected":false},"featured_media":19134,"comment_status":"closed","ping_status":"closed","template":"","meta":[],"product_brand":[],"product_cat":[192,1096],"product_tag":[998,996,974],"class_list":{"0":"post-19107","1":"product","2":"type-product","3":"status-publish","4":"has-post-thumbnail","6":"product_cat-gants-cyclistes","7":"product_cat-tenue-velo-belgique","8":"product_tag-gants-de-cyclisme-vintage","9":"product_tag-pack-ete-maillot-gants-assortis","10":"product_tag-tenues-ete-cyclisme-vintage","11":"pa_couleur-gant-velo-blanc","12":"pa_couleur-gant-velo-bleu","13":"pa_couleur-gant-velo-noir","14":"pa_couleur-gant-velo-orange","15":"pa_couleur-gant-velo-vert","17":"first","18":"instock","19":"taxable","20":"shipping-taxable","21":"purchasable","22":"product-type-variable"},"jetpack_sharing_enabled":true,"_links":{"self":[{"href":"https:\/\/www.vintage-cycle-shop.com\/de\/wp-json\/wp\/v2\/product\/19107","targetHints":{"allow":["GET"]}}],"collection":[{"href":"https:\/\/www.vintage-cycle-shop.com\/de\/wp-json\/wp\/v2\/product"}],"about":[{"href":"https:\/\/www.vintage-cycle-shop.com\/de\/wp-json\/wp\/v2\/types\/product"}],"replies":[{"embeddable":true,"href":"https:\/\/www.vintage-cycle-shop.com\/de\/wp-json\/wp\/v2\/comments?post=19107"}],"version-history":[{"count":6,"href":"https:\/\/www.vintage-cycle-shop.com\/de\/wp-json\/wp\/v2\/product\/19107\/revisions"}],"predecessor-version":[{"id":29065,"href":"https:\/\/www.vintage-cycle-shop.com\/de\/wp-json\/wp\/v2\/product\/19107\/revisions\/29065"}],"wp:featuredmedia":[{"embeddable":true,"href":"https:\/\/www.vintage-cycle-shop.com\/de\/wp-json\/wp\/v2\/media\/19134"}],"wp:attachment":[{"href":"https:\/\/www.vintage-cycle-shop.com\/de\/wp-json\/wp\/v2\/media?parent=19107"}],"wp:term":[{"taxonomy":"product_brand","embeddable":true,"href":"https:\/\/www.vintage-cycle-shop.com\/de\/wp-json\/wp\/v2\/product_brand?post=19107"},{"taxonomy":"product_cat","embeddable":true,"href":"https:\/\/www.vintage-cycle-shop.com\/de\/wp-json\/wp\/v2\/product_cat?post=19107"},{"taxonomy":"product_tag","embeddable":true,"href":"https:\/\/www.vintage-cycle-shop.com\/de\/wp-json\/wp\/v2\/product_tag?post=19107"}],"curies":[{"name":"wp","href":"https:\/\/api.w.org\/{rel}","templated":true}]}}