{"id":24824,"date":"2025-07-31T14:16:56","date_gmt":"2025-07-31T14:16:56","guid":{"rendered":"https:\/\/www.vintage-cycle-shop.com\/?post_type=product&#038;p=24824"},"modified":"2025-10-24T07:22:05","modified_gmt":"2025-10-24T07:22:05","slug":"vintage-radsporthandschuhe-mercatone-uno-wega-albacom-rosa","status":"publish","type":"product","link":"https:\/\/www.vintage-cycle-shop.com\/de\/product\/gants-cyclistes-vintage-mercatone-uno-wega-albacom-rose\/","title":{"rendered":"Vintage Radsporthandschuhe MERCATONE UNO WEGA ALBACOM ROS\u00c9"},"content":{"rendered":"<h2>Vintage Radhandschuhe MERCATONE UNO WEGA ALBACOM ROSE \u2013 Eleganz und Leistung<\/h2>\n<p>Verleihen Sie Ihren Radtouren einen Hauch von Retro mit diesen MERCATONE UNO WEGA ALBACOM ROSE Radsporthandschuhen mit halben Fingern. Entwickelt f\u00fcr Komfort und Leistung, begleiten sie Sie bei jeder Fahrt mit Stil und Effizienz.<\/p>\n<h3>Ein Vintage-Design, inspiriert von Radsportlegenden<\/h3>\n<p>Tauchen Sie mit diesen Handschuhen, die direkt von der Ausr\u00fcstung der gr\u00f6\u00dften Profiteams inspiriert sind, ins goldene Zeitalter des Radsports ein. Ihre einzigartige Verarbeitung und ihr ikonischer Farbton machen sie zur perfekten Wahl f\u00fcr Liebhaber von Vintage-Fahrr\u00e4dern.<\/p>\n<h3>Optimierter Komfort und Grip<\/h3>\n<ul>\n<li><strong>Ergonomische Polsterung<\/strong> reduziert Taubheitsgef\u00fchle und absorbiert Vibrationen f\u00fcr maximalen Komfort.<\/li>\n<li><strong>Luftdurchl\u00e4ssiges und dehnbares Mesh:<\/strong> sorgt f\u00fcr optimale Bel\u00fcftung, damit Ihre H\u00e4nde trocken bleiben.<\/li>\n<li><strong>Handfl\u00e4che aus synthetischem Wildleder<\/strong> verbessert den Griff und die Haltbarkeit.<\/li>\n<\/ul>\n<h3>Das unverzichtbare Accessoire f\u00fcr einen perfekten Retro-Look<\/h3>\n<p>Ob zur Erg\u00e4nzung Ihrer Vintage-Radsportkleidung oder einfach, um Ihrer Ausr\u00fcstung einen Hauch von Nostalgie zu verleihen, diese Handschuhe sind die ideale Wahl.<\/p>\n<p><strong>\ud83d\udecd\ufe0f Ab sofort erh\u00e4ltlich \u2013 G\u00f6nnen Sie sich kompromisslosen Stil und Leistung.<\/strong><\/p>\n<p><em>Lieferung 10\u201315 Werktage nach Bearbeitung Ihrer Bestellung.<\/em><\/p>\n\n\n<p>Erleben Sie die Radsportlegende mit den gelben Radsporthandschuhen von Mercatone Uno-Wega-Albacom, Embleme einer \u00c4ra, die von Charakterfahrern und unvergesslichen Leistungen gepr\u00e4gt war. Diese <a href=\"https:\/\/www.vintage-cycle-shop.com\/de\/product\/gants-cyclistes-mercatone-uno-wega-albacom-jaune\/\">Mercatone Uno\u2013Wega\u2013Albacom gelbe Radsport-Handschuhe<\/a> sind perfekt f\u00fcr Vintage-Liebhaber, die einen authentischen und bequemen Stil suchen. Z\u00f6gern Sie nicht, unsere zu erkunden <a href=\"https:\/\/www.vintage-cycle-shop.com\/de\/category\/gants-cyclistes\/\">vollst\u00e4ndige Sammlung von Vintage-Fahrradhandschuhen<\/a> um Ihre Ausr\u00fcstung mit weiteren ikonischen Modellen zu bereichern.<\/p>","protected":false},"excerpt":{"rendered":"<p>\ud83e\udde4 <strong>Komfort und Grip<\/strong> Atmungsaktive und eng anliegende Handschuhe f\u00fcr optimalen Halt. <br \/>\ud83d\udeb4 <strong>Legend\u00e4res Design<\/strong> Tragen Sie die ikonischen Farben des Mercatone Uno-Teams! <br \/>\ud83d\udc8e <strong>Premium-Qualit\u00e4t<\/strong> Langlebige Materialien f\u00fcr maximale Haltbarkeit. <br \/>\u26a1 <strong>Expresslieferung<\/strong> Erhalten Sie Ihre Handschuhe schnell, Zufriedenheit garantiert!<\/p>","protected":false},"featured_media":24839,"comment_status":"closed","ping_status":"closed","template":"","meta":[],"product_brand":[],"product_cat":[192],"product_tag":[],"class_list":{"0":"post-24824","1":"product","2":"type-product","3":"status-publish","4":"has-post-thumbnail","6":"product_cat-gants-cyclistes","7":"pa_couleur-gant-velo-noir","8":"pa_couleur-gant-velo-rose","10":"first","11":"instock","12":"taxable","13":"shipping-taxable","14":"purchasable","15":"product-type-variable"},"jetpack_sharing_enabled":true,"_links":{"self":[{"href":"https:\/\/www.vintage-cycle-shop.com\/de\/wp-json\/wp\/v2\/product\/24824","targetHints":{"allow":["GET"]}}],"collection":[{"href":"https:\/\/www.vintage-cycle-shop.com\/de\/wp-json\/wp\/v2\/product"}],"about":[{"href":"https:\/\/www.vintage-cycle-shop.com\/de\/wp-json\/wp\/v2\/types\/product"}],"replies":[{"embeddable":true,"href":"https:\/\/www.vintage-cycle-shop.com\/de\/wp-json\/wp\/v2\/comments?post=24824"}],"version-history":[{"count":6,"href":"https:\/\/www.vintage-cycle-shop.com\/de\/wp-json\/wp\/v2\/product\/24824\/revisions"}],"predecessor-version":[{"id":29663,"href":"https:\/\/www.vintage-cycle-shop.com\/de\/wp-json\/wp\/v2\/product\/24824\/revisions\/29663"}],"wp:featuredmedia":[{"embeddable":true,"href":"https:\/\/www.vintage-cycle-shop.com\/de\/wp-json\/wp\/v2\/media\/24839"}],"wp:attachment":[{"href":"https:\/\/www.vintage-cycle-shop.com\/de\/wp-json\/wp\/v2\/media?parent=24824"}],"wp:term":[{"taxonomy":"product_brand","embeddable":true,"href":"https:\/\/www.vintage-cycle-shop.com\/de\/wp-json\/wp\/v2\/product_brand?post=24824"},{"taxonomy":"product_cat","embeddable":true,"href":"https:\/\/www.vintage-cycle-shop.com\/de\/wp-json\/wp\/v2\/product_cat?post=24824"},{"taxonomy":"product_tag","embeddable":true,"href":"https:\/\/www.vintage-cycle-shop.com\/de\/wp-json\/wp\/v2\/product_tag?post=24824"}],"curies":[{"name":"wp","href":"https:\/\/api.w.org\/{rel}","templated":true}]}}