{"id":25503,"date":"2025-07-31T14:19:25","date_gmt":"2025-07-31T14:19:25","guid":{"rendered":"https:\/\/www.vintage-cycle-shop.com\/?post_type=product&#038;p=25503"},"modified":"2026-01-05T14:30:51","modified_gmt":"2026-01-05T14:30:51","slug":"vintage-t-shirt-radfahrer-astronaut","status":"publish","type":"product","link":"https:\/\/www.vintage-cycle-shop.com\/de\/product\/t-shirt-vintage-cycliste-cosmonaute\/","title":{"rendered":"T-SHIRT VINTAGE RADFAHRER KOSMONAUT"},"content":{"rendered":"<h2>Setzen Sie ein Statement mit dem Vintage Radfahrer-Astronauten-T-Shirt<\/h2>\n<p>Leidenschaftlicher Radfahrer und Liebhaber von Retro-Looks? Dieses einzigartige T-Shirt ist genau das Richtige f\u00fcr Sie. Inspiriert von Vintage-Trikots und dem zeitlosen Charme der Rennfahrer von einst, vereint es Komfort, Stil und Authentizit\u00e4t.<\/p>\n<h3>Ein ikonisches Design f\u00fcr Fahrradliebhaber<\/h3>\n<p>Mit seinem originellen Motiv eines Radfahrers und kosmischer Elemente f\u00e4ngt dieses T-Shirt den Geist von Abenteuer und \u00dcberwindung ein. Ob Sie ein Fan von sportlichen Ausfl\u00fcgen sind oder sich f\u00fcr Vintage-Mode begeistern, es wird Sie im Alltag begleiten.<\/p>\n<ul>\n<li>Weiche, atmungsaktive Baumwolle f\u00fcr optimalen Tragekomfort<\/li>\n<li>Taillierte Passform f\u00fcr einen eleganten Auftritt bei jeder Gelegenheit<\/li>\n<li>Exklusives Grafikdesign f\u00fcr einen unnachahmlichen Retro-Look<\/li>\n<\/ul>\n<h3>W\u00e4hlen Sie die ideale Gr\u00f6\u00dfe<\/h3>\n<p>Nehmen Sie sich die Zeit, Ihre Gr\u00f6\u00dfe anhand der folgenden Tabelle zu \u00fcberpr\u00fcfen, bevor Sie eine Bestellung aufgeben. Eine perfekte Passform sorgt f\u00fcr optimalen Tragekomfort und eine schmeichelhafte Silhouette.<\/p>\n<h3>Lieferung und Zufriedenheit<\/h3>\n<p>Ihr T-Shirt wird sorgf\u00e4ltig hergestellt und innerhalb von 10 bis 15 Werktagen nach Bearbeitung Ihrer Bestellung versendet. Genie\u00dfen Sie ein Kleidungsst\u00fcck, das f\u00fcr Radsportbegeisterte entworfen wurde, und zeigen Sie Ihre Liebe zum Fahrrad mit Stil.<\/p>\n<p><strong>F\u00fcgen Sie es jetzt Ihrer Sammlung hinzu, um Ihre Leidenschaft auf und abseits des Sattels zu zeigen.<\/strong><\/p>\n\n\n<p>Zeigen Sie die Entwicklung des Radfahrers mit Humor dank dieses <a href=\"https:\/\/www.vintage-cycle-shop.com\/de\/product\/t-shirt-mode-cycliste-human-evolution-jpg\/\">T-Shirt Radsport Human Evolution<\/a>, ein originelles Modell, das das ber\u00fchmte Bild der Evolution neu interpretiert und die Leidenschaft f\u00fcr das Fahrradfahren integriert. Perfekt f\u00fcr Zweiradfans, die verspielte und pr\u00e4gnante Designs lieben. Um weitere T-Shirts in derselben Linie zu entdecken, erkunden Sie unser <a href=\"https:\/\/www.vintage-cycle-shop.com\/de\/category\/tee-shirt-velo-homme\/seite\/3\/\">Fahrrad-T-Shirt-Kollektion f\u00fcr Herren \u2013 Seite 3<\/a>.<\/p>","protected":false},"excerpt":{"rendered":"<p>\ud83d\udc55 <strong>Premium-Qualit\u00e4t<\/strong> Weiches und strapazierf\u00e4higes Gewebe, ideal f\u00fcr Radsportbegeisterte. <br \/>\ud83d\udeb4\u200d\u2642\ufe0f <strong>Entwerfen einzigartig<\/strong> Ein Radfahrer-Kosmonaut in einem Vintage-Look, originell und stilvoll. <br \/>\u26a1 <strong>Schnelle Lieferung<\/strong> Expressversand, um dein T-Shirt ohne Wartezeit zu genie\u00dfen! <br \/>\ud83d\udcaf <strong>Zufriedenheit garantiert<\/strong> Absoluter Komfort oder Geld zur\u00fcck!<\/p>","protected":false},"featured_media":25527,"comment_status":"closed","ping_status":"closed","template":"","meta":[],"product_brand":[],"product_cat":[1768],"product_tag":[],"class_list":{"0":"post-25503","1":"product","2":"type-product","3":"status-publish","4":"has-post-thumbnail","6":"product_cat-tee-shirt-velo-homme","7":"pa_couleur-maillot-velo-blanc","8":"pa_couleur-maillot-velo-noir","10":"first","11":"instock","12":"taxable","13":"shipping-taxable","14":"purchasable","15":"product-type-variable"},"jetpack_sharing_enabled":true,"_links":{"self":[{"href":"https:\/\/www.vintage-cycle-shop.com\/de\/wp-json\/wp\/v2\/product\/25503","targetHints":{"allow":["GET"]}}],"collection":[{"href":"https:\/\/www.vintage-cycle-shop.com\/de\/wp-json\/wp\/v2\/product"}],"about":[{"href":"https:\/\/www.vintage-cycle-shop.com\/de\/wp-json\/wp\/v2\/types\/product"}],"replies":[{"embeddable":true,"href":"https:\/\/www.vintage-cycle-shop.com\/de\/wp-json\/wp\/v2\/comments?post=25503"}],"version-history":[{"count":6,"href":"https:\/\/www.vintage-cycle-shop.com\/de\/wp-json\/wp\/v2\/product\/25503\/revisions"}],"predecessor-version":[{"id":29706,"href":"https:\/\/www.vintage-cycle-shop.com\/de\/wp-json\/wp\/v2\/product\/25503\/revisions\/29706"}],"wp:featuredmedia":[{"embeddable":true,"href":"https:\/\/www.vintage-cycle-shop.com\/de\/wp-json\/wp\/v2\/media\/25527"}],"wp:attachment":[{"href":"https:\/\/www.vintage-cycle-shop.com\/de\/wp-json\/wp\/v2\/media?parent=25503"}],"wp:term":[{"taxonomy":"product_brand","embeddable":true,"href":"https:\/\/www.vintage-cycle-shop.com\/de\/wp-json\/wp\/v2\/product_brand?post=25503"},{"taxonomy":"product_cat","embeddable":true,"href":"https:\/\/www.vintage-cycle-shop.com\/de\/wp-json\/wp\/v2\/product_cat?post=25503"},{"taxonomy":"product_tag","embeddable":true,"href":"https:\/\/www.vintage-cycle-shop.com\/de\/wp-json\/wp\/v2\/product_tag?post=25503"}],"curies":[{"name":"wp","href":"https:\/\/api.w.org\/{rel}","templated":true}]}}