{"id":25517,"date":"2025-07-31T14:19:26","date_gmt":"2025-07-31T14:19:26","guid":{"rendered":"https:\/\/www.vintage-cycle-shop.com\/?post_type=product&#038;p=25517"},"modified":"2026-01-05T14:22:11","modified_gmt":"2026-01-05T14:22:11","slug":"t-shirt-vintage-radfahrer-noten","status":"publish","type":"product","link":"https:\/\/www.vintage-cycle-shop.com\/de\/product\/t-shirt-vintage-cycliste-notes-de-musique\/","title":{"rendered":"T-SHIRT Vintage Radfahrer Musikalische Noten"},"content":{"rendered":"<h2>T-Shirt Vintage Cycliste Noten: Retro-Eleganz f\u00fcr Fahrradliebhaber<\/h2>\n<p>Zeigen Sie stolz Ihre Leidenschaft f\u00fcr das Radfahren mit diesem <strong>Vintage T-Shirt Einzigartig<\/strong>. Inspiriert von der Welt des Radsports und seinem Retro-Charme vereint er perfekt Stil und Komfort, um Sie auf all Ihren Abenteuern zu begleiten.<\/p>\n<h3>Ein Design, inspiriert von Musik und Radfahren<\/h3>\n<p>Dieses T-Shirt weist ein originelles Muster auf, das kombiniert <strong>Noten und Fahrrad<\/strong>, eine perfekte Kombination f\u00fcr Liebhaber von Zweir\u00e4dern und eing\u00e4ngigen Melodien. Sein zarter und zeitloser Aufdruck macht es zu einem Must-Have f\u00fcr Fans des Vintage-Stils.<\/p>\n<h3>Optimaler Komfort f\u00fcr einen l\u00e4ssigen Stil<\/h3>\n<ul>\n<li><strong>100 % Baumwolle<\/strong> Sanftheit und Atmungsaktivit\u00e4t f\u00fcr ein angenehmes Gef\u00fchl im Alltag.<\/li>\n<li><strong>Taillierter Schnitt<\/strong> ideal f\u00fcr einen sportlich-legeren Look.<\/li>\n<li><strong>Qualit\u00e4tseindruck<\/strong> waschbest\u00e4ndig, um die Authentizit\u00e4t des Designs zu erhalten.<\/li>\n<\/ul>\n<h3>Ein perfektes Geschenk f\u00fcr Fahrradliebhaber<\/h3>\n<p>Suchen Sie eine originelle Geschenkidee f\u00fcr einen Radfahrer oder Liebhaber von Retro-Mode? Dieses T-Shirt ist die perfekte Wahl! Sein einzigartiger Stil wird Radsport- und Vintage-Design-Fans mit Sicherheit gefallen.<\/p>\n<p><strong>Denken Sie daran, unseren Gr\u00f6ssenratgeber zu konsultieren, um die Passform zu w\u00e4hlen, die am besten zu Ihnen passt.<\/strong><\/p>\n<p>Bestellen Sie jetzt und verleihen Sie Ihrer Garderobe einen Hauch von Vintage!<\/p>\n\n\n<p>Perfekt f\u00fcr Zweirad-Abenteurer, dieses <a href=\"https:\/\/www.vintage-cycle-shop.com\/de\/product\/t-shirt-vintage-cycliste-bike-packing\/\">T-Shirt Vintage Radsport Bike Packing<\/a> verk\u00f6rpert den Geist der Freiheit, des Entdeckerdrangs und des Minimalismus, der dieser Praxis eigen ist. Sein Design erinnert an lange Radtouren fernab ausgetretener Pfade. Um Ihren nomadischen Radfahrerstil zu vervollst\u00e4ndigen, entdecken Sie unser <a href=\"https:\/\/www.vintage-cycle-shop.com\/de\/category\/tee-shirt-velo-homme\/seite\/3\/\">Fahrrad-T-Shirt-Kollektion f\u00fcr Herren \u2013 Seite 3<\/a>, reich an inspirierenden Modellen.<\/p>","protected":false},"excerpt":{"rendered":"<p>\ud83d\udc55 <strong>Premium-Material<\/strong> : 100% \u2013 weiche, atmungsaktive Baumwolle f\u00fcr optimalen Tragekomfort. <br \/>\ud83c\udfb6 <strong>Entwerfen einzigartig<\/strong> : Vintage-Motiv \u00abMusiknoten\u00bb inspiriert von Oldtimer-Trikots. <br \/>\u26a1 <strong>Schnelle Lieferung<\/strong> Expressversand, um Ihr T-Shirt ohne Wartezeit zu erhalten!<br \/>\u2764\ufe0f <strong>Zufriedenheit garantiert<\/strong> Ein Retro-Stil, der von Radsport- und Modefans gesch\u00e4tzt wird.<\/p>","protected":false},"featured_media":25531,"comment_status":"closed","ping_status":"closed","template":"","meta":[],"product_brand":[],"product_cat":[1768],"product_tag":[],"class_list":{"0":"post-25517","1":"product","2":"type-product","3":"status-publish","4":"has-post-thumbnail","6":"product_cat-tee-shirt-velo-homme","7":"pa_couleur-maillot-velo-blanc","8":"pa_couleur-maillot-velo-bleu","9":"pa_couleur-maillot-velo-jaune","10":"pa_couleur-maillot-velo-noir","11":"pa_couleur-maillot-velo-rouge","13":"first","14":"instock","15":"taxable","16":"shipping-taxable","17":"purchasable","18":"product-type-variable"},"jetpack_sharing_enabled":true,"_links":{"self":[{"href":"https:\/\/www.vintage-cycle-shop.com\/de\/wp-json\/wp\/v2\/product\/25517","targetHints":{"allow":["GET"]}}],"collection":[{"href":"https:\/\/www.vintage-cycle-shop.com\/de\/wp-json\/wp\/v2\/product"}],"about":[{"href":"https:\/\/www.vintage-cycle-shop.com\/de\/wp-json\/wp\/v2\/types\/product"}],"replies":[{"embeddable":true,"href":"https:\/\/www.vintage-cycle-shop.com\/de\/wp-json\/wp\/v2\/comments?post=25517"}],"version-history":[{"count":6,"href":"https:\/\/www.vintage-cycle-shop.com\/de\/wp-json\/wp\/v2\/product\/25517\/revisions"}],"predecessor-version":[{"id":29704,"href":"https:\/\/www.vintage-cycle-shop.com\/de\/wp-json\/wp\/v2\/product\/25517\/revisions\/29704"}],"wp:featuredmedia":[{"embeddable":true,"href":"https:\/\/www.vintage-cycle-shop.com\/de\/wp-json\/wp\/v2\/media\/25531"}],"wp:attachment":[{"href":"https:\/\/www.vintage-cycle-shop.com\/de\/wp-json\/wp\/v2\/media?parent=25517"}],"wp:term":[{"taxonomy":"product_brand","embeddable":true,"href":"https:\/\/www.vintage-cycle-shop.com\/de\/wp-json\/wp\/v2\/product_brand?post=25517"},{"taxonomy":"product_cat","embeddable":true,"href":"https:\/\/www.vintage-cycle-shop.com\/de\/wp-json\/wp\/v2\/product_cat?post=25517"},{"taxonomy":"product_tag","embeddable":true,"href":"https:\/\/www.vintage-cycle-shop.com\/de\/wp-json\/wp\/v2\/product_tag?post=25517"}],"curies":[{"name":"wp","href":"https:\/\/api.w.org\/{rel}","templated":true}]}}