{"id":25524,"date":"2025-07-31T14:19:27","date_gmt":"2025-07-31T14:19:27","guid":{"rendered":"https:\/\/www.vintage-cycle-shop.com\/?post_type=product&#038;p=25524"},"modified":"2026-01-05T14:16:43","modified_gmt":"2026-01-05T14:16:43","slug":"vintage-t-shirt-radsport-fahrrad-bauen","status":"publish","type":"product","link":"https:\/\/www.vintage-cycle-shop.com\/de\/product\/t-shirt-vintage-cycliste-velo-building\/","title":{"rendered":"T-SHIRT VINTAGE RADFAHRER VELO-BAU"},"content":{"rendered":"<h2>Ein Vintage-T-Shirt f\u00fcr Radsportliebhaber<\/h2>\n<p>Zeigen Sie Ihre Leidenschaft f\u00fcr das Radfahren mit diesem <strong>T-Shirt Vintage Radfahrer Fahrradbau<\/strong>. Konzipiert f\u00fcr Radsportbegeisterte und Liebhaber des Retro-Stils, ist dieses T-Shirt die perfekte Verbindung von Komfort und Authentizit\u00e4t.<\/p>\n<h3>Ein einzigartiges und inspirierendes Design<\/h3>\n<p>Dieses T-Shirt greift mit seinem eleganten Design und einem Motiv, das vom Radsporterbe inspiriert ist, den Vintage-Geist der gro\u00dfen Radsportepochen auf. Es ist ideal f\u00fcr:<\/p>\n<ul>\n<li>Radtouren oder Entspannungsmomente nach der Anstrengung.<\/li>\n<li>Begeisterte, die ihre Liebe zu Zweir\u00e4dern gerne stilvoll zur Schau stellen.<\/li>\n<li>Ein originelles Geschenk f\u00fcr jeden Liebhaber von Retro-Radsport.<\/li>\n<\/ul>\n<h3>Komfort und Qualit\u00e4t stehen im Vordergrund<\/h3>\n<p>Hergestellt aus einem weichen und atmungsaktiven Stoff, bietet dieses T-Shirt optimalen Tragekomfort den ganzen Tag \u00fcber. Sein k\u00f6rpernaher Schnitt sorgt f\u00fcr eine elegante Silhouette, die sowohl f\u00fcr Radfahrer als auch f\u00fcr Liebhaber von Vintage-Mode geeignet ist.<\/p>\n<h3>W\u00e4hlen Sie die richtige Gr\u00f6\u00dfe<\/h3>\n<p><strong>Bevor Sie bestellen<\/strong>, Bitte beachten Sie unseren Gr\u00f6\u00dfenratgeber, um die perfekte Passform zu finden. Eine gute Passform sorgt f\u00fcr optimalen Komfort, sowohl auf dem Fahrrad als auch im Alltag.<\/p>\n<p><em>Gesch\u00e4tzte Lieferung innerhalb von 10-15 Werktagen nach Bearbeitung der Bestellung.<\/em><\/p>\n\n\n<p>Vereine Rhythmus und Leidenschaft des Radsports mit diesem <a href=\"https:\/\/www.vintage-cycle-shop.com\/de\/product\/t-shirt-vintage-radfahrer-noten\/\">T-Shirt Vintage Radfahrer Musiknoten<\/a>, eine originelle Kreation f\u00fcr Radfahrer und Melodieliebhaber. Dieses Modell ist ideal f\u00fcr diejenigen, die zu den Kl\u00e4ngen ihrer Lieblingsplaylist fahren, und bietet einen l\u00e4ssigen und inspirierenden Look. Entdecken Sie weitere kreative Designs, indem Sie unsere <a href=\"https:\/\/www.vintage-cycle-shop.com\/de\/category\/tee-shirt-velo-homme\/seite\/3\/\">Fahrrad-T-Shirt-Kollektion f\u00fcr Herren \u2013 Seite 3<\/a>.<\/p>","protected":false},"excerpt":{"rendered":"<p>\ud83d\udc55 <strong>Premium-Qualit\u00e4t<\/strong> Weicher und atmungsaktiver Stoff f\u00fcr absoluten Komfort. <br \/>\ud83d\udeb4 <strong>Entwerfen einzigartig<\/strong> Inspiriert vom Vintage-Fahrrad, perfekt f\u00fcr Enthusiasten. <br \/>\u26a1 <strong>Schnelle Lieferung<\/strong> Sorgf\u00e4ltige Expedition f\u00fcr eine Expresslieferung. <br \/>\ud83d\ude0a <strong>Zufriedenheit garantiert<\/strong> Einfacher Austausch und R\u00fcckgabe!<\/p>","protected":false},"featured_media":25533,"comment_status":"closed","ping_status":"closed","template":"","meta":[],"product_brand":[],"product_cat":[1768],"product_tag":[],"class_list":{"0":"post-25524","1":"product","2":"type-product","3":"status-publish","4":"has-post-thumbnail","6":"product_cat-tee-shirt-velo-homme","7":"pa_couleur-maillot-velo-blanc","8":"pa_couleur-maillot-velo-bleu","9":"pa_couleur-maillot-velo-noir","11":"first","12":"instock","13":"taxable","14":"shipping-taxable","15":"purchasable","16":"product-type-variable"},"jetpack_sharing_enabled":true,"_links":{"self":[{"href":"https:\/\/www.vintage-cycle-shop.com\/de\/wp-json\/wp\/v2\/product\/25524","targetHints":{"allow":["GET"]}}],"collection":[{"href":"https:\/\/www.vintage-cycle-shop.com\/de\/wp-json\/wp\/v2\/product"}],"about":[{"href":"https:\/\/www.vintage-cycle-shop.com\/de\/wp-json\/wp\/v2\/types\/product"}],"replies":[{"embeddable":true,"href":"https:\/\/www.vintage-cycle-shop.com\/de\/wp-json\/wp\/v2\/comments?post=25524"}],"version-history":[{"count":6,"href":"https:\/\/www.vintage-cycle-shop.com\/de\/wp-json\/wp\/v2\/product\/25524\/revisions"}],"predecessor-version":[{"id":29703,"href":"https:\/\/www.vintage-cycle-shop.com\/de\/wp-json\/wp\/v2\/product\/25524\/revisions\/29703"}],"wp:featuredmedia":[{"embeddable":true,"href":"https:\/\/www.vintage-cycle-shop.com\/de\/wp-json\/wp\/v2\/media\/25533"}],"wp:attachment":[{"href":"https:\/\/www.vintage-cycle-shop.com\/de\/wp-json\/wp\/v2\/media?parent=25524"}],"wp:term":[{"taxonomy":"product_brand","embeddable":true,"href":"https:\/\/www.vintage-cycle-shop.com\/de\/wp-json\/wp\/v2\/product_brand?post=25524"},{"taxonomy":"product_cat","embeddable":true,"href":"https:\/\/www.vintage-cycle-shop.com\/de\/wp-json\/wp\/v2\/product_cat?post=25524"},{"taxonomy":"product_tag","embeddable":true,"href":"https:\/\/www.vintage-cycle-shop.com\/de\/wp-json\/wp\/v2\/product_tag?post=25524"}],"curies":[{"name":"wp","href":"https:\/\/api.w.org\/{rel}","templated":true}]}}