{"id":25561,"date":"2025-07-31T14:19:36","date_gmt":"2025-07-31T14:19:36","guid":{"rendered":"https:\/\/www.vintage-cycle-shop.com\/?post_type=product&#038;p=25561"},"modified":"2026-01-05T13:59:22","modified_gmt":"2026-01-05T13:59:22","slug":"t-shirt-mode-cycliste-sans-selle","status":"publish","type":"product","link":"https:\/\/www.vintage-cycle-shop.com\/de\/product\/t-shirt-mode-cycliste-sans-selle\/","title":{"rendered":"T-SHIRT MODE CYCLISTE SANS SELLE"},"content":{"rendered":"<h2>T-shirt Mode Cycliste Sans Selle \u2013 L\u2019esprit vintage du v\u00e9lo<\/h2>\n<p>Affichez votre passion pour le cyclisme avec style gr\u00e2ce \u00e0 ce t-shirt vintage unique ! Confortable et tendance, il est id\u00e9al pour les amateurs de v\u00e9lo en qu\u00eate d\u2019un look original.<\/p>\n<h3>Un design r\u00e9tro pour un look authentique<\/h3>\n<p>Inspir\u00e9 par l\u2019\u00e2ge d\u2019or du cyclisme, ce t-shirt arbore un motif d\u00e9cal\u00e9 qui rend hommage aux amoureux de la petite reine. Son design minimaliste et styl\u00e9 se marie parfaitement avec une tenue d\u00e9contract\u00e9e ou sportive.<\/p>\n<h3>Confort et qualit\u00e9 au rendez-vous<\/h3>\n<ul>\n<li>Fabriqu\u00e9 en coton doux et respirant pour un confort optimal<\/li>\n<li>Coupe ajust\u00e9e qui \u00e9pouse la silhouette sans comprimer<\/li>\n<li>Impression r\u00e9sistante pour une durabilit\u00e9 maximale<\/li>\n<\/ul>\n<p>Id\u00e9al pour vos sorties \u00e0 v\u00e9lo ou simplement pour afficher votre passion au quotidien, ce t-shirt est un incontournable du dressing des cyclistes.<\/p>\n<h3>Choisissez la bonne taille<\/h3>\n<p>Avant de passer commande, veillez \u00e0 consulter notre guide des tailles afin de trouver le mod\u00e8le parfait pour vous.<\/p>\n<h3>Exp\u00e9dition et livraison<\/h3>\n<p>Votre t-shirt vous sera livr\u00e9 sous 10 \u00e0 15 jours ouvr\u00e9s apr\u00e8s traitement de votre commande.<\/p>\n<p>Affirmez votre passion et adoptez d\u00e8s maintenant ce t-shirt au style r\u00e9solument vintage !<\/p>\n\n\n<p>Affirmez votre style avec caract\u00e8re gr\u00e2ce \u00e0 ce <a href=\"https:\/\/www.vintage-cycle-shop.com\/de\/product\/t-shirt-vintage-cycliste-el-hombre\/\">t-shirt vintage cycliste El Hombre<\/a>, un mod\u00e8le au design fort et \u00e0 l\u2019allure r\u00e9tro, id\u00e9al pour les cyclistes qui ne passent pas inaper\u00e7us. Inspir\u00e9 par l\u2019univers latino et la culture v\u00e9lo, il combine originalit\u00e9 et confort. Pour d\u00e9couvrir d\u2019autres pi\u00e8ces tout aussi marquantes, rendez-vous sur notre <a href=\"https:\/\/www.vintage-cycle-shop.com\/de\/category\/tee-shirt-velo-homme\/seite\/2\/\">collection de tee-shirts v\u00e9lo pour homme \u2013 page 2<\/a>.<\/p>","protected":false},"excerpt":{"rendered":"<p>\ud83d\udc55 <strong>Premium-Qualit\u00e4t<\/strong> : Confectionn\u00e9 en coton doux et respirant pour un confort optimal. <br \/>\ud83d\udeb4\u200d\u2642\ufe0f <strong>Design unique<\/strong> : Un message audacieux pour les passionn\u00e9s de v\u00e9lo vintage. <br \/>\ud83d\udce6 <strong>Schnelle Lieferung<\/strong> : Exp\u00e9di\u00e9 sous 48h pour une r\u00e9ception express. <br \/>\ud83d\ude0a <strong>Zufriedenheit garantiert<\/strong> : Retour facile si vous changez d\u2019avis !<\/p>","protected":false},"featured_media":25572,"comment_status":"closed","ping_status":"closed","template":"","meta":[],"product_brand":[],"product_cat":[1768],"product_tag":[],"class_list":{"0":"post-25561","1":"product","2":"type-product","3":"status-publish","4":"has-post-thumbnail","6":"product_cat-tee-shirt-velo-homme","7":"pa_couleur-maillot-velo-blanc","8":"pa_couleur-maillot-velo-noir","9":"pa_couleur-maillot-velo-rouge","11":"first","12":"instock","13":"taxable","14":"shipping-taxable","15":"purchasable","16":"product-type-variable"},"jetpack_sharing_enabled":true,"_links":{"self":[{"href":"https:\/\/www.vintage-cycle-shop.com\/de\/wp-json\/wp\/v2\/product\/25561","targetHints":{"allow":["GET"]}}],"collection":[{"href":"https:\/\/www.vintage-cycle-shop.com\/de\/wp-json\/wp\/v2\/product"}],"about":[{"href":"https:\/\/www.vintage-cycle-shop.com\/de\/wp-json\/wp\/v2\/types\/product"}],"replies":[{"embeddable":true,"href":"https:\/\/www.vintage-cycle-shop.com\/de\/wp-json\/wp\/v2\/comments?post=25561"}],"version-history":[{"count":6,"href":"https:\/\/www.vintage-cycle-shop.com\/de\/wp-json\/wp\/v2\/product\/25561\/revisions"}],"predecessor-version":[{"id":29699,"href":"https:\/\/www.vintage-cycle-shop.com\/de\/wp-json\/wp\/v2\/product\/25561\/revisions\/29699"}],"wp:featuredmedia":[{"embeddable":true,"href":"https:\/\/www.vintage-cycle-shop.com\/de\/wp-json\/wp\/v2\/media\/25572"}],"wp:attachment":[{"href":"https:\/\/www.vintage-cycle-shop.com\/de\/wp-json\/wp\/v2\/media?parent=25561"}],"wp:term":[{"taxonomy":"product_brand","embeddable":true,"href":"https:\/\/www.vintage-cycle-shop.com\/de\/wp-json\/wp\/v2\/product_brand?post=25561"},{"taxonomy":"product_cat","embeddable":true,"href":"https:\/\/www.vintage-cycle-shop.com\/de\/wp-json\/wp\/v2\/product_cat?post=25561"},{"taxonomy":"product_tag","embeddable":true,"href":"https:\/\/www.vintage-cycle-shop.com\/de\/wp-json\/wp\/v2\/product_tag?post=25561"}],"curies":[{"name":"wp","href":"https:\/\/api.w.org\/{rel}","templated":true}]}}