{"id":25920,"date":"2025-07-31T14:21:02","date_gmt":"2025-07-31T14:21:02","guid":{"rendered":"https:\/\/www.vintage-cycle-shop.com\/?post_type=product&#038;p=25920"},"modified":"2026-01-05T12:24:12","modified_gmt":"2026-01-05T12:24:12","slug":"t-shirt-vintage-radfahrer-kurbel","status":"publish","type":"product","link":"https:\/\/www.vintage-cycle-shop.com\/de\/product\/t-shirt-vintage-cycliste-pedalier\/","title":{"rendered":"T-SHIRT VINTAGE RADFAHRER PEDALIER"},"content":{"rendered":"<h2>T-Shirt Vintage Radfahrer Tretkurbel \u2013 Die Eleganz des Enthusiasten<\/h2>\n<p>Zeigen Sie Ihre Liebe zum Radfahren stolz mit diesem <strong>T-Shirt Vintage<\/strong>, entworfen f\u00fcr echte Enthusiasten! Mit einem Design, das vom ikonischen Kurbelgetriebe klassischer Fahrr\u00e4der inspiriert ist, ist diese Kleidung sowohl modisch als auch zeitlos.<\/p>\n<h3>Ein authentisches und zeitloses Design<\/h3>\n<p>Dieses T-Shirt interpretiert das\u2019<strong>Vintage Radfahrer-\u00c4sthetik<\/strong> mit Finesse. Sein subtiles, aber wirkungsvolles Motiv feiert die wesentliche Mechanik des Fahrrads: das Tretlager. Ob Sie ein Fan von Fixies, Retro-Bikes oder langen Touren sind, dieses Kleidungsst\u00fcck wird der perfekte Begleiter f\u00fcr Ihren Stil sein.<\/p>\n<h3>Komfort und Qualit\u00e4t f\u00fcr den t\u00e4glichen Gebrauch<\/h3>\n<ul>\n<li>Gefertigt aus <strong>weiche und atmungsaktive Baumwolle<\/strong>, f\u00fcr optimalen Komfort zu jeder Jahreszeit.<\/li>\n<li>Taillierte, aber angenehme Passform, ideal f\u00fcr ein <strong>legere Kleidung<\/strong> oder eine sportliche Ausstrahlung.<\/li>\n<li>Erh\u00e4ltlich in verschiedenen Gr\u00f6\u00dfen, passend f\u00fcr jede Figur!<\/li>\n<\/ul>\n<h3>Das ideale Geschenk f\u00fcr Radsportfans<\/h3>\n<p>Egal ob f\u00fcr einen Radsport-Fan oder f\u00fcr Sie selbst, dieses T-Shirt ist ein <strong>Muss-haben<\/strong>. Schenken Sie ein Kleidungsst\u00fcck, das sowohl stilvoll als auch Ausdruck einer unersch\u00fctterlichen Leidenschaft ist.<\/p>\n<h3>W\u00e4hlen Sie die perfekte Gr\u00f6\u00dfe<\/h3>\n<p>Denken Sie daran, die Gr\u00f6\u00dfentabelle zu konsultieren, bevor Sie eine Bestellung aufgeben, um eine perfekte Passform zu gew\u00e4hrleisten.<\/p>\n<p><em>Versand innerhalb von 10 bis 15 Werktagen nach Bearbeitung Ihrer Bestellung.<\/em><\/p>\n\n\n<p>Dr\u00fccken Sie Ihre Leidenschaft f\u00fcr Fahrradmechanik mit diesem aus <a href=\"https:\/\/www.vintage-cycle-shop.com\/de\/product\/t-shirt-radsport-kette\/\">T-Shirt Fahrradkette Radfahrer-Modus<\/a>, ein stilvolles St\u00fcck, das eines der ikonischsten Symbole des Radsports zelebriert. Mit seiner schlichten und wirkungsvollen Grafik wird es Liebhaber von technisch und klar designten Objekten ansprechen. Um Ihre Sammlung mit weiteren Modellen aus der Welt des Radsports zu erg\u00e4nzen, durchst\u00f6bern Sie unsere <a href=\"https:\/\/www.vintage-cycle-shop.com\/de\/category\/tee-shirt-velo-homme\/\">Auswahl an Radsport-T-Shirts f\u00fcr Herren<\/a>.<\/p>","protected":false},"excerpt":{"rendered":"<p>\ud83d\udc55 <strong>Premium-Qualit\u00e4t<\/strong> Weicher und strapazierf\u00e4higer Stoff f\u00fcr maximalen Komfort. <br \/>\ud83d\udeb4 <strong>Vintage Design Einzigartig<\/strong> Inspiriert von Radfahrern vergangener Zeiten, f\u00fcr einen authentischen Stil.<br \/>\ud83d\udce6 <strong>Expresslieferung<\/strong> : Mit uns in nur kurzer Zeit bei Ihnen!<br \/>\u2705 <strong>Zufriedenheit garantiert<\/strong> Einfache R\u00fcckgabe, falls Sie Ihre Meinung \u00e4ndern.<\/p>","protected":false},"featured_media":25929,"comment_status":"closed","ping_status":"closed","template":"","meta":[],"product_brand":[],"product_cat":[1768],"product_tag":[],"class_list":{"0":"post-25920","1":"product","2":"type-product","3":"status-publish","4":"has-post-thumbnail","6":"product_cat-tee-shirt-velo-homme","7":"pa_couleur-maillot-velo-blanc","8":"pa_couleur-maillot-velo-noir","10":"first","11":"instock","12":"taxable","13":"shipping-taxable","14":"purchasable","15":"product-type-variable"},"jetpack_sharing_enabled":true,"_links":{"self":[{"href":"https:\/\/www.vintage-cycle-shop.com\/de\/wp-json\/wp\/v2\/product\/25920","targetHints":{"allow":["GET"]}}],"collection":[{"href":"https:\/\/www.vintage-cycle-shop.com\/de\/wp-json\/wp\/v2\/product"}],"about":[{"href":"https:\/\/www.vintage-cycle-shop.com\/de\/wp-json\/wp\/v2\/types\/product"}],"replies":[{"embeddable":true,"href":"https:\/\/www.vintage-cycle-shop.com\/de\/wp-json\/wp\/v2\/comments?post=25920"}],"version-history":[{"count":6,"href":"https:\/\/www.vintage-cycle-shop.com\/de\/wp-json\/wp\/v2\/product\/25920\/revisions"}],"predecessor-version":[{"id":29686,"href":"https:\/\/www.vintage-cycle-shop.com\/de\/wp-json\/wp\/v2\/product\/25920\/revisions\/29686"}],"wp:featuredmedia":[{"embeddable":true,"href":"https:\/\/www.vintage-cycle-shop.com\/de\/wp-json\/wp\/v2\/media\/25929"}],"wp:attachment":[{"href":"https:\/\/www.vintage-cycle-shop.com\/de\/wp-json\/wp\/v2\/media?parent=25920"}],"wp:term":[{"taxonomy":"product_brand","embeddable":true,"href":"https:\/\/www.vintage-cycle-shop.com\/de\/wp-json\/wp\/v2\/product_brand?post=25920"},{"taxonomy":"product_cat","embeddable":true,"href":"https:\/\/www.vintage-cycle-shop.com\/de\/wp-json\/wp\/v2\/product_cat?post=25920"},{"taxonomy":"product_tag","embeddable":true,"href":"https:\/\/www.vintage-cycle-shop.com\/de\/wp-json\/wp\/v2\/product_tag?post=25920"}],"curies":[{"name":"wp","href":"https:\/\/api.w.org\/{rel}","templated":true}]}}