{"id":26017,"date":"2025-07-31T14:21:28","date_gmt":"2025-07-31T14:21:28","guid":{"rendered":"https:\/\/www.vintage-cycle-shop.com\/?post_type=product&#038;p=26017"},"modified":"2026-01-05T11:34:52","modified_gmt":"2026-01-05T11:34:52","slug":"t-shirt-vintage-radfahrer-ich-fahre","status":"publish","type":"product","link":"https:\/\/www.vintage-cycle-shop.com\/de\/product\/t-shirt-vintage-cycliste-i-ride\/","title":{"rendered":"T-SHIRT VINTAGE FAHRRADFAHRER I RIDE"},"content":{"rendered":"<h2>T-Shirt Vintage Cycliste I RIDE \u2013 Zeigen Sie Ihre Leidenschaft mit Stil<\/h2>\n<p>F\u00fcr Fahrradliebhaber, die gerne stilvoll unterwegs sind, ist dieses Vintage-T-Shirt ein Muss! Der ikonische Schriftzug \u00abI RIDE THERE4 I AM\u00bb (Ich fahre also bin ich) bringt perfekt den Geist des passionierten Radfahrers zum Ausdruck.<\/p>\n<h3>Ein authentisches und zeitloses Design<\/h3>\n<p>Inspiriert von Retro-Looks aus der Welt des Radsports, besticht dieses T-Shirt durch einen klassischen Schnitt und einen raffinierten Aufdruck, der jeden Radsportfan begeistern wird. Ob f\u00fcr eine Ausfahrt mit Freunden oder einen entspannten Tag \u2013 es passt zu jeder Gelegenheit.<\/p>\n<h3>Komfort und Qualit\u00e4t sind vorhanden<\/h3>\n<ul>\n<li>Hergestellt aus weicher und atmungsaktiver Baumwolle f\u00fcr optimalen Tragekomfort.<\/li>\n<li>Verst\u00e4rkte N\u00e4hte sorgen f\u00fcr hervorragende Haltbarkeit.<\/li>\n<li>Erh\u00e4ltlich in verschiedenen Gr\u00f6\u00dfen f\u00fcr jede K\u00f6rperform.<\/li>\n<\/ul>\n<h3>Bevor Sie bestellen<\/h3>\n<p>Nehmen Sie sich einen Moment Zeit, um Ihre Gr\u00f6\u00dfe anhand der Ma\u00dftabelle zu \u00fcberpr\u00fcfen. Dieses T-Shirt hat eine schmale Passform, daher empfehlen wir Ihnen, es mit Ihrer Lieblingskleidung zu vergleichen, bevor Sie Ihren Kauf abschlie\u00dfen.<\/p>\n<p>Verleihen Sie Ihrer Garderobe einen Vintage-Touch und zeigen Sie Ihre Leidenschaft f\u00fcr das Radfahren im Alltag!<\/p>\n\n\n<p>Zeigen Sie Ihre Leidenschaft f\u00fcr das Radfahren mit Stil mit diesem <a href=\"https:\/\/www.vintage-cycle-shop.com\/de\/product\/t-shirt-mode-cycliste-vtt\/\">T-Shirt Mountainbike-Radfahren<\/a>, ein Muss f\u00fcr alle Mountainbike-Fans. Bequem, atmungsaktiv und im Vintage-Design, f\u00fcgt es sich perfekt in eine sportliche Garderobe ein und unterstreicht gleichzeitig Ihre Rider-Identit\u00e4t. Um weitere ebenso trendige Modelle zu entdecken, die f\u00fcr alle Fahrweisen geeignet sind, erkunden Sie unsere <a href=\"https:\/\/www.vintage-cycle-shop.com\/de\/category\/tee-shirt-velo-homme\/\">komplette Kollektion von Fahrrad-T-Shirts f\u00fcr Herren<\/a>.<\/p>","protected":false},"excerpt":{"rendered":"<p>\ud83d\udc55 <strong>Premium-Qualit\u00e4t<\/strong> Hergestellt aus weicher und strapazierf\u00e4higer Baumwolle f\u00fcr optimalen Tragekomfort. <br \/>\ud83d\udeb4\u200d\u2642\ufe0f <strong>Vintage Design<\/strong> Ein stylisches T-Shirt, um Ihre Leidenschaft f\u00fcr das Radfahren mit Stil zu zeigen. <br \/>\ud83d\udce6 <strong>Expresslieferung<\/strong> Schnell versendet, damit Sie stilvoll fahren k\u00f6nnen, ohne zu warten. <br \/>\ud83d\ude0d <strong>Zufriedenheit garantiert<\/strong> Unsere Kunden lieben es, Sie werden es auch \u00fcbernehmen!<\/p>","protected":false},"featured_media":26040,"comment_status":"closed","ping_status":"closed","template":"","meta":[],"product_brand":[],"product_cat":[1768],"product_tag":[],"class_list":{"0":"post-26017","1":"product","2":"type-product","3":"status-publish","4":"has-post-thumbnail","6":"product_cat-tee-shirt-velo-homme","7":"pa_couleur-maillot-velo-blanc","8":"pa_couleur-maillot-velo-noir","10":"first","11":"instock","12":"taxable","13":"shipping-taxable","14":"purchasable","15":"product-type-variable"},"jetpack_sharing_enabled":true,"_links":{"self":[{"href":"https:\/\/www.vintage-cycle-shop.com\/de\/wp-json\/wp\/v2\/product\/26017","targetHints":{"allow":["GET"]}}],"collection":[{"href":"https:\/\/www.vintage-cycle-shop.com\/de\/wp-json\/wp\/v2\/product"}],"about":[{"href":"https:\/\/www.vintage-cycle-shop.com\/de\/wp-json\/wp\/v2\/types\/product"}],"replies":[{"embeddable":true,"href":"https:\/\/www.vintage-cycle-shop.com\/de\/wp-json\/wp\/v2\/comments?post=26017"}],"version-history":[{"count":6,"href":"https:\/\/www.vintage-cycle-shop.com\/de\/wp-json\/wp\/v2\/product\/26017\/revisions"}],"predecessor-version":[{"id":29677,"href":"https:\/\/www.vintage-cycle-shop.com\/de\/wp-json\/wp\/v2\/product\/26017\/revisions\/29677"}],"wp:featuredmedia":[{"embeddable":true,"href":"https:\/\/www.vintage-cycle-shop.com\/de\/wp-json\/wp\/v2\/media\/26040"}],"wp:attachment":[{"href":"https:\/\/www.vintage-cycle-shop.com\/de\/wp-json\/wp\/v2\/media?parent=26017"}],"wp:term":[{"taxonomy":"product_brand","embeddable":true,"href":"https:\/\/www.vintage-cycle-shop.com\/de\/wp-json\/wp\/v2\/product_brand?post=26017"},{"taxonomy":"product_cat","embeddable":true,"href":"https:\/\/www.vintage-cycle-shop.com\/de\/wp-json\/wp\/v2\/product_cat?post=26017"},{"taxonomy":"product_tag","embeddable":true,"href":"https:\/\/www.vintage-cycle-shop.com\/de\/wp-json\/wp\/v2\/product_tag?post=26017"}],"curies":[{"name":"wp","href":"https:\/\/api.w.org\/{rel}","templated":true}]}}