{"id":26189,"date":"2025-07-31T14:22:09","date_gmt":"2025-07-31T14:22:09","guid":{"rendered":"https:\/\/www.vintage-cycle-shop.com\/?post_type=product&#038;p=26189"},"modified":"2025-12-29T13:14:03","modified_gmt":"2025-12-29T13:14:03","slug":"maillot-long-ete-vintage-mercatone-uno-jaune-noir-rouge","status":"publish","type":"product","link":"https:\/\/www.vintage-cycle-shop.com\/de\/product\/maillot-long-ete-vintage-mercatone-uno-jaune-noir-rouge\/","title":{"rendered":"Maillot Long Et\u00e9 Vintage MERCATONE UNO Jaune Noir Rouge"},"content":{"rendered":"<h2>Maillot Long \u00c9t\u00e9 Vintage MERCATONE UNO \u2013 Hommage \u00e0 une L\u00e9gende<\/h2>\n<p>Revivez l\u2019\u00e2ge d\u2019or du cyclisme avec ce <strong>maillot long \u00e9t\u00e9 vintage<\/strong> inspir\u00e9 de la c\u00e9l\u00e8bre \u00e9quipe MERCATONE UNO. Con\u00e7u pour les passionn\u00e9s et les nostalgiques des grandes courses, ce maillot rappelle les exploits l\u00e9gendaires du Pirate des routes.<\/p>\n<h3>Performance et confort pour vos sorties<\/h3>\n<ul>\n<li><strong>Coupe ergonomique<\/strong> : Ajust\u00e9e et pr\u00e8s du corps pour une meilleure a\u00e9rodynamique.<\/li>\n<li><strong>Mati\u00e8re respirante<\/strong> : Lycra et polyester pour un s\u00e9chage rapide et une \u00e9vacuation efficace de la transpiration.<\/li>\n<li><strong>3 poches arri\u00e8re<\/strong> : Pratique pour transporter vos essentiels durant vos sorties.<\/li>\n<\/ul>\n<h3>Un maillot id\u00e9al pour trois saisons<\/h3>\n<p>Con\u00e7u pour vous accompagner du printemps \u00e0 l\u2019automne, ce maillot long \u00e9t\u00e9 garantit un <strong>confort optimal<\/strong> en toutes circonstances. Gr\u00e2ce \u00e0 son tissu technique, il assure une protection efficace contre l\u2019humidit\u00e9 et \u00e9vite tout r\u00e9tr\u00e9cissement au lavage.<\/p>\n<h3>Choisissez votre taille avec pr\u00e9cision<\/h3>\n<p>Prenez un instant pour consulter le guide des tailles afin de trouver l\u2019ajustement parfait et profiter pleinement de votre maillot lors de chaque sortie.<\/p>\n<p><em>Voraussichtliche Lieferung zwischen 15 und 21 Werktagen nach Bearbeitung Ihrer Bestellung.<\/em><\/p>","protected":false},"excerpt":{"rendered":"<p>\ud83d\udeb4\u200d\u2642\ufe0f <strong>Premium-Qualit\u00e4t<\/strong> : Tissu respirant et l\u00e9ger pour un confort optimal.<br \/>\n\ud83d\udd34\ud83d\udfe1\u26ab <strong>Ikone des Designs<\/strong> : Replongez dans l\u2019histoire du cyclisme avec les couleurs l\u00e9gendaires de Mercatone Uno.<br \/>\n\ud83d\udce6 <strong>Expresslieferung<\/strong> : Exp\u00e9di\u00e9 rapidement, chez vous en un clin d\u2019\u0153il !<br \/>\n\u2705 <strong>Zufriedenheit garantiert<\/strong> : Un style r\u00e9tro, une coupe parfaite. Essayez sans risque !<\/p>","protected":false},"featured_media":26215,"comment_status":"closed","ping_status":"closed","template":"","meta":[],"product_brand":[],"product_cat":[197],"product_tag":[],"class_list":{"0":"post-26189","1":"product","2":"type-product","3":"status-publish","4":"has-post-thumbnail","6":"product_cat-maillots-cycliste-manches-longues","7":"pa_couleur-maillot-velo-jaune","8":"pa_couleur-maillot-velo-noir","9":"pa_couleur-maillot-velo-rouge","11":"first","12":"instock","13":"taxable","14":"shipping-taxable","15":"purchasable","16":"product-type-variable"},"jetpack_sharing_enabled":true,"_links":{"self":[{"href":"https:\/\/www.vintage-cycle-shop.com\/de\/wp-json\/wp\/v2\/product\/26189","targetHints":{"allow":["GET"]}}],"collection":[{"href":"https:\/\/www.vintage-cycle-shop.com\/de\/wp-json\/wp\/v2\/product"}],"about":[{"href":"https:\/\/www.vintage-cycle-shop.com\/de\/wp-json\/wp\/v2\/types\/product"}],"replies":[{"embeddable":true,"href":"https:\/\/www.vintage-cycle-shop.com\/de\/wp-json\/wp\/v2\/comments?post=26189"}],"version-history":[{"count":2,"href":"https:\/\/www.vintage-cycle-shop.com\/de\/wp-json\/wp\/v2\/product\/26189\/revisions"}],"predecessor-version":[{"id":27106,"href":"https:\/\/www.vintage-cycle-shop.com\/de\/wp-json\/wp\/v2\/product\/26189\/revisions\/27106"}],"wp:featuredmedia":[{"embeddable":true,"href":"https:\/\/www.vintage-cycle-shop.com\/de\/wp-json\/wp\/v2\/media\/26215"}],"wp:attachment":[{"href":"https:\/\/www.vintage-cycle-shop.com\/de\/wp-json\/wp\/v2\/media?parent=26189"}],"wp:term":[{"taxonomy":"product_brand","embeddable":true,"href":"https:\/\/www.vintage-cycle-shop.com\/de\/wp-json\/wp\/v2\/product_brand?post=26189"},{"taxonomy":"product_cat","embeddable":true,"href":"https:\/\/www.vintage-cycle-shop.com\/de\/wp-json\/wp\/v2\/product_cat?post=26189"},{"taxonomy":"product_tag","embeddable":true,"href":"https:\/\/www.vintage-cycle-shop.com\/de\/wp-json\/wp\/v2\/product_tag?post=26189"}],"curies":[{"name":"wp","href":"https:\/\/api.w.org\/{rel}","templated":true}]}}