{"id":1004,"date":"2020-10-09T13:39:05","date_gmt":"2020-10-09T13:39:05","guid":{"rendered":"http:\/\/shoptimizer.local\/?page_id=848"},"modified":"2025-03-04T15:18:27","modified_gmt":"2025-03-04T15:18:27","slug":"onze-geschiedenis","status":"publish","type":"page","link":"https:\/\/www.vintage-cycle-shop.com\/nl\/notre-histoire\/","title":{"rendered":"Over ons"},"content":{"rendered":"<div data-elementor-type=\"wp-post\" data-elementor-id=\"1004\" class=\"elementor elementor-1004\" data-elementor-post-type=\"page\">\n\t\t\t\t\t\t<section class=\"elementor-section elementor-top-section elementor-element elementor-element-28d7a9a8 elementor-section-stretched elementor-section-boxed elementor-section-height-default elementor-section-height-default\" data-id=\"28d7a9a8\" data-element_type=\"section\" data-e-type=\"section\" data-settings=\"{&quot;stretch_section&quot;:&quot;section-stretched&quot;,&quot;background_background&quot;:&quot;classic&quot;}\">\n\t\t\t\t\t\t<div class=\"elementor-container elementor-column-gap-no\">\n\t\t\t\t\t<div class=\"elementor-column elementor-col-100 elementor-top-column elementor-element elementor-element-585bfc6d\" data-id=\"585bfc6d\" data-element_type=\"column\" data-e-type=\"column\">\n\t\t\t<div class=\"elementor-widget-wrap elementor-element-populated\">\n\t\t\t\t\t\t<section class=\"elementor-section elementor-inner-section elementor-element elementor-element-35cbf0ea elementor-section-boxed elementor-section-height-default elementor-section-height-default\" data-id=\"35cbf0ea\" data-element_type=\"section\" data-e-type=\"section\">\n\t\t\t\t\t\t<div class=\"elementor-container elementor-column-gap-default\">\n\t\t\t\t\t<div class=\"elementor-column elementor-col-50 elementor-inner-column elementor-element elementor-element-26a1609a\" data-id=\"26a1609a\" data-element_type=\"column\" data-e-type=\"column\">\n\t\t\t<div class=\"elementor-widget-wrap elementor-element-populated\">\n\t\t\t\t\t\t<div class=\"elementor-element elementor-element-64a60170 elementor-invisible elementor-widget elementor-widget-heading\" data-id=\"64a60170\" data-element_type=\"widget\" data-e-type=\"widget\" data-settings=\"{&quot;_animation&quot;:&quot;fadeInUp&quot;}\" data-widget_type=\"heading.default\">\n\t\t\t\t<div class=\"elementor-widget-container\">\n\t\t\t\t\t<h1 class=\"elementor-heading-title elementor-size-default\">L'histoire de la Boutique <\/h1>\t\t\t\t<\/div>\n\t\t\t\t<\/div>\n\t\t\t\t<div class=\"elementor-element elementor-element-3a6d1332 elementor-invisible elementor-widget elementor-widget-heading\" data-id=\"3a6d1332\" data-element_type=\"widget\" data-e-type=\"widget\" data-settings=\"{&quot;_animation&quot;:&quot;fadeInDown&quot;}\" data-widget_type=\"heading.default\">\n\t\t\t\t<div class=\"elementor-widget-container\">\n\t\t\t\t\t<h2 class=\"elementor-heading-title elementor-size-default\">Quand le vintage rencontre la passion du v\u00e9lo \ud83d\udeb4\u200d\u2642\ufe0f\u2728\n<\/h2>\t\t\t\t<\/div>\n\t\t\t\t<\/div>\n\t\t\t\t\t<\/div>\n\t\t<\/div>\n\t\t\t\t<div class=\"elementor-column elementor-col-50 elementor-inner-column elementor-element elementor-element-bf6295e\" data-id=\"bf6295e\" data-element_type=\"column\" data-e-type=\"column\">\n\t\t\t<div class=\"elementor-widget-wrap\">\n\t\t\t\t\t\t\t<\/div>\n\t\t<\/div>\n\t\t\t\t\t<\/div>\n\t\t<\/section>\n\t\t\t\t\t<\/div>\n\t\t<\/div>\n\t\t\t\t\t<\/div>\n\t\t<\/section>\n\t\t\t\t<section class=\"elementor-section elementor-top-section elementor-element elementor-element-4c4e553 elementor-section-boxed elementor-section-height-default elementor-section-height-default\" data-id=\"4c4e553\" data-element_type=\"section\" data-e-type=\"section\">\n\t\t\t\t\t\t<div class=\"elementor-container elementor-column-gap-default\">\n\t\t\t\t\t<div class=\"elementor-column elementor-col-100 elementor-top-column elementor-element elementor-element-936fa23\" data-id=\"936fa23\" data-element_type=\"column\" data-e-type=\"column\">\n\t\t\t<div class=\"elementor-widget-wrap elementor-element-populated\">\n\t\t\t\t\t\t<div class=\"elementor-element elementor-element-508224d elementor-widget elementor-widget-text-editor\" data-id=\"508224d\" data-element_type=\"widget\" data-e-type=\"widget\" data-widget_type=\"text-editor.default\">\n\t\t\t\t<div class=\"elementor-widget-container\">\n\t\t\t\t\t\t\t\t\t<p data-start=\"91\" data-end=\"450\">Tout a commenc\u00e9 avec une vieille photo retrouv\u00e9e dans un grenier. Un clich\u00e9 en noir et blanc d\u2019un grand-p\u00e8re, casquette viss\u00e9e sur la t\u00eate, maillot en laine, chevauchant son fid\u00e8le v\u00e9lo sur les routes sinueuses de campagne. Ce n\u2019\u00e9tait pas seulement une image, mais un fragment d\u2019histoire, une \u00e9poque o\u00f9 le cyclisme \u00e9tait une aventure brute, un art de vivre.<\/p><p data-start=\"452\" data-end=\"711\">Fascin\u00e9s par cet h\u00e9ritage, nous avons voulu redonner vie \u00e0 cette \u00e9l\u00e9gance intemporelle et \u00e0 cet esprit authentique. Notre boutique est n\u00e9e de cette passion : proposer des accessoires et v\u00eatements de v\u00e9lo vintage qui allient style d\u2019antan et confort moderne.<\/p><p data-start=\"713\" data-end=\"1036\">Chaque produit que nous s\u00e9lectionnons raconte une histoire. Celle des pionniers du cyclisme, des longues \u00e9chapp\u00e9es sous le soleil, des v\u00e9lodromes o\u00f9 r\u00e9sonnaient les acclamations du public. Aujourd\u2019hui, nous offrons \u00e0 tous les amoureux de la petite reine la possibilit\u00e9 de rouler avec cette m\u00eame \u00e9l\u00e9gance, ce m\u00eame panache.<\/p><p data-start=\"1038\" data-end=\"1243\" data-is-last-node=\"\" data-is-only-node=\"\">Que vous soyez un cycliste urbain ou un passionn\u00e9 de belles montures r\u00e9tro, ici, vous trouverez bien plus que des v\u00eatements et accessoires : vous trouverez un h\u00e9ritage \u00e0 porter fi\u00e8rement sur la route. \ud83d\udeb4\ud83d\udca8<\/p>\t\t\t\t\t\t\t\t<\/div>\n\t\t\t\t<\/div>\n\t\t\t\t\t<\/div>\n\t\t<\/div>\n\t\t\t\t\t<\/div>\n\t\t<\/section>\n\t\t\t\t<section class=\"elementor-section elementor-top-section elementor-element elementor-element-3b7c019 elementor-section-boxed elementor-section-height-default elementor-section-height-default\" data-id=\"3b7c019\" data-element_type=\"section\" data-e-type=\"section\">\n\t\t\t\t\t\t<div class=\"elementor-container elementor-column-gap-default\">\n\t\t\t\t\t<div class=\"elementor-column elementor-col-100 elementor-top-column elementor-element elementor-element-65c7a05\" data-id=\"65c7a05\" data-element_type=\"column\" data-e-type=\"column\">\n\t\t\t<div class=\"elementor-widget-wrap elementor-element-populated\">\n\t\t\t\t\t\t<div class=\"elementor-element elementor-element-21a3c8d elementor-widget elementor-widget-google_maps\" data-id=\"21a3c8d\" data-element_type=\"widget\" data-e-type=\"widget\" data-widget_type=\"google_maps.default\">\n\t\t\t\t<div class=\"elementor-widget-container\">\n\t\t\t\t\t\t\t<div class=\"elementor-custom-embed\">\n\t\t\t<iframe loading=\"lazy\"\n\t\t\t\t\tsrc=\"https:\/\/maps.google.com\/maps?q=France&t=m&z=5&output=embed&iwloc=near\"\n\t\t\t\t\ttitle=\"Frankrijk\"\n\t\t\t\t\taria-label=\"Frankrijk\"\n\t\t\t><\/iframe>\n\t\t<\/div>\n\t\t\t\t\t\t<\/div>\n\t\t\t\t<\/div>\n\t\t\t\t\t<\/div>\n\t\t<\/div>\n\t\t\t\t\t<\/div>\n\t\t<\/section>\n\t\t\t\t<\/div>","protected":false},"excerpt":{"rendered":"<p>L\u2019histoire de la Boutique Quand le vintage rencontre la passion du v\u00e9lo \ud83d\udeb4\u200d\u2642\ufe0f\u2728 Tout a commenc\u00e9 avec une vieille photo retrouv\u00e9e dans un grenier. Un clich\u00e9 en noir et blanc d\u2019un grand-p\u00e8re, casquette viss\u00e9e sur la t\u00eate, maillot en laine, chevauchant son fid\u00e8le v\u00e9lo sur les routes sinueuses de campagne. Ce n\u2019\u00e9tait pas seulement une [&hellip;]<\/p>\n","protected":false},"author":1,"featured_media":0,"parent":0,"menu_order":0,"comment_status":"closed","ping_status":"closed","template":"template-fullwidth-no-heading.php","meta":{"footnotes":""},"class_list":["post-1004","page","type-page","status-publish","hentry"],"jetpack_sharing_enabled":true,"_links":{"self":[{"href":"https:\/\/www.vintage-cycle-shop.com\/nl\/wp-json\/wp\/v2\/pages\/1004","targetHints":{"allow":["GET"]}}],"collection":[{"href":"https:\/\/www.vintage-cycle-shop.com\/nl\/wp-json\/wp\/v2\/pages"}],"about":[{"href":"https:\/\/www.vintage-cycle-shop.com\/nl\/wp-json\/wp\/v2\/types\/page"}],"author":[{"embeddable":true,"href":"https:\/\/www.vintage-cycle-shop.com\/nl\/wp-json\/wp\/v2\/users\/1"}],"replies":[{"embeddable":true,"href":"https:\/\/www.vintage-cycle-shop.com\/nl\/wp-json\/wp\/v2\/comments?post=1004"}],"version-history":[{"count":74,"href":"https:\/\/www.vintage-cycle-shop.com\/nl\/wp-json\/wp\/v2\/pages\/1004\/revisions"}],"predecessor-version":[{"id":14970,"href":"https:\/\/www.vintage-cycle-shop.com\/nl\/wp-json\/wp\/v2\/pages\/1004\/revisions\/14970"}],"wp:attachment":[{"href":"https:\/\/www.vintage-cycle-shop.com\/nl\/wp-json\/wp\/v2\/media?parent=1004"}],"curies":[{"name":"wp","href":"https:\/\/api.w.org\/{rel}","templated":true}]}}