{"id":11,"date":"2023-04-04T18:25:07","date_gmt":"2023-04-04T18:25:07","guid":{"rendered":"https:\/\/www.vintage-cycle-shop.com\/?page_id=11"},"modified":"2025-03-24T09:56:31","modified_gmt":"2025-03-24T09:56:31","slug":"terugbetalingen-van-zendingen","status":"publish","type":"page","link":"https:\/\/www.vintage-cycle-shop.com\/nl\/expeditions-remboursements\/","title":{"rendered":"Verzending en retourneren"},"content":{"rendered":"<p>TERUGGAVEN<br><br>\u2014-<br><br>Onze polis duurt 14 dagen. <strong>Als er sinds je aankoop 14 dagen zijn verstreken, kunnen we je helaas geen geld teruggeven of ruilen.<\/strong><br><br>Om te profiteren van rendement, moet je <strong>item moet ongebruikt zijn <\/strong>en<strong> in dezelfde staat als waarin je het hebt ontvangen.<\/strong> Het moet ook in<strong> de originele verpakking.<\/strong> <br><br>Voor een retourzending moet je ons een kassabon of aankoopbewijs laten zien, <strong>het retourneren van artikelen is voor uw rekening<\/strong> \u00e0 l\u2019adresse : <br><br><br><br>Restituties (indien van toepassing)<br><strong>Zodra we het geretourneerde artikel hebben ontvangen en gecontroleerd,<\/strong> sturen we je een e-mail om te bevestigen dat we het hebben ontvangen. <strong>We zullen u ook informeren over onze beslissing om uw claim goed te keuren of af te wijzen.<\/strong><br>Als je verzoek wordt goedgekeurd, wordt je restitutie verwerkt en wordt het bedrag automatisch binnen een bepaald aantal dagen (ongeveer 5 dagen) teruggestort op je creditcard of oorspronkelijke betaalmethode.<br><br>Te late of ontbrekende terugbetalingen (indien van toepassing)<br>Als je je terugbetaling nog niet hebt ontvangen, controleer dan eerst je bankrekening opnieuw.<br>Neem dan contact op met de uitgever van je creditcard, want het kan even duren voordat je geld officieel wordt teruggestort.<br>Neem dan contact op met je bank. Er is vaak een verwerkingstijd voordat een terugbetaling wordt geboekt.<br>Si apr\u00e8s avoir effectu\u00e9 toutes ces \u00e9tapes, vous n\u2019avez toujours pas re\u00e7u votre remboursement, veuillez s\u2019il vous plait nous contacter \u00e0\u00a0contact@vintage-cycle-shop.com<\/p>\n\n\n\n<p><a href=\"https:\/\/www.vintage-cycle-shop.com.\"><br><\/a><strong>Aangeboden artikelen (indien van toepassing)<\/strong><br>Alleen normaal geprijsde artikelen kunnen worden terugbetaald. Gedoneerde artikelen kunnen helaas niet worden terugbetaald.<br><br><strong>\u00c9changes (le cas \u00e9ch\u00e9ant) sur une dur\u00e9e d\u2019un an<br><\/strong>Nous rempla\u00e7ons un article seulement s\u2019il est d\u00e9fectueux ou endommag\u00e9. Si dans ce cas vous souhaitez l\u2019\u00e9changer contre le m\u00eame article, envoyez-nous un e-mail \u00e0\u00a0contact@vintage-cycle-shop.com\u00a0et envoyez-nous votre article. Hors article Offert <br><br><strong>Verzending<\/strong><br>Om een product te retourneren, moet je het per post opsturen.<br><br><strong>Je bent zelf verantwoordelijk voor het betalen van de verzendkosten voor het retourneren van je artikel. Verzendkosten worden niet gerestitueerd. Als je een restitutie ontvangt, worden de verzendkosten in mindering gebracht op je restitutie.<br><\/strong><br>Afhankelijk van waar je woont, kan de tijd die nodig is om je omgeruilde product te ontvangen vari\u00ebren.<br><br>Als je een artikel met een waarde van meer dan \u20ac50 verstuurt, kun je overwegen een bezorgdienst te gebruiken waarmee je de zending kunt volgen of een bezorgverzekering af te sluiten. We garanderen niet dat we het artikel dat je retourneert ook ontvangen.<\/p>\n\n\n\n<p><\/p>\n\n\n\n<h3 class=\"wp-block-heading\">Restitutiebeleid<\/h3>\n\n\n\n<h4 class=\"wp-block-heading\">Niet-vervanging voor zoekgeraakte groene brief pakketten<\/h4>\n\n\n\n<p>Vintage Cycle Shop ne peut pas garantir le remplacement ou le remboursement des colis envoy\u00e9s par Lettre Verte en cas de perte. En raison des limitations inh\u00e9rentes \u00e0 ce service d\u2019exp\u00e9dition, qui ne propose ni suivi ni assurance, <strong>wij kunnen niet verantwoordelijk worden gehouden voor verloren of niet afgeleverde pakketten<\/strong>.<\/p>\n\n\n\n<p>We raden onze klanten sterk aan om te kiezen voor <strong>une option d\u2019exp\u00e9dition avec suivi  pour garantir une livraison s\u00e9curis\u00e9e de leurs commandes.<\/strong><\/p>","protected":false},"excerpt":{"rendered":"<p>RETOURS \u2014- Notre politique dure 14 jours. Si 14 jours se sont \u00e9coul\u00e9s depuis votre achat, nous ne pouvons malheureusement pas vous offrir un remboursement ou un \u00e9change. Pour pouvoir b\u00e9n\u00e9ficier d\u2019un retour, votre article doit \u00eatre inutilis\u00e9 et dans le m\u00eame \u00e9tat o\u00f9 vous l\u2019avez re\u00e7u. Il doit \u00eatre \u00e9galement dans l\u2019emballage d\u2019origine. Pour [&hellip;]<\/p>\n","protected":false},"author":1,"featured_media":0,"parent":0,"menu_order":0,"comment_status":"closed","ping_status":"closed","template":"","meta":{"footnotes":""},"class_list":["post-11","page","type-page","status-publish","hentry"],"jetpack_sharing_enabled":true,"_links":{"self":[{"href":"https:\/\/www.vintage-cycle-shop.com\/nl\/wp-json\/wp\/v2\/pages\/11","targetHints":{"allow":["GET"]}}],"collection":[{"href":"https:\/\/www.vintage-cycle-shop.com\/nl\/wp-json\/wp\/v2\/pages"}],"about":[{"href":"https:\/\/www.vintage-cycle-shop.com\/nl\/wp-json\/wp\/v2\/types\/page"}],"author":[{"embeddable":true,"href":"https:\/\/www.vintage-cycle-shop.com\/nl\/wp-json\/wp\/v2\/users\/1"}],"replies":[{"embeddable":true,"href":"https:\/\/www.vintage-cycle-shop.com\/nl\/wp-json\/wp\/v2\/comments?post=11"}],"version-history":[{"count":10,"href":"https:\/\/www.vintage-cycle-shop.com\/nl\/wp-json\/wp\/v2\/pages\/11\/revisions"}],"predecessor-version":[{"id":16091,"href":"https:\/\/www.vintage-cycle-shop.com\/nl\/wp-json\/wp\/v2\/pages\/11\/revisions\/16091"}],"wp:attachment":[{"href":"https:\/\/www.vintage-cycle-shop.com\/nl\/wp-json\/wp\/v2\/media?parent=11"}],"curies":[{"name":"wp","href":"https:\/\/api.w.org\/{rel}","templated":true}]}}