{"id":3,"date":"2023-03-28T14:27:16","date_gmt":"2023-03-28T14:27:16","guid":{"rendered":"https:\/\/www.vintage-cycle-shop.com\/?page_id=3"},"modified":"2025-03-03T15:13:45","modified_gmt":"2025-03-03T15:13:45","slug":"vertrouwelijkheid","status":"publish","type":"page","link":"https:\/\/www.vintage-cycle-shop.com\/nl\/confidentialite\/","title":{"rendered":"Privacybeleid"},"content":{"rendered":"<p>VERKLARING VAN VERTROUWELIJKHEID<\/p>\n\n\n\n<p>\u2014-<\/p>\n\n\n\n<p>ARTIKEL 1 - VERZAMELDE PERSOONLIJKE GEGEVENS<\/p>\n\n\n\n<p>Wanneer je een aankoop doet in onze winkel, als onderdeel van ons koop- en verkoopproces, verzamelen we de persoonlijke gegevens die je verstrekt, zoals je naam, adres en e-mailadres.<\/p>\n\n\n\n<p>Wanneer u in onze winkel surft, ontvangen we ook automatisch het Internet Protocol-adres (IP-adres) van uw computer, waardoor we meer details kunnen krijgen over de browser en het besturingssysteem dat u gebruikt.<\/p>\n\n\n\n<p>E-mailmarketing (indien van toepassing): Met jouw toestemming kunnen we je e-mails sturen over onze winkel, nieuwe producten en andere updates.<\/p>\n\n\n\n<p>ARTICLE 2 \u2013 CONSENTEMENT<\/p>\n\n\n\n<p>Hoe verkrijgt u mijn toestemming?<\/p>\n\n\n\n<p>Wanneer u ons uw persoonlijke gegevens verstrekt om een transactie te voltooien, uw creditcard te verifi\u00ebren, een bestelling te plaatsen, een levering te regelen of een aankoop te retourneren, gaan wij ervan uit dat u ermee instemt dat wij uw gegevens alleen voor dit doel verzamelen en gebruiken.<\/p>\n\n\n\n<p>Als we u om een andere reden vragen om ons uw persoonlijke gegevens te verstrekken, bijvoorbeeld voor marketingdoeleinden, zullen we u direct om uw uitdrukkelijke toestemming vragen of zullen we u de mogelijkheid geven om dit te weigeren.<\/p>\n\n\n\n<p>Hoe kan ik mijn toestemming intrekken?<\/p>\n\n\n\n<p>Si apr\u00e8s nous avoir donn\u00e9 votre consentement, vous changez d\u2019avis et ne consentez plus \u00e0 ce que nous puissions vous contacter, recueillir vos renseignements ou les divulguer, vous pouvez nous en aviser en nous contactant \u00e0 contact@vintage-cycle-shop.com<\/p>\n\n\n\n<p>ARTIKEL 3 - OPENBAARMAKING<\/p>\n\n\n\n<p>We kunnen uw persoonlijke gegevens bekendmaken als we daartoe wettelijk verplicht zijn of als u onze Verkoop- en gebruiksvoorwaarden schendt.<\/p>\n\n\n\n<p>ARTIKEL 4 - SHOPIFY<\/p>\n\n\n\n<p>Onze winkel wordt gehost op Shopify Inc. Zij voorzien ons van het online e-commerce platform waarmee we onze diensten en producten aan jou kunnen verkopen.<\/p>\n\n\n\n<p>Je gegevens worden opgeslagen in Shopify's dataopslagsysteem en databases en in Shopify's algemene applicatie. Je gegevens worden opgeslagen op een beveiligde server die wordt beschermd door een firewall.<\/p>\n\n\n\n<p>Betalingsgegevens:<\/p>\n\n\n\n<p>Als je je aankoop doet via een directe betalingsgateway, dan slaat Shopify je creditcardgegevens op. Deze informatie wordt gecodeerd in overeenstemming met de Payment Card Industry Data Security Standard (PCI-DSS). Je aankooptransactiegegevens worden bewaard zolang als nodig is om je bestelling af te ronden. Zodra uw bestelling is afgerond, wordt de informatie met betrekking tot de aankooptransactie verwijderd.<\/p>\n\n\n\n<p>Alle gateways voor directe betalingen voldoen aan de PCI-DSS standaard, beheerd door de PCI Security Standards Council, die het resultaat is van een gezamenlijke inspanning van bedrijven zoals Visa, MasterCard, American Express en Discover.<\/p>\n\n\n\n<p>De vereisten van de PCI-DSS-standaard garanderen de veilige verwerking van creditcardgegevens door onze winkel en zijn serviceproviders.<\/p>\n\n\n\n<p>Zie voor meer informatie de Shopify Gebruiksvoorwaarden hier of het Privacybeleid hier.<\/p>\n\n\n\n<p>ARTIKEL 5 - DIENSTEN GELEVERD DOOR DERDEN<\/p>\n\n\n\n<p>In het algemeen zullen de externe leveranciers die wij gebruiken uw informatie alleen verzamelen, gebruiken en openbaar maken voor zover dit nodig is om de diensten die zij aan ons leveren uit te voeren.<\/p>\n\n\n\n<p>Sommige externe serviceproviders, zoals betalingsgateways en andere verwerkers van betalingstransacties, hebben echter hun eigen privacybeleid met betrekking tot de informatie die wij aan hen moeten verstrekken voor uw aankooptransacties.<\/p>\n\n\n\n<p>Met betrekking tot deze leveranciers raden wij u aan hun privacybeleid zorgvuldig te lezen, zodat u begrijpt hoe zij omgaan met uw persoonlijke gegevens.<\/p>\n\n\n\n<p>Het is belangrijk om te onthouden dat sommige leveranciers gevestigd kunnen zijn, of faciliteiten kunnen hebben, in een ander rechtsgebied dan het uwe of het onze. Als u besluit door te gaan met een transactie waarvoor de diensten van een externe leverancier nodig zijn, kunnen uw gegevens vallen onder de wetten van het rechtsgebied waarin die leverancier is gevestigd of het rechtsgebied waarin zijn faciliteiten zich bevinden.<\/p>\n\n\n\n<p>Als u zich bijvoorbeeld in Canada bevindt en uw transactie wordt verwerkt door een betalingsgateway in de Verenigde Staten, kan de informatie die aan u toebehoort en die werd gebruikt om de transactie te voltooien, openbaar worden gemaakt onder Amerikaanse wetgeving, waaronder de Patriot Act.<\/p>\n\n\n\n<p>Zodra u onze winkelsite verlaat of wordt doorgestuurd naar een website of toepassing van een derde partij, valt u niet langer onder dit Privacybeleid of de Algemene Verkoop- en Gebruiksvoorwaarden van onze website.<\/p>\n\n\n\n<p>Links<\/p>\n\n\n\n<p>U kunt onze website verlaten door op bepaalde links op onze site te klikken. Wij aanvaarden geen verantwoordelijkheid voor het privacybeleid van deze andere sites en raden u aan hun privacybeleid zorgvuldig te lezen.<\/p>\n\n\n\n<p>ARTIKEL 6 - VEILIGHEID<\/p>\n\n\n\n<p>Om uw persoonlijke gegevens te beschermen, nemen we redelijke voorzorgsmaatregelen en volgen we de beste praktijken in de sector om ervoor te zorgen dat ze niet verloren gaan, verduisterd worden, toegankelijk zijn, openbaar gemaakt worden, gewijzigd of vernietigd worden op ongepaste wijze.<\/p>\n\n\n\n<p>Als u ons uw creditcardgegevens verstrekt, worden deze gecodeerd met Secure Socket Layer (SSL) en opgeslagen met AES-256 codering. Hoewel geen enkele methode van overdracht over het internet of methode van elektronische opslag 100% veilig is, volgen we alle vereisten van de PCI-DSS standaard en implementeren we aanvullende standaarden die algemeen erkend worden door de industrie.<br>COOKIES<\/p>\n\n\n\n<p>Hier is een lijst van de cookies die we gebruiken. We hebben ze hier vermeld zodat je kunt kiezen of je ze wel of niet wilt toestaan.<\/p>\n\n\n\n<p>session_id, een unieke sessie-identifier, stelt Shopify in staat om informatie over je sessie op te slaan (verwijzer, landingspagina, etc.).<\/p>\n\n\n\n<p>_shopify_visit, er worden geen gegevens bewaard, blijft 30 minuten bewaard sinds het laatste bezoek. Gebruikt door het interne statistiekvolgsysteem van onze websiteprovider om het aantal bezoeken te registreren.<\/p>\n\n\n\n<p>_shopify_uniq, geen gegevens bewaard, verloopt om middernacht (afhankelijk van de locatie van de bezoeker) de volgende dag. Berekent het aantal bezoeken aan een winkel per unieke klant.<\/p>\n\n\n\n<p>winkelwagen, unieke identificatiecode, blijft 2 weken bewaard, slaat informatie over uw winkelwagen op.<\/p>\n\n\n\n<p>_secure_session_id, unieke sessie-id<\/p>\n\n\n\n<p>storefront_digest, unieke identifier, ongedefinieerd als de winkel een wachtwoord heeft; het wordt gebruikt om uit te zoeken of de huidige bezoeker toegang heeft.<\/p>\n\n\n\n<p>ARTIKEL 7 - MEERDERJARIGHEID<\/p>\n\n\n\n<p>Door deze site te gebruiken, verklaart u dat u ten minste meerderjarig bent in de staat of provincie waar u woont en dat u ons toestemming hebt gegeven om een minderjarige onder uw hoede deze website te laten gebruiken.<\/p>\n\n\n\n<p>ARTIKEL 8 - WIJZIGINGEN IN DIT PRIVACYBELEID<\/p>\n\n\n\n<p>We behouden ons het recht voor om dit privacybeleid te allen tijde te wijzigen, dus controleer het regelmatig. Wijzigingen en verduidelijkingen worden onmiddellijk na publicatie op de website van kracht. Als we wijzigingen aanbrengen in de inhoud van dit beleid, zullen we u hier laten weten dat het is bijgewerkt, zodat u op de hoogte bent van welke informatie we verzamelen, hoe we deze gebruiken en onder welke omstandigheden we deze eventueel vrijgeven.<\/p>\n\n\n\n<p>Als onze winkel wordt overgenomen door of fuseert met een ander bedrijf, kunnen uw gegevens worden overgedragen aan de nieuwe eigenaren zodat we producten aan u kunnen blijven verkopen.<\/p>\n\n\n\n<p>VRAGEN EN CONTACTGEGEVENS<\/p>\n\n\n\n<p>Si vous souhaitez: acc\u00e9der \u00e0, corriger, modifier ou supprimer toute information personnelle que nous avons \u00e0 votre sujet, d\u00e9poser une plainte, ou si vous souhaitez simplement avoir plus d\u2019informations, contactez notre agent responsable des normes de confidentialit\u00e9 \u00e0\u00a0contact@vintage-cycle-shop.com<\/p>","protected":false},"excerpt":{"rendered":"<p>D\u00c9CLARATION DE CONFIDENTIALIT\u00c9 \u2014- ARTICLE 1 \u2013 RENSEIGNEMENTS PERSONNELS RECUEILLIS Lorsque vous effectuez un achat sur notre boutique, dans le cadre de notre processus d\u2019achat et de vente, nous recueillons les renseignements personnels que vous nous fournissez, tels que votre nom, votre adresse et votre adresse e-mail. Lorsque vous naviguez sur notre boutique, nous recevons [&hellip;]<\/p>\n","protected":false},"author":1,"featured_media":0,"parent":0,"menu_order":0,"comment_status":"closed","ping_status":"open","template":"","meta":{"footnotes":""},"class_list":["post-3","page","type-page","status-publish","hentry"],"jetpack_sharing_enabled":true,"_links":{"self":[{"href":"https:\/\/www.vintage-cycle-shop.com\/nl\/wp-json\/wp\/v2\/pages\/3","targetHints":{"allow":["GET"]}}],"collection":[{"href":"https:\/\/www.vintage-cycle-shop.com\/nl\/wp-json\/wp\/v2\/pages"}],"about":[{"href":"https:\/\/www.vintage-cycle-shop.com\/nl\/wp-json\/wp\/v2\/types\/page"}],"author":[{"embeddable":true,"href":"https:\/\/www.vintage-cycle-shop.com\/nl\/wp-json\/wp\/v2\/users\/1"}],"replies":[{"embeddable":true,"href":"https:\/\/www.vintage-cycle-shop.com\/nl\/wp-json\/wp\/v2\/comments?post=3"}],"version-history":[{"count":2,"href":"https:\/\/www.vintage-cycle-shop.com\/nl\/wp-json\/wp\/v2\/pages\/3\/revisions"}],"predecessor-version":[{"id":14953,"href":"https:\/\/www.vintage-cycle-shop.com\/nl\/wp-json\/wp\/v2\/pages\/3\/revisions\/14953"}],"wp:attachment":[{"href":"https:\/\/www.vintage-cycle-shop.com\/nl\/wp-json\/wp\/v2\/media?parent=3"}],"curies":[{"name":"wp","href":"https:\/\/api.w.org\/{rel}","templated":true}]}}