{"id":7343,"date":"2023-04-04T18:29:55","date_gmt":"2023-04-04T18:29:55","guid":{"rendered":"https:\/\/www.vintage-cycle-shop.com\/?page_id=7343"},"modified":"2025-03-03T15:17:56","modified_gmt":"2025-03-03T15:17:56","slug":"algemene-voorwaarden","status":"publish","type":"page","link":"https:\/\/www.vintage-cycle-shop.com\/nl\/conditions-generales\/","title":{"rendered":"Algemene verkoop- en gebruiksvoorwaarden"},"content":{"rendered":"<p>OVERZICHT<br><br>Ce site web est exploit\u00e9 par Vintage Cycle Shop Sur ce site, les termes \u00ab\u00a0nous\u00a0\u00bb, \u00ab\u00a0notre\u00a0\u00bb et \u00ab\u00a0nos\u00a0\u00bb font r\u00e9f\u00e9rence \u00e0 Vintage Cycle Shop<\/p>\n\n\n\n<p>\u00a0biedt deze website, met inbegrip van alle informatie, hulpmiddelen en diensten die hierop beschikbaar zijn, aan u, de gebruiker, onder voorbehoud van uw aanvaarding van alle hierin vermelde voorwaarden, bepalingen, beleidsregels en kennisgevingen.<br><br>En visitant ce site et\/ou en achetant un de nos produits, vous vous engagez dans notre \u00ab\u00a0Service\u00a0\u00bb et acceptez d\u2019\u00eatre li\u00e9 par les modalit\u00e9s suivantes (\u00ab\u00a0Conditions G\u00e9n\u00e9rales de Vente\u00a0\u00bb, \u00ab\u00a0Conditions G\u00e9n\u00e9rales de Vente et d\u2019Utilisation\u00a0\u00bb, \u00ab\u00a0Conditions\u00a0\u00bb), y compris les modalit\u00e9s, conditions et politiques additionnelles auxquelles il est fait r\u00e9f\u00e9rence ici et\/ou accessibles par hyperlien. Ces Conditions G\u00e9n\u00e9rales de Vente et d\u2019Utilisation s\u2019appliquent \u00e0 tous les utilisateurs de ce site, incluant mais ne se limitant pas, aux utilisateurs qui naviguent sur le site, qui sont des vendeurs, des clients, des marchands, et\/ou des contributeurs de contenu.<br><br>Lees deze Verkoop- en gebruiksvoorwaarden zorgvuldig door voordat u onze website opent of gebruikt. Door enig deel van deze site te bezoeken of te gebruiken, gaat u ermee akkoord gebonden te zijn aan deze Verkoop- en gebruiksvoorwaarden. Als u niet akkoord gaat met alle voorwaarden van deze overeenkomst, dan mag u de website niet bezoeken en geen gebruik maken van de diensten die op de website worden aangeboden. Indien deze Algemene Verkoop- en Gebruiksvoorwaarden als een aanbod worden beschouwd, is de aanvaarding uitdrukkelijk beperkt tot deze Algemene Verkoop- en Gebruiksvoorwaarden.<br><br>Alle nieuwe functies en tools die in de toekomst aan deze shop worden toegevoegd, vallen ook onder deze Algemene Verkoop- en Gebruiksvoorwaarden. Je kunt de meest recente versie van de Algemene Verkoop- en Gebruiksvoorwaarden op elk gewenst moment op deze pagina raadplegen. We behouden ons het recht voor om elk deel van deze Algemene Verkoop- en Gebruiksvoorwaarden bij te werken, te wijzigen of te vervangen door updates en\/of wijzigingen op onze website te plaatsen. Het is uw verantwoordelijkheid om deze pagina regelmatig te controleren op wijzigingen. Als je de website blijft gebruiken of bezoeken nadat er wijzigingen zijn gepubliceerd, betekent dit dat je deze wijzigingen accepteert.<br><br>Notre boutique est h\u00e9berg\u00e9e sur WordPress et chez l\u2019h\u00e9bergeur 02switch. Ils nous fournissent la plate-forme e-commerce qui nous permet de vous vendre nos produits et services.<br><br><br>ARTIKEL 1 - GEBRUIKSVOORWAARDEN VAN ONZE ONLINE SHOP<br><br>Door deze Algemene Verkoop- en Gebruiksvoorwaarden te accepteren, verklaart u dat u meerderjarig bent in het land, de staat of de provincie waar u woont, en dat u ons toestemming hebt gegeven om minderjarigen die van u afhankelijk zijn deze website te laten gebruiken.<br><br>Het gebruik van onze producten voor illegale of ongeoorloofde doeleinden is verboden, noch mag u tijdens het gebruik van de service de wetten van uw rechtsgebied schenden (inclusief maar niet beperkt tot auteursrechtwetten).<br><br>U mag geen wormen, virussen of andere code van destructieve aard verzenden.<br><br>Elke inbreuk op of schending van deze Algemene Verkoop- en Gebruiksvoorwaarden zal resulteren in de onmiddellijke be\u00ebindiging van uw Services.<br><br><br>ARTIKEL 2 - ALGEMENE VOORWAARDEN<br><br>We behouden ons het recht voor om op elk moment en om welke reden dan ook toegang tot de diensten te weigeren aan een persoon.<br><br>U begrijpt dat uw inhoud (met uitzondering van uw creditcardgegevens) op onversleutelde wijze kan worden overgedragen, en dit omvat (a) overdrachten via verschillende netwerken; en (b) wijzigingen om te voldoen aan en aan te passen aan technische vereisten voor verbindende netwerken of apparaten. Creditcardgegevens worden altijd versleuteld tijdens de overdracht via netwerken.<br><br>U gaat ermee akkoord geen enkel deel van de service of het gebruik van de service, of enige toegang tot de service of contact op de website via welke de service wordt geleverd, te reproduceren, dupliceren, kopi\u00ebren, verkopen, doorverkopen of exploiteren zonder onze uitdrukkelijke voorafgaande schriftelijke toestemming.<br><br>De kopjes die in deze overeenkomst worden gebruikt, zijn voor uw gemak opgenomen en beperken noch be\u00efnvloeden deze Voorwaarden.<br><br><br>ARTIKEL 3 - JUISTHEID, VOLLEDIGHEID EN ACTUALITEIT VAN INFORMATIE<br><br>Wij zijn niet verantwoordelijk als de informatie op deze site niet nauwkeurig, volledig of actueel is. De inhoud van deze site is uitsluitend bedoeld ter informatie en mag niet worden gebruikt als enige informatiebron voor het nemen van beslissingen zonder eerst meer nauwkeurige, volledige en actuele informatiebronnen te raadplegen. Als u besluit te vertrouwen op de inhoud van deze site, doet u dat op eigen risico.<br><br>Deze site kan bepaalde informatie uit het verleden bevatten. Deze eerdere informatie is van nature niet up-to-date en wordt alleen ter informatie aangeboden. Wij behouden ons het recht voor om de inhoud van deze site te allen tijde te wijzigen, maar wij zijn niet verplicht om de informatie op onze site bij te werken. U stemt ermee in dat het uw verantwoordelijkheid is om wijzigingen op onze site in de gaten te houden.<br><br><br>ARTIKEL 4 - WIJZIGINGEN VAN DE SERVICE EN PRIJZEN<br><br>De prijzen van onze producten kunnen zonder voorafgaande kennisgeving worden gewijzigd.<br><br>Wij behouden ons het recht voor om op elk moment de Service (of een deel of de inhoud van de Service) te wijzigen of stop te zetten zonder voorafgaande kennisgeving.<br><br>Wij zijn niet aansprakelijk jegens jou of derden voor prijswijzigingen, opschorting of stopzetting van de Service.<br><br><br>ARTIKEL 5 - PRODUCTEN OF DIENSTEN (indien van toepassing)<br><br>Bepaalde producten of diensten zijn mogelijk alleen online verkrijgbaar via onze website. Deze producten of diensten kunnen in beperkte hoeveelheden beschikbaar zijn en kunnen alleen worden geretourneerd of geruild in overeenstemming met ons retourbeleid.<br><br>We hebben ons best gedaan om de kleuren en afbeeldingen van onze producten op onze shop zo duidelijk mogelijk weer te geven. We kunnen niet garanderen dat uw computerscherm de kleuren nauwkeurig weergeeft.<br><br>We behouden ons het recht voor, maar zijn niet verplicht, om de verkoop van onze producten of diensten aan personen in een geografisch gebied of rechtsgebied te beperken. We kunnen dit recht van geval tot geval uitoefenen. We behouden ons het recht voor om de hoeveelheden van elk product of dienst die we aanbieden te beperken. Alle productbeschrijvingen en prijzen kunnen op elk moment zonder voorafgaande kennisgeving naar eigen goeddunken worden gewijzigd. We behouden ons het recht voor om op elk gewenst moment met een product te stoppen. Elk aanbod van diensten of producten op deze site is ongeldig waar dit wettelijk verboden is.<br><br>Wij garanderen niet dat de kwaliteit van alle producten, diensten, informatie of andere goederen die u verkrijgt of aanschaft aan uw verwachtingen zullen voldoen, of dat eventuele fouten in de Service zullen worden gecorrigeerd.<br><br><br>ARTIKEL 6 - NAUWKEURIGHEID VAN FACTURERINGS- EN ACCOUNTGEGEVENS<br><br>We behouden ons het recht voor om elke bestelling die je bij ons plaatst te weigeren. We kunnen naar eigen goeddunken de gekochte hoeveelheden per persoon, per huishouden of per bestelling beperken of annuleren. Dergelijke beperkingen kunnen ook gelden voor bestellingen die zijn geplaatst door of vanaf dezelfde klantaccount, dezelfde creditcard en\/of bestellingen die gebruikmaken van hetzelfde factuur- en\/of verzendadres. In het geval dat we een bestelling wijzigen of annuleren, kunnen we proberen u hiervan op de hoogte te stellen door contact met u op te nemen via het e-mailadres en\/of factuuradres\/telefoonnummer dat u bij het plaatsen van de bestelling hebt opgegeven. We behouden ons het recht voor om bestellingen te beperken of te verbieden die, naar ons eigen oordeel, afkomstig lijken te zijn van verkopers, wederverkopers of distributeurs.<br><br>Je stemt ermee in om actuele, volledige en nauwkeurige bestel- en accountgegevens te verstrekken voor alle bestellingen die via onze winkel worden geplaatst. Je stemt ermee in om je account en andere informatie, waaronder je e-mailadres, creditcardnummers en vervaldata, onmiddellijk bij te werken, zodat we je transacties kunnen voltooien en indien nodig contact met je kunnen opnemen.<br><br>Raadpleeg ons retourbeleid voor meer informatie.<br><br><br>ARTIKEL 7 - OPTIONEEL GEREEDSCHAP<br><br>Wij kunnen u toegang geven tot tools van derden waarover wij geen controle of invloed hebben.<br><br>Vous reconnaissez et acceptez le fait que nous fournissons l\u2019acc\u00e8s \u00e0 de tels outils \u00ab\u00a0tels quels\u00a0\u00bb et \u00ab\u00a0selon la disponibilit\u00e9\u00a0\u00bb, sans aucune garantie, repr\u00e9sentation ou condition d\u2019aucune sorte et sans aucune approbation. Nous n\u2019aurons aucune responsabilit\u00e9 l\u00e9gale r\u00e9sultant de ou li\u00e9e \u00e0 l\u2019utilisation de ces outils facultatifs de tiers.<br><br>Als u de optionele tools gebruikt die op de site worden aangeboden, doet u dit op eigen risico en discretie en dient u de voorwaarden te raadplegen waaronder deze tools door de betreffende externe leverancier(s) worden aangeboden.<br><br>We kunnen in de toekomst ook nieuwe diensten en\/of functies op onze site aanbieden (waaronder nieuwe tools en hulpmiddelen). Deze nieuwe functies en diensten vallen ook onder deze Algemene voorwaarden.<br><br><br>ARTIKEL 8 - LINKS VAN DERDEN<br><br>Bepaalde inhoud, producten en diensten die beschikbaar zijn via onze Service kunnen elementen van derden bevatten.<br><br>Links van derden op deze site kunnen u doorverwijzen naar websites van derden die niet aan ons gelieerd zijn. Wij zijn niet verantwoordelijk voor het onderzoeken of evalueren van de inhoud of nauwkeurigheid van dergelijke sites en wij geven geen garantie en aanvaarden geen enkele verantwoordelijkheid voor de inhoud, website, producten, diensten of andere items die toegankelijk zijn op of vanaf dergelijke sites van derden.<br><br>Wij zijn niet verantwoordelijk voor schade in verband met de aankoop of het gebruik van goederen, diensten, bronnen, inhoud of enige andere transactie die wordt uitgevoerd in verband met deze websites van derden. Lees het beleid en de praktijken van derden zorgvuldig door en zorg ervoor dat u deze begrijpt voordat u een transactie aangaat. Klachten, claims, zorgen of vragen over producten van derden moeten worden gericht aan de derde partij.<br><br><br>ARTIKEL 9 - OPMERKINGEN, SUGGESTIES EN ANDERE VOORSTELLEN VAN GEBRUIKERS<br><br>Si, \u00e0 notre demande, vous soumettez des contenus sp\u00e9cifiques (par exemple, pour participer \u00e0 des concours), ou si sans demande de notre part, vous envoyez des id\u00e9es cr\u00e9atives, des suggestions, des propositions, des plans ou d\u2019autres \u00e9l\u00e9ments, que ce soit en ligne, par e-mail, par courrier, ou autrement (collectivement, \u00ab\u00a0commentaires\u00a0\u00bb), vous nous accordez le droit, en tout temps, et sans restriction, d\u2019\u00e9diter, de copier, de publier, de distribuer, de traduire et d\u2019utiliser autrement et dans tout m\u00e9dia tout commentaire que vous nous envoyez. Nous ne sommes pas et ne devrons pas \u00eatre tenus (1) de maintenir la confidentialit\u00e9 des commentaires; (2) de payer une compensation \u00e0 quiconque pour tout commentaire fourni; (3) de r\u00e9pondre aux commentaires.<br><br>We kunnen, maar zijn niet verplicht om, inhoud te controleren, bewerken of verwijderen waarvan we naar eigen goeddunken menen dat deze onwettig, beledigend, bedreigend, beledigend, lasterlijk, pornografisch, obsceen of anderszins verwerpelijk is, of inbreuk maakt op intellectuele eigendomsrechten of deze Algemene voorwaarden.<br><br>U gaat ermee akkoord opmerkingen te schrijven die geen inbreuk maken op de rechten van derden, met inbegrip van auteursrechten, handelsmerken, privacy, publiciteit of andere persoonlijke of eigendomsrechten. U stemt er ook mee in dat uw opmerkingen geen onwettig, lasterlijk, smadelijk, aanstootgevend of obsceen materiaal zullen bevatten, noch een computervirus of andere kwaadaardige software die op enigerlei wijze de werking van de Service of een geassocieerde website zou kunnen be\u00efnvloeden. U mag geen vals e-mailadres gebruiken, u niet voordoen als iemand die u niet bent of ons en\/of derden proberen te misleiden wat betreft de herkomst van uw opmerkingen. U bent volledig verantwoordelijk voor alle opmerkingen die u plaatst en de nauwkeurigheid ervan. Wij nemen geen verantwoordelijkheid en aanvaarden geen aansprakelijkheid voor opmerkingen die door u of door derden zijn geplaatst.<br><br><br>ARTIKEL 10 - PERSOONLIJKE INFORMATIE<br><br>Het verstrekken van je persoonlijke gegevens op onze shop valt onder ons Privacybeleid. Klik hier om ons Privacybeleid te bekijken.<br><br><br>ARTIKEL 11 - FOUTEN, ONNAUWKEURIGHEDEN EN WEGLATINGEN<br><br>Van tijd tot tijd kan er informatie op onze site of in de Service staan die typografische fouten, onnauwkeurigheden of weglatingen kan bevatten die betrekking kunnen hebben op productbeschrijvingen, prijzen, promoties, aanbiedingen, verzendkosten van producten, levertijden en beschikbaarheid. Wij behouden ons het recht voor om eventuele fouten, onnauwkeurigheden en weglatingen te corrigeren en om informatie te wijzigen of bij te werken of bestellingen te annuleren indien informatie op de service of een gerelateerde website onnauwkeurig is, op elk gewenst moment en zonder voorafgaande kennisgeving (inclusief nadat u uw bestelling hebt geplaatst).<br><br>Wij zijn niet verplicht om informatie in de Service of op een gerelateerde website bij te werken, te wijzigen of te verduidelijken, met inbegrip van maar niet beperkt tot prijsinformatie, tenzij dit wettelijk verplicht is. Er mag niet worden vertrouwd op een gedefinieerde update- of vernieuwingsdatum op de Service of een verwante website om te concluderen dat de informatie op de Service of een verwante website is gewijzigd of bijgewerkt.<br><br><br><br>ARTIKEL 12 - VERBODEN GEBRUIK<br><br>Naast de verbodsbepalingen in de Algemene verkoop- en gebruiksvoorwaarden is het verboden om de site of de inhoud ervan te gebruiken (a) voor illegale doeleinden; (b) anderen aan te zetten tot het uitvoeren van of deelnemen aan illegale handelingen; (c) een regionale verordening of een internationale, federale, provinciale of staatswet, regel of verordening te overtreden; (d) inbreuk te maken op of inbreuk te maken op onze intellectuele eigendomsrechten of die van derden; (e) iemand lastig te vallen, te misbruiken, te beledigen, te kwetsen, te belasteren, te denigreren, te intimideren of te discrimineren op basis van geslacht, seksuele geaardheid, religie, etnische afkomst, ras, leeftijd, nationale afkomst of handicap; (f) onjuiste of misleidende informatie te verstrekken; (g) virussen of andere kwaadaardige codes uploaden of verzenden die gebruikt zullen of kunnen worden op een manier die de functionaliteit of werking van de Service of een verwante of niet-verwante website of het internet nadelig be\u00efnvloedt; (h) persoonlijke informatie van anderen verzamelen of traceren; (i) te spammen, te phishen, te kapen, informatie af te persen, te browsen, te zoeken of te scannen op het web (of enige andere bron); (j) voor obscene of immorele doeleinden; of (k) de veiligheidsmaatregelen van onze service, enige andere website of het internet te verstoren of te omzeilen. Wij behouden ons het recht voor om uw gebruik van de Service of een gerelateerde website te be\u00ebindigen wegens het schenden van het verboden gebruik.<br><br><br>ARTIKEL 13 - UITSLUITING VAN GARANTIES EN BEPERKING VAN AANSPRAKELIJKHEID<br><br>Wij geven geen garantie of verklaring dat uw gebruik van onze service ononderbroken, tijdig, veilig of foutloos zal zijn.<br><br>We garanderen niet dat de resultaten die kunnen worden verkregen door het gebruik van de Service nauwkeurig of betrouwbaar zullen zijn.<br><br>U gaat ermee akkoord dat wij van tijd tot tijd de Service voor onbepaalde tijd kunnen stopzetten of de Service op elk gewenst moment kunnen annuleren zonder u daarvan vooraf in kennis te stellen.<br><br>Vous convenez express\u00e9ment que votre utilisation du Service, ou votre incapacit\u00e9 \u00e0 utiliser celui-ci, est \u00e0 votre seul risque. Le Service ainsi que tous les produits et services qui vous sont fournis par le biais du Service sont (sauf mention expresse du contraire de notre part) fournis \u00ab\u00a0tels quels\u00a0\u00bb et \u00ab\u00a0selon la disponibilit\u00e9\u00a0\u00bb pour votre utilisation, et ce sans repr\u00e9sentation, sans garanties et sans conditions d\u2019aucune sorte, expresses ou implicites, y compris toutes les garanties implicites de commercialisation ou de qualit\u00e9 marchande, d\u2019adaptation \u00e0 un usage particulier, de durabilit\u00e9, de titre et d\u2019absence de contrefa\u00e7on.<br><br>Vintage Cycle Shop, nos directeurs, responsables, employ\u00e9s, soci\u00e9t\u00e9s affili\u00e9es, agents, contractants, stagiaires, fournisseurs, prestataires de services et conc\u00e9dants ne peuvent en aucun cas \u00eatre tenus responsables de toute blessure, perte, r\u00e9clamation, ou de dommages directs, indirects, accessoires, punitifs, sp\u00e9ciaux, ou dommages cons\u00e9cutifs de quelque nature qu\u2019ils soient, incluant mais ne se limitant pas \u00e0 la perte de profits, de revenus, d\u2019\u00e9conomies, de donn\u00e9es, aux co\u00fbts de remplacement ou tous dommages similaires, qu\u2019ils soient contractuels, d\u00e9lictuels (m\u00eame en cas de n\u00e9gligence), de responsabilit\u00e9 stricte ou autre, r\u00e9sultant de votre utilisation de tout service ou produit provenant de ce Service, ou quant \u00e0 toute autre r\u00e9clamation li\u00e9e de quelque mani\u00e8re que ce soit \u00e0 votre utilisation du Service ou de tout produit, incluant mais ne se limitant \u00e0 toute erreur ou omission dans tout contenu, ou \u00e0 toute perte ou tout dommage de toute sorte d\u00e9coulant de l\u2019utilisation du Service ou de tout contenu (ou produit) publi\u00e9, transmis, ou autrement rendu disponible par le biais du Service, m\u00eame si vous avez \u00e9t\u00e9 avertis de la possibilit\u00e9 qu\u2019ils surviennent. Parce que certains \u00c9tats ou certaines juridictions ne permettent pas d\u2019exclure ou de limiter la responsabilit\u00e9 quant aux dommages cons\u00e9cutifs ou accessoires, notre responsabilit\u00e9 sera limit\u00e9e dans la mesure maximale permise par la loi.<br><br><br><br>ARTIKEL 14 - SCHADEVERGOEDING<br><br>Vous acceptez d\u2019indemniser, de d\u00e9fendre et de prot\u00e9ger Vintage Cycle Shop notre soci\u00e9t\u00e9-m\u00e8re, nos filiales, soci\u00e9t\u00e9s affili\u00e9es, partenaires, responsables, directeurs, agents, contractants, conc\u00e9dants, prestataires de services, sous-traitants, fournisseurs, stagiaires et employ\u00e9s, quant \u00e0 toute r\u00e9clamation ou demande, incluant les honoraires raisonnables d\u2019avocat, faite par toute tierce partie \u00e0 cause de ou d\u00e9coulant de votre violation de ces Conditions G\u00e9n\u00e9rales de Vente et d\u2019Utilisation ou des documents auxquels ils font r\u00e9f\u00e9rence, ou de votre violation de toute loi ou des droits d\u2019un tiers.<br><br><br>ARTIKEL 15 - SCHEIDBAARHEID<br><br>Indien een bepaling van deze Algemene Verkoop- en Gebruiksvoorwaarden onwettig, nietig of niet-afdwingbaar wordt geacht, zal die bepaling niettemin worden afgedwongen voor zover de wet dit toestaat en zal het niet-afdwingbare gedeelte geacht worden te zijn afgescheiden van deze Algemene Verkoop- en Gebruiksvoorwaarden, waarbij een dergelijke afscheiding geen invloed heeft op de geldigheid en afdwingbaarheid van de overige bepalingen.<br><br><br>ARTIKEL 16 - BE\u00cbINDIGING<br><br>De verplichtingen en aansprakelijkheden die de partijen v\u00f3\u00f3r de be\u00ebindigingsdatum zijn aangegaan, blijven voor alle doeleinden na de be\u00ebindiging van deze Overeenkomst bestaan.<br><br>Deze Algemene voorwaarden zijn van kracht tenzij en totdat ze door u of anderszins worden be\u00ebindigd. U kunt deze Algemene Voorwaarden op elk moment be\u00ebindigen door ons te laten weten dat u niet langer gebruik wilt maken van onze Services, of wanneer u onze site niet langer gebruikt.<br><br>Als we naar eigen goeddunken vaststellen dat u niet succesvol bent, of als we vermoeden dat u niet in staat bent geweest om aan de voorwaarden van deze Algemene voorwaarden te voldoen, kunnen we deze overeenkomst ook op elk moment be\u00ebindigen zonder kennisgeving aan u en blijft u aansprakelijk voor alle verschuldigde bedragen tot en met de datum van be\u00ebindiging, en\/of kunnen we u de toegang tot onze Services (of een deel daarvan) ontzeggen.<br><br><br>ARTIKEL 17 - GEHELE OVEREENKOMST<br><br>Indien wij enig recht of enige bepaling van deze Algemene Verkoop- en Gebruiksvoorwaarden niet uitoefenen of afdwingen, houdt dit niet in dat wij afstand doen van dit recht of deze bepaling.<br><br>Deze Algemene Voorwaarden of enig ander beleid of operationele regels door ons gepubliceerd op deze site of in verband met de Service vormen de volledige afspraak en overeenkomst tussen u en ons en zijn van toepassing op uw gebruik van de Service, en vervangen alle voorgaande of gelijktijdige communicatie, voorstellen en overeenkomsten, mondeling of schriftelijk, tussen u en ons (inclusief, maar niet beperkt tot, enige voorgaande versie van de Algemene Voorwaarden).<br><br>Dubbelzinnigheden in de interpretatie van deze Algemene Verkoop- en Gebruiksvoorwaarden zullen niet worden uitgelegd ten nadele van de partij die ze heeft opgesteld.<br><br><br>ARTIKEL 18 - TOEPASSELIJK RECHT<br><br>Deze Algemene voorwaarden en eventuele afzonderlijke overeenkomsten waarbij wij u Diensten verlenen, worden beheerst door en ge\u00efnterpreteerd in overeenstemming met de geldende wetten in .<br><br><br>ARTIKEL 19 - WIJZIGINGEN VAN DE ALGEMENE VERKOOP- EN GEBRUIKSVOORWAARDEN<br><br>U kunt de meest recente versie van de Algemene Verkoop- en Gebruiksvoorwaarden op elk gewenst moment op deze pagina raadplegen.<br><br>Wij behouden ons het recht voor om naar eigen goeddunken elk deel van deze Verkoop- en gebruiksvoorwaarden bij te werken, te wijzigen of te vervangen door updates en wijzigingen op onze site te plaatsen. Het is uw verantwoordelijkheid om onze site regelmatig te bezoeken om op wijzigingen te controleren. Als je onze site blijft gebruiken of bezoeken nadat er wijzigingen in deze algemene voorwaarden zijn gepubliceerd, betekent dit dat je deze wijzigingen aanvaardt.<br><br><br>ARTIKEL 20 - CONTACTGEGEVENS<br><br>Les questions concernant les Conditions G\u00e9n\u00e9rales de Vente et d\u2019Utilisation devraient nous \u00eatre envoy\u00e9es \u00e0 contact@vintage-cycle-shop.com<\/p>","protected":false},"excerpt":{"rendered":"<p>VUE D\u2019ENSEMBLE Ce site web est exploit\u00e9 par Vintage Cycle Shop Sur ce site, les termes \u00ab\u00a0nous\u00a0\u00bb, \u00ab\u00a0notre\u00a0\u00bb et \u00ab\u00a0nos\u00a0\u00bb font r\u00e9f\u00e9rence \u00e0 Vintage Cycle Shop \u00a0propose ce site web, y compris toutes les informations, tous les outils et tous les services qui y sont disponibles pour vous, l\u2019utilisateur, sous r\u00e9serve de votre acceptation de [&hellip;]<\/p>\n","protected":false},"author":1,"featured_media":0,"parent":0,"menu_order":0,"comment_status":"closed","ping_status":"closed","template":"","meta":{"footnotes":""},"class_list":["post-7343","page","type-page","status-publish","hentry"],"jetpack_sharing_enabled":true,"_links":{"self":[{"href":"https:\/\/www.vintage-cycle-shop.com\/nl\/wp-json\/wp\/v2\/pages\/7343","targetHints":{"allow":["GET"]}}],"collection":[{"href":"https:\/\/www.vintage-cycle-shop.com\/nl\/wp-json\/wp\/v2\/pages"}],"about":[{"href":"https:\/\/www.vintage-cycle-shop.com\/nl\/wp-json\/wp\/v2\/types\/page"}],"author":[{"embeddable":true,"href":"https:\/\/www.vintage-cycle-shop.com\/nl\/wp-json\/wp\/v2\/users\/1"}],"replies":[{"embeddable":true,"href":"https:\/\/www.vintage-cycle-shop.com\/nl\/wp-json\/wp\/v2\/comments?post=7343"}],"version-history":[{"count":3,"href":"https:\/\/www.vintage-cycle-shop.com\/nl\/wp-json\/wp\/v2\/pages\/7343\/revisions"}],"predecessor-version":[{"id":14961,"href":"https:\/\/www.vintage-cycle-shop.com\/nl\/wp-json\/wp\/v2\/pages\/7343\/revisions\/14961"}],"wp:attachment":[{"href":"https:\/\/www.vintage-cycle-shop.com\/nl\/wp-json\/wp\/v2\/media?parent=7343"}],"curies":[{"name":"wp","href":"https:\/\/api.w.org\/{rel}","templated":true}]}}