{"id":7692,"date":"2023-05-03T16:03:27","date_gmt":"2023-05-03T16:03:27","guid":{"rendered":"https:\/\/www.vintage-cycle-shop.com\/?page_id=7692"},"modified":"2025-03-24T09:57:19","modified_gmt":"2025-03-24T09:57:19","slug":"juridische-informatie","status":"publish","type":"page","link":"https:\/\/www.vintage-cycle-shop.com\/nl\/mentions-legales\/","title":{"rendered":"Juridische informatie"},"content":{"rendered":"<div data-elementor-type=\"wp-page\" data-elementor-id=\"7692\" class=\"elementor elementor-7692\" data-elementor-post-type=\"page\">\n\t\t\t\t\t\t<section class=\"elementor-section elementor-top-section elementor-element elementor-element-e8d52e8 elementor-section-boxed elementor-section-height-default elementor-section-height-default\" data-id=\"e8d52e8\" data-element_type=\"section\" data-e-type=\"section\">\n\t\t\t\t\t\t<div class=\"elementor-container elementor-column-gap-default\">\n\t\t\t\t\t<div class=\"elementor-column elementor-col-100 elementor-top-column elementor-element elementor-element-2aa2231b\" data-id=\"2aa2231b\" data-element_type=\"column\" data-e-type=\"column\">\n\t\t\t<div class=\"elementor-widget-wrap elementor-element-populated\">\n\t\t\t\t\t\t<div class=\"elementor-element elementor-element-3c98d35 elementor-widget elementor-widget-text-editor\" data-id=\"3c98d35\" data-element_type=\"widget\" data-e-type=\"widget\" data-widget_type=\"text-editor.default\">\n\t\t\t\t<div class=\"elementor-widget-container\">\n\t\t\t\t\t\t\t\t\t<p><strong>Juridische informatie<\/strong><\/p>\n<p>\u00a0<\/p>\n<p>Host: Bedrijf: O2switch Adres: 222-224 Boulevard Gustave Flaubert, 63000 Clermont-Ferrand, Frankrijk Telefoon: +33 (0)4 44 44 60 40 Website: www.o2switch.fr<\/p>\n<p>Intellectueel eigendom: Alle elementen op deze site (tekst, afbeeldingen, video's, enz.) zijn het exclusieve eigendom van Auto entreprise J-F of hun respectievelijke eigenaars en worden beschermd door intellectuele eigendomswetten.<\/p>\n<p>Donn\u00e9es personnelles : Conform\u00e9ment \u00e0 la r\u00e9glementation en vigueur, notamment la loi \u00ab\u00a0Informatique et Libert\u00e9s\u00a0\u00bb du 6 janvier 1978 modifi\u00e9e et le R\u00e8glement G\u00e9n\u00e9ral sur la Protection des Donn\u00e9es (RGPD), vous disposez d\u2019un droit d\u2019acc\u00e8s, de rectification et de suppression des donn\u00e9es vous concernant. Pour exercer ce droit, veuillez nous contacter \u00e0 l\u2019adresse contact@vintage-cycle-shop.com<\/p>\n<p>Cookies : Ce site peut utiliser des cookies pour am\u00e9liorer l\u2019exp\u00e9rience de navigation. En naviguant sur ce site, vous consentez \u00e0 l\u2019utilisation de ces cookies.<\/p>\n<p>Laatste update: 12\/12\/2023\u00a0<\/p>\n<p><!-- \/wp:paragraph --><\/p>\t\t\t\t\t\t\t\t<\/div>\n\t\t\t\t<\/div>\n\t\t\t\t\t<\/div>\n\t\t<\/div>\n\t\t\t\t\t<\/div>\n\t\t<\/section>\n\t\t\t\t<\/div>","protected":false},"excerpt":{"rendered":"<p>Mentions l\u00e9gales \u00a0 H\u00e9bergeur : Soci\u00e9t\u00e9 : O2switch Adresse : 222-224 Boulevard Gustave Flaubert, 63000 Clermont-Ferrand, France T\u00e9l\u00e9phone : +33 (0)4 44 44 60 40 Site web : www.o2switch.fr Propri\u00e9t\u00e9 intellectuelle : Tous les \u00e9l\u00e9ments pr\u00e9sents sur ce site (textes, images, vid\u00e9os, etc.) sont la propri\u00e9t\u00e9 exclusive de Auto entreprise J-F ou de leurs d\u00e9tenteurs [&hellip;]<\/p>\n","protected":false},"author":1,"featured_media":0,"parent":0,"menu_order":0,"comment_status":"closed","ping_status":"closed","template":"","meta":{"footnotes":""},"class_list":["post-7692","page","type-page","status-publish","hentry"],"jetpack_sharing_enabled":true,"_links":{"self":[{"href":"https:\/\/www.vintage-cycle-shop.com\/nl\/wp-json\/wp\/v2\/pages\/7692","targetHints":{"allow":["GET"]}}],"collection":[{"href":"https:\/\/www.vintage-cycle-shop.com\/nl\/wp-json\/wp\/v2\/pages"}],"about":[{"href":"https:\/\/www.vintage-cycle-shop.com\/nl\/wp-json\/wp\/v2\/types\/page"}],"author":[{"embeddable":true,"href":"https:\/\/www.vintage-cycle-shop.com\/nl\/wp-json\/wp\/v2\/users\/1"}],"replies":[{"embeddable":true,"href":"https:\/\/www.vintage-cycle-shop.com\/nl\/wp-json\/wp\/v2\/comments?post=7692"}],"version-history":[{"count":27,"href":"https:\/\/www.vintage-cycle-shop.com\/nl\/wp-json\/wp\/v2\/pages\/7692\/revisions"}],"predecessor-version":[{"id":16094,"href":"https:\/\/www.vintage-cycle-shop.com\/nl\/wp-json\/wp\/v2\/pages\/7692\/revisions\/16094"}],"wp:attachment":[{"href":"https:\/\/www.vintage-cycle-shop.com\/nl\/wp-json\/wp\/v2\/media?parent=7692"}],"curies":[{"name":"wp","href":"https:\/\/api.w.org\/{rel}","templated":true}]}}