{"id":7695,"date":"2023-05-03T16:05:17","date_gmt":"2023-05-03T16:05:17","guid":{"rendered":"https:\/\/www.vintage-cycle-shop.com\/?page_id=7695"},"modified":"2025-03-04T15:29:49","modified_gmt":"2025-03-04T15:29:49","slug":"ambassadeur-worden-voor-ons-juwelenmerk","status":"publish","type":"page","link":"https:\/\/www.vintage-cycle-shop.com\/nl\/devenir-ambassadeur-de-notre-marque-de-bijoux\/","title":{"rendered":"Devenir Ambassadeur de la boutique !"},"content":{"rendered":"\t\t<div data-elementor-type=\"wp-page\" data-elementor-id=\"7695\" class=\"elementor elementor-7695\" data-elementor-post-type=\"page\">\n\t\t\t\t\t\t<section class=\"elementor-section elementor-top-section elementor-element elementor-element-c7a8a33 elementor-section-boxed elementor-section-height-default elementor-section-height-default\" data-id=\"c7a8a33\" data-element_type=\"section\" data-e-type=\"section\">\n\t\t\t\t\t\t<div class=\"elementor-container elementor-column-gap-default\">\n\t\t\t\t\t<div class=\"elementor-column elementor-col-50 elementor-top-column elementor-element elementor-element-fe93d52\" data-id=\"fe93d52\" data-element_type=\"column\" data-e-type=\"column\">\n\t\t\t<div class=\"elementor-widget-wrap elementor-element-populated\">\n\t\t\t\t\t\t<div class=\"elementor-element elementor-element-e10b254 elementor-widget elementor-widget-image\" data-id=\"e10b254\" data-element_type=\"widget\" data-e-type=\"widget\" data-widget_type=\"image.default\">\n\t\t\t\t<div class=\"elementor-widget-container\">\n\t\t\t\t\t\t\t\t\t\t\t\t\t\t\t<img fetchpriority=\"high\" decoding=\"async\" width=\"768\" height=\"512\" src=\"https:\/\/www.vintage-cycle-shop.com\/wp-content\/uploads\/2025\/03\/motion-blur-1281675_1280-768x512.jpg\" class=\"attachment-medium_large size-medium_large wp-image-14945\" alt=\"Vintage Cycle Shop Banni\u00e8re\" srcset=\"https:\/\/www.vintage-cycle-shop.com\/wp-content\/uploads\/2025\/03\/motion-blur-1281675_1280-768x512.jpg 768w, https:\/\/www.vintage-cycle-shop.com\/wp-content\/uploads\/2025\/03\/motion-blur-1281675_1280-300x200.jpg 300w, https:\/\/www.vintage-cycle-shop.com\/wp-content\/uploads\/2025\/03\/motion-blur-1281675_1280-1024x682.jpg 1024w, https:\/\/www.vintage-cycle-shop.com\/wp-content\/uploads\/2025\/03\/motion-blur-1281675_1280-990x660.jpg 990w, https:\/\/www.vintage-cycle-shop.com\/wp-content\/uploads\/2025\/03\/motion-blur-1281675_1280-441x294.jpg 441w, https:\/\/www.vintage-cycle-shop.com\/wp-content\/uploads\/2025\/03\/motion-blur-1281675_1280-800x533.jpg 800w, https:\/\/www.vintage-cycle-shop.com\/wp-content\/uploads\/2025\/03\/motion-blur-1281675_1280-150x100.jpg 150w, https:\/\/www.vintage-cycle-shop.com\/wp-content\/uploads\/2025\/03\/motion-blur-1281675_1280.jpg 1280w\" sizes=\"(max-width: 360px) 147px, (max-width: 768px) 100vw, 768px\" \/>\t\t\t\t\t\t\t\t\t\t\t\t\t\t\t<\/div>\n\t\t\t\t<\/div>\n\t\t\t\t\t<\/div>\n\t\t<\/div>\n\t\t\t\t<div class=\"elementor-column elementor-col-50 elementor-top-column elementor-element elementor-element-d005582\" data-id=\"d005582\" data-element_type=\"column\" data-e-type=\"column\">\n\t\t\t<div class=\"elementor-widget-wrap elementor-element-populated\">\n\t\t\t\t\t\t<div class=\"elementor-element elementor-element-4c0cb9e elementor-widget elementor-widget-text-editor\" data-id=\"4c0cb9e\" data-element_type=\"widget\" data-e-type=\"widget\" data-widget_type=\"text-editor.default\">\n\t\t\t\t<div class=\"elementor-widget-container\">\n\t\t\t\t\t\t\t\t\t<p data-start=\"93\" data-end=\"225\">Nous recherchons des passionn\u00e9s de cyclisme et de style r\u00e9tro pour repr\u00e9senter notre boutique d\u2019accessoires de v\u00e9lo vintage ! \ud83c\udfa9\ud83d\udeb2<\/p>\n<p data-start=\"227\" data-end=\"387\">Si vous \u00eates un(e) cycliste enthousiaste, cr\u00e9atif(ve) et aimez partager votre passion pour le v\u00e9lo et le style vintage, cette opportunit\u00e9 est faite pour vous.<\/p>\t\t\t\t\t\t\t\t<\/div>\n\t\t\t\t<\/div>\n\t\t\t\t\t<\/div>\n\t\t<\/div>\n\t\t\t\t\t<\/div>\n\t\t<\/section>\n\t\t\t\t<section class=\"elementor-section elementor-top-section elementor-element elementor-element-06d2c6d elementor-section-boxed elementor-section-height-default elementor-section-height-default\" data-id=\"06d2c6d\" data-element_type=\"section\" data-e-type=\"section\">\n\t\t\t\t\t\t<div class=\"elementor-container elementor-column-gap-default\">\n\t\t\t\t\t<div class=\"elementor-column elementor-col-100 elementor-top-column elementor-element elementor-element-5f4da5b\" data-id=\"5f4da5b\" data-element_type=\"column\" data-e-type=\"column\">\n\t\t\t<div class=\"elementor-widget-wrap elementor-element-populated\">\n\t\t\t\t\t\t<div class=\"elementor-element elementor-element-e7e743f elementor-widget elementor-widget-text-editor\" data-id=\"e7e743f\" data-element_type=\"widget\" data-e-type=\"widget\" data-widget_type=\"text-editor.default\">\n\t\t\t\t<div class=\"elementor-widget-container\">\n\t\t\t\t\t\t\t\t\t<h4 data-start=\"389\" data-end=\"422\"><strong data-start=\"394\" data-end=\"420\">Qui recherchons-nous ?<\/strong><\/h4>\n<ul data-start=\"423\" data-end=\"848\">\n<li data-start=\"423\" data-end=\"516\">Des personnes ayant un <strong data-start=\"448\" data-end=\"485\">compte Instagram ou TikTok public<\/strong> avec une communaut\u00e9 engag\u00e9e.<\/li>\n<li data-start=\"517\" data-end=\"610\">\u00c2g\u00e9es de <strong data-start=\"528\" data-end=\"546\">plus de 18 ans<\/strong> et \u00e0 l\u2019aise devant la cam\u00e9ra pour cr\u00e9er du contenu dynamique.<\/li>\n<li data-start=\"611\" data-end=\"742\">Capables de produire diff\u00e9rents types de contenus : <strong data-start=\"665\" data-end=\"740\">photos, vid\u00e9os, unboxing, t\u00e9moignages, mises en sc\u00e8ne de produits, etc.<\/strong><\/li>\n<li data-start=\"743\" data-end=\"848\">\u00c9quip\u00e9es d\u2019un <strong data-start=\"759\" data-end=\"790\">smartphone de bonne qualit\u00e9<\/strong> pour capturer des images et vid\u00e9os en haute r\u00e9solution.<\/li>\n<\/ul>\t\t\t\t\t\t\t\t<\/div>\n\t\t\t\t<\/div>\n\t\t\t\t\t<\/div>\n\t\t<\/div>\n\t\t\t\t\t<\/div>\n\t\t<\/section>\n\t\t\t\t<section class=\"elementor-section elementor-top-section elementor-element elementor-element-b6aeacf elementor-section-boxed elementor-section-height-default elementor-section-height-default\" data-id=\"b6aeacf\" data-element_type=\"section\" data-e-type=\"section\">\n\t\t\t\t\t\t<div class=\"elementor-container elementor-column-gap-default\">\n\t\t\t\t\t<div class=\"elementor-column elementor-col-100 elementor-top-column elementor-element elementor-element-220e5ee\" data-id=\"220e5ee\" data-element_type=\"column\" data-e-type=\"column\">\n\t\t\t<div class=\"elementor-widget-wrap elementor-element-populated\">\n\t\t\t\t\t\t<div class=\"elementor-element elementor-element-cfbd8a9 elementor-widget elementor-widget-text-editor\" data-id=\"cfbd8a9\" data-element_type=\"widget\" data-e-type=\"widget\" data-widget_type=\"text-editor.default\">\n\t\t\t\t<div class=\"elementor-widget-container\">\n\t\t\t\t\t\t\t\t\t<h4 data-start=\"850\" data-end=\"896\"><strong data-start=\"855\" data-end=\"894\">Pourquoi devenir ambassadeur(ice) ?<\/strong><\/h4><p data-start=\"897\" data-end=\"1278\">En rejoignant notre programme, vous b\u00e9n\u00e9ficierez de nombreux avantages :<br data-start=\"969\" data-end=\"972\">\u2705 <strong data-start=\"974\" data-end=\"992\">Acc\u00e8s exclusif<\/strong> \u00e0 nos nouveaut\u00e9s et collections en avant-premi\u00e8re.<br data-start=\"1043\" data-end=\"1046\">\u2705 <strong data-start=\"1048\" data-end=\"1079\">Offres sp\u00e9ciales et cadeaux<\/strong> r\u00e9serv\u00e9s \u00e0 nos ambassadeurs.<br data-start=\"1108\" data-end=\"1111\">\u2705 <strong data-start=\"1113\" data-end=\"1182\">Mise en avant sur nos r\u00e9seaux sociaux et notre boutique en ligne.<\/strong><br data-start=\"1182\" data-end=\"1185\">\u2705 <strong data-start=\"1187\" data-end=\"1219\">Une communaut\u00e9 de passionn\u00e9s<\/strong> avec qui partager votre amour du v\u00e9lo et du style r\u00e9tro.<\/p><p data-start=\"1280\" data-end=\"1429\">En \u00e9change, nous demandons \u00e0 nos ambassadeurs(ices) l\u2019autorisation d\u2019utiliser leurs contenus sur nos plateformes (r\u00e9seaux sociaux, site web, etc.).<\/p><p data-start=\"1431\" data-end=\"1614\" data-is-last-node=\"\" data-is-only-node=\"\">Si vous \u00eates pr\u00eat(e) \u00e0 p\u00e9daler aux couleurs de notre boutique et \u00e0 partager votre passion pour le vintage, contactez-nous d\u00e8s maintenant ! Nous avons h\u00e2te de collaborer avec vous. \ud83d\udeb4\u2728<\/p>\t\t\t\t\t\t\t\t<\/div>\n\t\t\t\t<\/div>\n\t\t\t\t\t<\/div>\n\t\t<\/div>\n\t\t\t\t\t<\/div>\n\t\t<\/section>\n\t\t\t\t<section class=\"elementor-section elementor-top-section elementor-element elementor-element-ec1122c elementor-section-boxed elementor-section-height-default elementor-section-height-default\" data-id=\"ec1122c\" data-element_type=\"section\" data-e-type=\"section\">\n\t\t\t\t\t\t<div class=\"elementor-container elementor-column-gap-default\">\n\t\t\t\t\t<div class=\"elementor-column elementor-col-100 elementor-top-column elementor-element elementor-element-2e32ee9\" data-id=\"2e32ee9\" data-element_type=\"column\" data-e-type=\"column\">\n\t\t\t<div class=\"elementor-widget-wrap elementor-element-populated\">\n\t\t\t\t\t\t<section class=\"elementor-section elementor-inner-section elementor-element elementor-element-a663465 elementor-section-boxed elementor-section-height-default elementor-section-height-default\" data-id=\"a663465\" data-element_type=\"section\" data-e-type=\"section\">\n\t\t\t\t\t\t<div class=\"elementor-container elementor-column-gap-default\">\n\t\t\t\t\t<div class=\"elementor-column elementor-col-100 elementor-inner-column elementor-element elementor-element-8e8afa8\" data-id=\"8e8afa8\" data-element_type=\"column\" data-e-type=\"column\">\n\t\t\t<div class=\"elementor-widget-wrap elementor-element-populated\">\n\t\t\t\t\t\t<div class=\"elementor-element elementor-element-fb7c581 elementor-widget elementor-widget-heading\" data-id=\"fb7c581\" data-element_type=\"widget\" data-e-type=\"widget\" data-widget_type=\"heading.default\">\n\t\t\t\t<div class=\"elementor-widget-container\">\n\t\t\t\t\t<h2 class=\"elementor-heading-title elementor-size-default\">Vous pouvez partager votre candidature ici : <\/h2>\t\t\t\t<\/div>\n\t\t\t\t<\/div>\n\t\t\t\t<div class=\"elementor-element elementor-element-ec7d28b elementor-widget elementor-widget-shortcode\" data-id=\"ec7d28b\" data-element_type=\"widget\" data-e-type=\"widget\" data-widget_type=\"shortcode.default\">\n\t\t\t\t<div class=\"elementor-widget-container\">\n\t\t\t\t\t\t\t<div class=\"elementor-shortcode\">\n<div class=\"wpcf7 no-js\" id=\"wpcf7-f7387-o1\" lang=\"fr-FR\" dir=\"ltr\" data-wpcf7-id=\"7387\">\n<div class=\"screen-reader-response\"><p role=\"status\" aria-live=\"polite\" aria-atomic=\"true\"><\/p> <ul><\/ul><\/div>\n<form action=\"\/nl\/wp-json\/wp\/v2\/pages\/7695#wpcf7-f7387-o1\" method=\"post\" class=\"wpcf7-form init\" aria-label=\"Formulaire de contact\" novalidate=\"novalidate\" data-status=\"init\">\n<fieldset class=\"hidden-fields-container\"><input type=\"hidden\" name=\"_wpcf7\" value=\"7387\" \/><input type=\"hidden\" name=\"_wpcf7_version\" value=\"6.1.5\" \/><input type=\"hidden\" name=\"_wpcf7_locale\" value=\"fr_FR\" \/><input type=\"hidden\" name=\"_wpcf7_unit_tag\" value=\"wpcf7-f7387-o1\" \/><input type=\"hidden\" name=\"_wpcf7_container_post\" value=\"0\" \/><input type=\"hidden\" name=\"_wpcf7_posted_data_hash\" value=\"\" \/>\n<\/fieldset>\n<p><label> Votre nom<br \/>\n<span class=\"wpcf7-form-control-wrap\" data-name=\"your-name\"><input size=\"40\" maxlength=\"400\" class=\"wpcf7-form-control wpcf7-text wpcf7-validates-as-required\" autocomplete=\"name\" aria-required=\"true\" aria-invalid=\"false\" value=\"\" type=\"text\" name=\"your-name\" \/><\/span> <\/label>\n<\/p>\n<p><label> Votre e-mail<br \/>\n<span class=\"wpcf7-form-control-wrap\" data-name=\"your-email\"><input size=\"40\" maxlength=\"400\" class=\"wpcf7-form-control wpcf7-email wpcf7-validates-as-required wpcf7-text wpcf7-validates-as-email\" autocomplete=\"email\" aria-required=\"true\" aria-invalid=\"false\" value=\"\" type=\"email\" name=\"your-email\" \/><\/span> <\/label>\n<\/p>\n<p><label> Objet<br \/>\n<span class=\"wpcf7-form-control-wrap\" data-name=\"your-subject\"><input size=\"40\" maxlength=\"400\" class=\"wpcf7-form-control wpcf7-text wpcf7-validates-as-required\" aria-required=\"true\" aria-invalid=\"false\" value=\"\" type=\"text\" name=\"your-subject\" \/><\/span> <\/label>\n<\/p>\n<p><label> Votre message (facultatif)<br \/>\n<span class=\"wpcf7-form-control-wrap\" data-name=\"your-message\"><textarea cols=\"40\" rows=\"10\" maxlength=\"2000\" class=\"wpcf7-form-control wpcf7-textarea\" aria-invalid=\"false\" name=\"your-message\"><\/textarea><\/span> <\/label>\n<\/p>\n<p><input class=\"wpcf7-form-control wpcf7-submit has-spinner\" type=\"submit\" value=\"Envoyer\" \/>\n<\/p><p style=\"display: none !important;\" class=\"akismet-fields-container\" data-prefix=\"_wpcf7_ak_\"><label>\u0394<textarea name=\"_wpcf7_ak_hp_textarea\" cols=\"45\" rows=\"8\" maxlength=\"100\"><\/textarea><\/label><input type=\"hidden\" id=\"ak_js_1\" name=\"_wpcf7_ak_js\" value=\"96\"\/><script type=\"text\/javascript\">\n\/* <![CDATA[ *\/\ndocument.getElementById( \"ak_js_1\" ).setAttribute( \"value\", ( new Date() ).getTime() );\n\/* ]]> *\/\n<\/script>\n<\/p><div class=\"wpcf7-response-output\" aria-hidden=\"true\"><\/div>\n<\/form>\n<\/div>\n<\/div>\n\t\t\t\t\t\t<\/div>\n\t\t\t\t<\/div>\n\t\t\t\t\t<\/div>\n\t\t<\/div>\n\t\t\t\t\t<\/div>\n\t\t<\/section>\n\t\t\t\t\t<\/div>\n\t\t<\/div>\n\t\t\t\t\t<\/div>\n\t\t<\/section>\n\t\t\t\t<\/div>\n\t\t","protected":false},"excerpt":{"rendered":"<p>Nous recherchons des passionn\u00e9s de cyclisme et de style r\u00e9tro pour repr\u00e9senter notre boutique d\u2019accessoires de v\u00e9lo vintage ! \ud83c\udfa9\ud83d\udeb2 Si vous \u00eates un(e) cycliste enthousiaste, cr\u00e9atif(ve) et aimez partager votre passion pour le v\u00e9lo et le style vintage, cette opportunit\u00e9 est faite pour vous. Qui recherchons-nous ? Des personnes ayant un compte Instagram ou [&hellip;]<\/p>\n","protected":false},"author":1,"featured_media":14945,"parent":0,"menu_order":0,"comment_status":"closed","ping_status":"closed","template":"","meta":{"footnotes":""},"class_list":["post-7695","page","type-page","status-publish","has-post-thumbnail","hentry"],"jetpack_sharing_enabled":true,"_links":{"self":[{"href":"https:\/\/www.vintage-cycle-shop.com\/nl\/wp-json\/wp\/v2\/pages\/7695","targetHints":{"allow":["GET"]}}],"collection":[{"href":"https:\/\/www.vintage-cycle-shop.com\/nl\/wp-json\/wp\/v2\/pages"}],"about":[{"href":"https:\/\/www.vintage-cycle-shop.com\/nl\/wp-json\/wp\/v2\/types\/page"}],"author":[{"embeddable":true,"href":"https:\/\/www.vintage-cycle-shop.com\/nl\/wp-json\/wp\/v2\/users\/1"}],"replies":[{"embeddable":true,"href":"https:\/\/www.vintage-cycle-shop.com\/nl\/wp-json\/wp\/v2\/comments?post=7695"}],"version-history":[{"count":7,"href":"https:\/\/www.vintage-cycle-shop.com\/nl\/wp-json\/wp\/v2\/pages\/7695\/revisions"}],"predecessor-version":[{"id":14976,"href":"https:\/\/www.vintage-cycle-shop.com\/nl\/wp-json\/wp\/v2\/pages\/7695\/revisions\/14976"}],"wp:featuredmedia":[{"embeddable":true,"href":"https:\/\/www.vintage-cycle-shop.com\/nl\/wp-json\/wp\/v2\/media\/14945"}],"wp:attachment":[{"href":"https:\/\/www.vintage-cycle-shop.com\/nl\/wp-json\/wp\/v2\/media?parent=7695"}],"curies":[{"name":"wp","href":"https:\/\/api.w.org\/{rel}","templated":true}]}}