{"id":15354,"date":"2025-03-12T08:18:45","date_gmt":"2025-03-12T08:18:45","guid":{"rendered":"https:\/\/www.vintage-cycle-shop.com\/?post_type=product&#038;p=15354"},"modified":"2026-01-09T09:09:18","modified_gmt":"2026-01-09T09:09:18","slug":"tenue-ete-vintage-gitane-campagnolo","status":"publish","type":"product","link":"https:\/\/www.vintage-cycle-shop.com\/nl\/product\/tenue-ete-vintage-gitane-campagnolo\/","title":{"rendered":"Tenue Et\u00e9 Vintage GITANE CAMPAGNOLO"},"content":{"rendered":"<div style=\"text-align: center;\"><em><strong>\ud83d\udeb4 Les l\u00e9gendes du cyclisme !<\/strong><\/em><\/div>\n<div style=\"text-align: center;\"><strong><em>Bernard Hinault \u00ab Le Blaireau \u00bb<\/em><\/strong><\/div>\n<div style=\"text-align: center;\"><strong><em>5 Tours de France, 3 Giro, 2 Vuelta, Champion du Monde et 9 classiques<\/em><\/strong><\/div>\n<div style=\"text-align: center;\"><\/div>\n<p style=\"text-align: center;\"><strong>Une apparence Vintage, pour une conception contemporaine\u2026<\/strong><\/p>\n<h2 style=\"text-decoration: underline;\">Maillot<\/h2>\n<ul>\n<li>\u2705 Coupe actuelle et ajust\u00e9e pour un a\u00e9rodynamisme optimal<\/li>\n<li>\u2705 S\u00e9chage rapide gr\u00e2ce au Lycra et polyester<\/li>\n<li>\u2705 Tissu respirant, anti-r\u00e9tr\u00e9cissement et anti-transpiration<\/li>\n<li>\u2705 3 poches arri\u00e8re pour un rangement pratique<\/li>\n<\/ul>\n<h2 style=\"text-decoration: underline;\">Cuissard HAUT DE GAMME en Nid d\u2019Abeille<\/h2>\n<ul>\n<li>\u2705 Silicone de haute qualit\u00e9 pour une parfaite adh\u00e9rence<\/li>\n<li>\u2705 Mousse triple densit\u00e9 pour un confort maximal et \u00e9viter les frottements<\/li>\n<li>\u2705 Protection sp\u00e9cialement con\u00e7ue pour l\u2019entrejambe et les zones sensibles<\/li>\n<\/ul>\n<div style=\"text-align: center;\"><\/div>\n<ul>\n<li>\u2705 Confort optimis\u00e9 pour limiter les chocs et points de pression<\/li>\n<li>\u2705 Traitement antibact\u00e9rien pour emp\u00eacher les mauvaises odeurs<\/li>\n<li>\u2705 Excellent maintien et compression id\u00e9ale<\/li>\n<li>\u2705 Mati\u00e8re extensible et respirante<\/li>\n<li>\u2705 Coutures plates pour un confort absolu<\/li>\n<li>\u2705 Bandes de silicone aux cuisses pour une grande libert\u00e9 de mouvement<\/li>\n<\/ul>\n<div style=\"text-align: center;\"><\/div>\n<p style=\"text-align: center;\"><em>\ud83d\udce6 Livraison sous 15 \u00e0 21 jours ouvr\u00e9s apr\u00e8s traitement de votre commande.<\/em><\/p>\n\n\n<p>Replongez dans l\u2019histoire du cyclisme fran\u00e7ais avec la <a href=\"https:\/\/www.vintage-cycle-shop.com\/nl\/product\/tenue-ete-vintage-sonolor-gitane\/\">tenue \u00e9t\u00e9 vintage Sonolor Gitane<\/a>, une r\u00e9\u00e9dition fid\u00e8le d\u2019un maillot embl\u00e9matique port\u00e9 par les coureurs des ann\u00e9es 60-70. Parfaite pour les journ\u00e9es chaudes, cette tenue offre un confort optimal tout en affirmant un style r\u00e9tro unique. Pour enrichir votre collection, parcourez notre <a href=\"https:\/\/www.vintage-cycle-shop.com\/nl\/categorie\/tenues-ete-2\/pagina\/5\/\">s\u00e9lection de tenues \u00e9t\u00e9 vintage<\/a> et retrouvez les designs l\u00e9gendaires qui ont fa\u00e7onn\u00e9 l\u2019identit\u00e9 du cyclisme.<\/p>","protected":false},"excerpt":{"rendered":"<p>\ud83d\udeb4\u200d\u2642\ufe0f <strong>Qualit\u00e9 Premium<\/strong> : Tissu respirant et r\u00e9sistant pour un confort optimal.<br \/>\ud83d\udd25 <strong>Design Vintage<\/strong> : Hommage aux l\u00e9gendaires \u00e9quipes Gitane &amp; Campagnolo. <br \/>\ud83d\udce6 <strong>Livraison Express<\/strong> : Exp\u00e9di\u00e9 rapidement pour une satisfaction imm\u00e9diate. <br \/>\u2705 <strong>Passion &amp; Style<\/strong> : L\u2019\u00e9l\u00e9gance r\u00e9tro pour les vrais amateurs de v\u00e9lo.<\/p>","protected":false},"featured_media":15361,"comment_status":"closed","ping_status":"closed","template":"","meta":[],"product_brand":[],"product_cat":[1098,258],"product_tag":[],"class_list":{"0":"post-15354","1":"product","2":"type-product","3":"status-publish","4":"has-post-thumbnail","6":"product_cat-tenue-velo-france","7":"product_cat-tenues-ete-2","8":"pa_couleur-maillot-velo-blanc","9":"pa_couleur-maillot-velo-bleu","10":"pa_couleur-maillot-velo-noir","11":"pa_couleur-maillot-velo-rouge","13":"first","14":"instock","15":"taxable","16":"shipping-taxable","17":"purchasable","18":"product-type-variable"},"jetpack_sharing_enabled":true,"_links":{"self":[{"href":"https:\/\/www.vintage-cycle-shop.com\/nl\/wp-json\/wp\/v2\/product\/15354","targetHints":{"allow":["GET"]}}],"collection":[{"href":"https:\/\/www.vintage-cycle-shop.com\/nl\/wp-json\/wp\/v2\/product"}],"about":[{"href":"https:\/\/www.vintage-cycle-shop.com\/nl\/wp-json\/wp\/v2\/types\/product"}],"replies":[{"embeddable":true,"href":"https:\/\/www.vintage-cycle-shop.com\/nl\/wp-json\/wp\/v2\/comments?post=15354"}],"version-history":[{"count":7,"href":"https:\/\/www.vintage-cycle-shop.com\/nl\/wp-json\/wp\/v2\/product\/15354\/revisions"}],"predecessor-version":[{"id":28930,"href":"https:\/\/www.vintage-cycle-shop.com\/nl\/wp-json\/wp\/v2\/product\/15354\/revisions\/28930"}],"wp:featuredmedia":[{"embeddable":true,"href":"https:\/\/www.vintage-cycle-shop.com\/nl\/wp-json\/wp\/v2\/media\/15361"}],"wp:attachment":[{"href":"https:\/\/www.vintage-cycle-shop.com\/nl\/wp-json\/wp\/v2\/media?parent=15354"}],"wp:term":[{"taxonomy":"product_brand","embeddable":true,"href":"https:\/\/www.vintage-cycle-shop.com\/nl\/wp-json\/wp\/v2\/product_brand?post=15354"},{"taxonomy":"product_cat","embeddable":true,"href":"https:\/\/www.vintage-cycle-shop.com\/nl\/wp-json\/wp\/v2\/product_cat?post=15354"},{"taxonomy":"product_tag","embeddable":true,"href":"https:\/\/www.vintage-cycle-shop.com\/nl\/wp-json\/wp\/v2\/product_tag?post=15354"}],"curies":[{"name":"wp","href":"https:\/\/api.w.org\/{rel}","templated":true}]}}