{"id":24889,"date":"2025-07-31T14:17:14","date_gmt":"2025-07-31T14:17:14","guid":{"rendered":"https:\/\/www.vintage-cycle-shop.com\/?post_type=product&#038;p=24889"},"modified":"2025-10-24T06:33:17","modified_gmt":"2025-10-24T06:33:17","slug":"cuissard-equipe-nationale-du-bresil","status":"publish","type":"product","link":"https:\/\/www.vintage-cycle-shop.com\/nl\/product\/cuissard-equipe-nationale-du-bresil\/","title":{"rendered":"Cuissard EQUIPE NATIONALE DU BRESIL"},"content":{"rendered":"<h2>Cuissard \u00c9quipe Nationale du Br\u00e9sil \u2013 Performance et Style Vintage<\/h2>\n<p>Affichez fi\u00e8rement les couleurs du Br\u00e9sil avec ce <strong>cuissard de cyclisme<\/strong> con\u00e7u pour associer le style r\u00e9tro et les avanc\u00e9es technologiques modernes. Id\u00e9al pour les longues sorties, il garantit un excellent confort tout en rendant hommage aux l\u00e9gendes du cyclisme.<\/p>\n<h3>Un cuissard haut de gamme pour cyclistes exigeants<\/h3>\n<p>Ce cuissard b\u00e9n\u00e9ficie d\u2019une conception en <strong>nid d\u2019abeille<\/strong>, assurant une grande respirabilit\u00e9 et une sensation de l\u00e9g\u00e8ret\u00e9. Gr\u00e2ce \u00e0 son tissu extensible et ses finitions soign\u00e9es, il offre une excellente compression musculaire pour une meilleure endurance.<\/p>\n<ul>\n<li>3 densit\u00e9s de mousse ergonomiques pour un maintien optimal et un confort longue dur\u00e9e<\/li>\n<li>Bandes de silicone aux cuisses pour un maintien parfait et un ajustement optimal<\/li>\n<li>Traitement antibact\u00e9rien int\u00e9gr\u00e9 pour \u00e9viter les mauvaises odeurs et assurer une hygi\u00e8ne impeccable<\/li>\n<\/ul>\n<h3>Protection et libert\u00e9 de mouvement<\/h3>\n<p>Con\u00e7u pour \u00e9pouser parfaitement votre morphologie, ce cuissard optimise votre p\u00e9dalage tout en prot\u00e9geant les zones sensibles. Les assiettes coutures offrent un confort in\u00e9gal\u00e9, r\u00e9duisant les points de pression ainsi que les frottements durant l\u2019effort.<\/p>\n<h3>Choisissez la taille id\u00e9ale<\/h3>\n<p>Pour un ajustement optimal, r\u00e9f\u00e9rez-vous au tableau des tailles avant de passer commande.<\/p>\n<p>\ud83d\ude9a <em>Livraison en 15 \u00e0 21 jours ouvr\u00e9s apr\u00e8s traitement de la commande.<\/em><\/p>\n<p>Pr\u00eat \u00e0 enfourcher votre v\u00e9lo avec style et confort ? Offrez-vous ce cuissard d\u00e8s maintenant !<\/p>","protected":false},"excerpt":{"rendered":"<p>\ud83c\udde7\ud83c\uddf7 <strong>Performance et confort<\/strong> : Con\u00e7u pour les cyclistes exigeants, avec une coupe ergonomique.<br \/>\n\ud83d\udeb4\u200d\u2642\ufe0f <strong>Design unique<\/strong> : Inspir\u00e9 de l&rsquo;\u00e9quipe nationale du Br\u00e9sil, style r\u00e9tro et authentique.<br \/>\n\ud83d\udee0 <strong>Premium kwaliteit<\/strong> : Tissu respirant, coutures renforc\u00e9es et excellente durabilit\u00e9.<br \/>\n\ud83d\ude80 <strong>Snelle levering<\/strong> : Commandez et recevez-le en un temps record !<\/p>","protected":false},"featured_media":24910,"comment_status":"closed","ping_status":"closed","template":"","meta":[],"product_brand":[],"product_cat":[200],"product_tag":[],"class_list":{"0":"post-24889","1":"product","2":"type-product","3":"status-publish","4":"has-post-thumbnail","6":"product_cat-cuissard","7":"pa_couleur-cuissard-velo-noir","9":"first","10":"instock","11":"taxable","12":"shipping-taxable","13":"purchasable","14":"product-type-variable"},"jetpack_sharing_enabled":true,"_links":{"self":[{"href":"https:\/\/www.vintage-cycle-shop.com\/nl\/wp-json\/wp\/v2\/product\/24889","targetHints":{"allow":["GET"]}}],"collection":[{"href":"https:\/\/www.vintage-cycle-shop.com\/nl\/wp-json\/wp\/v2\/product"}],"about":[{"href":"https:\/\/www.vintage-cycle-shop.com\/nl\/wp-json\/wp\/v2\/types\/product"}],"replies":[{"embeddable":true,"href":"https:\/\/www.vintage-cycle-shop.com\/nl\/wp-json\/wp\/v2\/comments?post=24889"}],"version-history":[{"count":2,"href":"https:\/\/www.vintage-cycle-shop.com\/nl\/wp-json\/wp\/v2\/product\/24889\/revisions"}],"predecessor-version":[{"id":29657,"href":"https:\/\/www.vintage-cycle-shop.com\/nl\/wp-json\/wp\/v2\/product\/24889\/revisions\/29657"}],"wp:featuredmedia":[{"embeddable":true,"href":"https:\/\/www.vintage-cycle-shop.com\/nl\/wp-json\/wp\/v2\/media\/24910"}],"wp:attachment":[{"href":"https:\/\/www.vintage-cycle-shop.com\/nl\/wp-json\/wp\/v2\/media?parent=24889"}],"wp:term":[{"taxonomy":"product_brand","embeddable":true,"href":"https:\/\/www.vintage-cycle-shop.com\/nl\/wp-json\/wp\/v2\/product_brand?post=24889"},{"taxonomy":"product_cat","embeddable":true,"href":"https:\/\/www.vintage-cycle-shop.com\/nl\/wp-json\/wp\/v2\/product_cat?post=24889"},{"taxonomy":"product_tag","embeddable":true,"href":"https:\/\/www.vintage-cycle-shop.com\/nl\/wp-json\/wp\/v2\/product_tag?post=24889"}],"curies":[{"name":"wp","href":"https:\/\/api.w.org\/{rel}","templated":true}]}}